{"id":141659,"date":"2023-05-25T12:21:38","date_gmt":"2023-05-25T12:21:38","guid":{"rendered":"https:\/\/www.delideli.zoner.dev\/tuote\/keltainen-tomaattipassata-luomu-425g\/"},"modified":"2026-05-04T16:13:44","modified_gmt":"2026-05-04T16:13:44","slug":"keltainen-tomaattipassata-luomu-425g","status":"publish","type":"product","link":"https:\/\/www.delideli.zoner.dev\/fin\/tuote\/keltainen-tomaattipassata-luomu-425g\/","title":{"rendered":"Keltainen tomaattipassata, luomu 425g"},"content":{"rendered":"<p>Kes\u00e4n parhaimpana hetken\u00e4 poimitaan k\u00e4sin Mariangela Prunotton keltaisessa tomaattipassatassa k\u00e4ytett\u00e4v\u00e4t luomutomaatit. Poiminnan j\u00e4lkeen ne vied\u00e4\u00e4n suoraan jalostettavaksi herkulliseksi tomaattipassataksi 48 tunnin kuluessa poimimisesta. Tomaattipassatan tomaatit eli paseeratut tomaatit kypsennet\u00e4\u00e4n ilman suolaa. Valmiiseen passataan ei my\u00f6sk\u00e4\u00e4n lis\u00e4t\u00e4 lainkaan sokeria, yrttej\u00e4 tai muita ainesosia. Pelk\u00e4t auringon kypsytt\u00e4m\u00e4t italialaiset luomutomaatit riitt\u00e4v\u00e4t.<\/p>\n<p>Tomaattipassata on valmis k\u00e4ytett\u00e4v\u00e4ksi heti sellaisenaan, esimerkiksi pastakastikkeena oliivi\u00f6ljyn kera. Voit k\u00e4ytt\u00e4\u00e4 passataa my\u00f6s mihin tahansa reseptiin tuoreen tomaatin sijaan. Lis\u00e4\u00e4m\u00e4ll\u00e4 siihen valkosipulia ja oliivi\u00f6ljy\u00e4 saat t\u00e4ydellisen ja kauniin v\u00e4risen tomaattikastikkeen niin pastalle, pizzalle kuin bruschetalle.<\/p>\n","protected":false},"excerpt":{"rendered":"<p>Italialaiset keltaiset tomaatit on jalostettu t\u00e4ss\u00e4 tomaattipassatassa herkulliseksi tomaattikastikkeeksi, jossa ei ole lainkaan suolaa. Resepti on perua italialaisilta iso\u00e4ideilt\u00e4, jotka s\u00e4il\u00f6iv\u00e4t tomaatit talvea varten parhaalla mahdollisella tavalla niiden aromien s\u00e4il\u00f6miseksi.<\/p>\n","protected":false},"featured_media":139989,"comment_status":"open","ping_status":"open","template":"","meta":{"_acf_changed":false},"product_brand":[645],"product_cat":[677,688,699,733,755,676,734,748],"product_tag":[174],"class_list":{"0":"post-141659","1":"product","2":"type-product","3":"status-publish","4":"has-post-thumbnail","6":"product_brand-mariangela-prunotto","7":"product_cat-ajankohtaisia","8":"product_cat-kastikkeet","9":"product_cat-luomutuotteet","10":"product_cat-pasta-italiana","11":"product_cat-pizza-ainekset","12":"product_cat-suolaiset","13":"product_cat-teemat","14":"product_cat-tomaatit-osasto","15":"product_tag-luomu","16":"product_shipping_class-shipping-discount","17":"pa_alkuperamaa-italia","18":"pa_ruokavalio-luomu","19":"pa_ruokavalio-vegaanituote","21":"first","22":"instock","23":"taxable","24":"shipping-taxable","25":"purchasable","26":"product-type-simple","swatches":"rey-swatches","show_selected":""},"acf":[],"_links":{"self":[{"href":"https:\/\/www.delideli.zoner.dev\/fin\/wp-json\/wp\/v2\/product\/141659","targetHints":{"allow":["GET"]}}],"collection":[{"href":"https:\/\/www.delideli.zoner.dev\/fin\/wp-json\/wp\/v2\/product"}],"about":[{"href":"https:\/\/www.delideli.zoner.dev\/fin\/wp-json\/wp\/v2\/types\/product"}],"replies":[{"embeddable":true,"href":"https:\/\/www.delideli.zoner.dev\/fin\/wp-json\/wp\/v2\/comments?post=141659"}],"version-history":[{"count":0,"href":"https:\/\/www.delideli.zoner.dev\/fin\/wp-json\/wp\/v2\/product\/141659\/revisions"}],"wp:featuredmedia":[{"embeddable":true,"href":"https:\/\/www.delideli.zoner.dev\/fin\/wp-json\/wp\/v2\/media\/139989"}],"wp:attachment":[{"href":"https:\/\/www.delideli.zoner.dev\/fin\/wp-json\/wp\/v2\/media?parent=141659"}],"wp:term":[{"taxonomy":"product_brand","embeddable":true,"href":"https:\/\/www.delideli.zoner.dev\/fin\/wp-json\/wp\/v2\/product_brand?post=141659"},{"taxonomy":"product_cat","embeddable":true,"href":"https:\/\/www.delideli.zoner.dev\/fin\/wp-json\/wp\/v2\/product_cat?post=141659"},{"taxonomy":"product_tag","embeddable":true,"href":"https:\/\/www.delideli.zoner.dev\/fin\/wp-json\/wp\/v2\/product_tag?post=141659"}],"curies":[{"name":"wp","href":"https:\/\/api.w.org\/{rel}","templated":true}]}}