{"id":141660,"date":"2023-05-25T12:40:37","date_gmt":"2023-05-25T12:40:37","guid":{"rendered":"https:\/\/www.delideli.zoner.dev\/tuote\/paprikat-extra-virgin-oliivioljyssa-300g\/"},"modified":"2026-05-04T16:13:44","modified_gmt":"2026-05-04T16:13:44","slug":"paprikat-extra-virgin-oliivioljyssa-300g","status":"publish","type":"product","link":"https:\/\/www.delideli.zoner.dev\/fin\/tuote\/paprikat-extra-virgin-oliivioljyssa-300g\/","title":{"rendered":"Paprikat extra virgin oliivi\u00f6ljyss\u00e4 300g"},"content":{"rendered":"<p>Italialaisen Mariangela Prunotton viljelysalueet ja tuotantotilat sijaitsevat Langhen alueella Albassa, joka on tunnettu maanviljelyksest\u00e4 ja viinitiloistaan. Mariangela Prunottolla on otettu k\u00e4ytt\u00f6\u00f6n jo vuosia sitten kest\u00e4v\u00e4\u00e4n luomuviljelyyn keskittyv\u00e4 viljelystapa, joka tuottaa laadukkaita ja ilman kemiallisia myrkkyj\u00e4 viljeltyj\u00e4 kasviksia.<\/p>\n<p>Lopulliset tuotteet valmistetaan tarkkaan valikoiduista kasviksista k\u00e4sity\u00f6n\u00e4 perinteisill\u00e4 resepteill\u00e4. Poimimisen j\u00e4lkeen kasvikset vied\u00e4\u00e4n nopeasti jatkojalostettavaksi, jotta niiden kaikki aromit ja koostumus s\u00e4ilyv\u00e4t valmiiseen tuotteeseen asti.<\/p>\n","protected":false},"excerpt":{"rendered":"<p>Mariangela Prunotton oliivi\u00f6ljyyn s\u00e4il\u00f6tyt paprikat s\u00e4il\u00f6v\u00e4t tuoreiden paprikoiden maut parhaimmillaan. Paprikat kypsennet\u00e4\u00e4n viinietikassa, mink\u00e4 j\u00e4lkeen ne purkitetaan k\u00e4sin ja purkit t\u00e4ytet\u00e4\u00e4n korkealaatuisella italialaisella extra virgin -oliivi\u00f6ljyll\u00e4. Paprikat on maustettu h\u00e4iv\u00e4hdyksell\u00e4 valkosipulia.<\/p>\n<p>Kokeile sellaisenaan antipastolajitelmassa, salaateissa, kastikkeissa tai esimerkiksi pizzassa.<\/p>\n","protected":false},"featured_media":139991,"comment_status":"open","ping_status":"open","template":"","meta":{"_acf_changed":false},"product_brand":[645],"product_cat":[676,701],"product_tag":[],"class_list":{"0":"post-141660","1":"product","2":"type-product","3":"status-publish","4":"has-post-thumbnail","6":"product_brand-mariangela-prunotto","7":"product_cat-suolaiset","8":"product_cat-vihannekset","9":"product_shipping_class-shipping-discount","10":"pa_alkuperamaa-italia","11":"pa_ruokavalio-vegaanituote","13":"first","14":"outofstock","15":"taxable","16":"shipping-taxable","17":"purchasable","18":"product-type-simple","swatches":"rey-swatches","show_selected":""},"acf":[],"_links":{"self":[{"href":"https:\/\/www.delideli.zoner.dev\/fin\/wp-json\/wp\/v2\/product\/141660","targetHints":{"allow":["GET"]}}],"collection":[{"href":"https:\/\/www.delideli.zoner.dev\/fin\/wp-json\/wp\/v2\/product"}],"about":[{"href":"https:\/\/www.delideli.zoner.dev\/fin\/wp-json\/wp\/v2\/types\/product"}],"replies":[{"embeddable":true,"href":"https:\/\/www.delideli.zoner.dev\/fin\/wp-json\/wp\/v2\/comments?post=141660"}],"version-history":[{"count":0,"href":"https:\/\/www.delideli.zoner.dev\/fin\/wp-json\/wp\/v2\/product\/141660\/revisions"}],"wp:featuredmedia":[{"embeddable":true,"href":"https:\/\/www.delideli.zoner.dev\/fin\/wp-json\/wp\/v2\/media\/139991"}],"wp:attachment":[{"href":"https:\/\/www.delideli.zoner.dev\/fin\/wp-json\/wp\/v2\/media?parent=141660"}],"wp:term":[{"taxonomy":"product_brand","embeddable":true,"href":"https:\/\/www.delideli.zoner.dev\/fin\/wp-json\/wp\/v2\/product_brand?post=141660"},{"taxonomy":"product_cat","embeddable":true,"href":"https:\/\/www.delideli.zoner.dev\/fin\/wp-json\/wp\/v2\/product_cat?post=141660"},{"taxonomy":"product_tag","embeddable":true,"href":"https:\/\/www.delideli.zoner.dev\/fin\/wp-json\/wp\/v2\/product_tag?post=141660"}],"curies":[{"name":"wp","href":"https:\/\/api.w.org\/{rel}","templated":true}]}}