{"id":141666,"date":"2023-05-30T14:11:45","date_gmt":"2023-05-30T14:11:45","guid":{"rendered":"https:\/\/www.delideli.zoner.dev\/tuote\/frantoio-dorazio-simone-lajikkeen-extra-virgin-oliivioljy-100ml\/"},"modified":"2026-05-04T16:13:49","modified_gmt":"2026-05-04T16:13:49","slug":"frantoio-dorazio-simone-lajikkeen-extra-virgin-oliivioljy-100ml","status":"publish","type":"product","link":"https:\/\/www.delideli.zoner.dev\/fin\/tuote\/frantoio-dorazio-simone-lajikkeen-extra-virgin-oliivioljy-100ml\/","title":{"rendered":"Frantoio D&#8217;Orazio Simone-lajikkeen extra virgin oliivi\u00f6ljy 100ml"},"content":{"rendered":"<p>Simone on Frantoio D&#8217;Orazion lippulaivatuote: 100\u202f% Simona-lajiketta, jota on viljelty yksinomaan Conversanon kukkuloilla Apuliassa yli 150 vuoden ajan. Simona on harvinainen paikallinen lajike, jota viljelij\u00e4t olivat l\u00e4hes hyl\u00e4nneet alhaisen saannon vuoksi \u2013 D&#8217;Orazio pelasti sen unohdukselta.<\/p>\n<p>Aromit: vihre\u00e4n hedelm\u00e4inen, nauriintoppasia ja vihreit\u00e4 tomaatteja henkiv\u00e4, eloisa ja monikerroksinen. Suussa tuntuu hyv\u00e4 tanniinisuus, kirpeys ja pitk\u00e4 mausteinen j\u00e4lki \u2013 tyypillinen maalaisen Apulian merkki.<\/p>\n<p>100\u202fml tyylik\u00e4s lasipullo on loistava lahja tai maistiainen oliivi\u00f6ljyn yst\u00e4ville. Sopii erityisen hyvin paahdettujen kasvisten, lihan ja t\u00e4ytel\u00e4isten keittojen viimeistelyyn.<\/p>\n","protected":false},"excerpt":{"rendered":"<p>Frantoio D&#8217;Orazio Simone on 100\u202f% Simona-lajikkeesta valmistettu extra neitsytoliivi\u00f6ljy Conversanosta, Apuliasta. Vihre\u00e4n hedelm\u00e4inen, nauriintoppasen ja vihertomatin vivahteet, eloisa monimuotoisuus ja pitk\u00e4 mausteinen j\u00e4lkimaku.<\/p>\n","protected":false},"featured_media":141667,"comment_status":"open","ping_status":"open","template":"","meta":{"_acf_changed":false},"product_brand":[657],"product_cat":[677,753,691,678],"product_tag":[],"class_list":{"0":"post-141666","1":"product","2":"type-product","3":"status-publish","4":"has-post-thumbnail","6":"product_brand-orazios","7":"product_cat-ajankohtaisia","8":"product_cat-my-healthy-oils","9":"product_cat-oliivioljyt","10":"product_cat-oljyt-etikat","11":"pa_alkuperamaa-italia","12":"pa_oliivioljy-mieto","14":"first","15":"instock","16":"taxable","17":"shipping-taxable","18":"purchasable","19":"product-type-simple","swatches":"rey-swatches","show_selected":""},"acf":[],"_links":{"self":[{"href":"https:\/\/www.delideli.zoner.dev\/fin\/wp-json\/wp\/v2\/product\/141666","targetHints":{"allow":["GET"]}}],"collection":[{"href":"https:\/\/www.delideli.zoner.dev\/fin\/wp-json\/wp\/v2\/product"}],"about":[{"href":"https:\/\/www.delideli.zoner.dev\/fin\/wp-json\/wp\/v2\/types\/product"}],"replies":[{"embeddable":true,"href":"https:\/\/www.delideli.zoner.dev\/fin\/wp-json\/wp\/v2\/comments?post=141666"}],"version-history":[{"count":0,"href":"https:\/\/www.delideli.zoner.dev\/fin\/wp-json\/wp\/v2\/product\/141666\/revisions"}],"wp:featuredmedia":[{"embeddable":true,"href":"https:\/\/www.delideli.zoner.dev\/fin\/wp-json\/wp\/v2\/media\/141667"}],"wp:attachment":[{"href":"https:\/\/www.delideli.zoner.dev\/fin\/wp-json\/wp\/v2\/media?parent=141666"}],"wp:term":[{"taxonomy":"product_brand","embeddable":true,"href":"https:\/\/www.delideli.zoner.dev\/fin\/wp-json\/wp\/v2\/product_brand?post=141666"},{"taxonomy":"product_cat","embeddable":true,"href":"https:\/\/www.delideli.zoner.dev\/fin\/wp-json\/wp\/v2\/product_cat?post=141666"},{"taxonomy":"product_tag","embeddable":true,"href":"https:\/\/www.delideli.zoner.dev\/fin\/wp-json\/wp\/v2\/product_tag?post=141666"}],"curies":[{"name":"wp","href":"https:\/\/api.w.org\/{rel}","templated":true}]}}