{"id":141668,"date":"2023-07-13T12:45:48","date_gmt":"2023-07-13T12:45:48","guid":{"rendered":"https:\/\/www.delideli.zoner.dev\/tuote\/dop-umbria-extra-virgin-oliivioljy-250ml\/"},"modified":"2026-05-04T16:13:50","modified_gmt":"2026-05-04T16:13:50","slug":"dop-umbria-extra-virgin-oliivioljy-250ml","status":"publish","type":"product","link":"https:\/\/www.delideli.zoner.dev\/fin\/tuote\/dop-umbria-extra-virgin-oliivioljy-250ml\/","title":{"rendered":"\u201cUnico\u201d Rossa- extra virgin -oliivi\u00f6ljy, D.O.P. Umbria,   Terre Francescane 250 ml"},"content":{"rendered":"<p>Terre Francescanen tarina juontaa juurensa jo 1600-luvulle. Vanhan oliivimyllyn kiveen tehdyn kaiverruksen mukaan Gradassin perhe aloitti oliivien viljelyn jo 1639, ja se on siirtynyt sukupolvien ajan aina sukupolvelta toiselle. Heid\u00e4n tavoitteenaan edelleen on valmistaa vain parhaimman laatuista oliivi\u00f6ljy\u00e4.<\/p>\n<p>Moraiolo-lajikkeen oliivit tunnetaan pienest\u00e4 koostaan huolimatta voimakkaasta ja hedelm\u00e4isest\u00e4 mausta. Ne sis\u00e4lt\u00e4v\u00e4t lis\u00e4ksi runsaasti antioksidantteja. Oliivit poimitaan k\u00e4sin ja puristetaan yhden p\u00e4iv\u00e4n sis\u00e4ll\u00e4 poiminnasta. <\/p>\n<p>Kokeile Rosso-oliivi\u00f6ljy\u00e4 grillatulla lihalla, sienill\u00e4 tai kasviksilla. Se sopii erityisesti my\u00f6s runsaisiin linssi- ja papukeittoihin.<\/p>\n","protected":false},"excerpt":{"rendered":"<p>Terre Francescanen Rossa- extra virgin -oliivi\u00f6ljy on Umbrian alueelle tyypillinen tuote, joka on suojattu D.O.P.-alkuper\u00e4merkinn\u00e4ll\u00e4. Se on valmistettu Umbrian kivisill\u00e4 rinteill\u00e4, Assisin ja Spoleton kaupungin ymp\u00e4rill\u00e4 kasvaneiden oliivipuiden oliiveista. \u00d6ljy sis\u00e4lt\u00e4\u00e4 60 % Moraiolo-lajiketta sek\u00e4 Frantoio ja Leccino-lajikkeita.<\/p>\n<p>Rosso-oliivi\u00f6ljyn maussa on Umbrian \u00f6ljyille tyypillist\u00e4 pist\u00e4vyytt\u00e4, mutta sit\u00e4 leikkaa Frantoio-lajikkeen makeus. T\u00e4m\u00e4 sopii erityisesti niille, jotka arvostavat \u00f6ljyss\u00e4 voimakasta makua hedelm\u00e4isyyden sijaan sek\u00e4 tomaatinlehtisi\u00e4 ja virheit\u00e4 aromeja.<\/p>\n","protected":false},"featured_media":139997,"comment_status":"open","ping_status":"open","template":"","meta":{"_acf_changed":false},"product_brand":[655],"product_cat":[677,753,691,678],"product_tag":[177],"class_list":{"0":"post-141668","1":"product","2":"type-product","3":"status-publish","4":"has-post-thumbnail","6":"product_brand-terre-francescane","7":"product_cat-ajankohtaisia","8":"product_cat-my-healthy-oils","9":"product_cat-oliivioljyt","10":"product_cat-oljyt-etikat","11":"product_tag-oliivioljy","12":"product_shipping_class-shipping-discount","13":"pa_alkuperamaa-italia","14":"pa_oliivioljy-keskivahva","16":"first","17":"instock","18":"taxable","19":"shipping-taxable","20":"purchasable","21":"product-type-simple","swatches":"rey-swatches","show_selected":""},"acf":[],"_links":{"self":[{"href":"https:\/\/www.delideli.zoner.dev\/fin\/wp-json\/wp\/v2\/product\/141668","targetHints":{"allow":["GET"]}}],"collection":[{"href":"https:\/\/www.delideli.zoner.dev\/fin\/wp-json\/wp\/v2\/product"}],"about":[{"href":"https:\/\/www.delideli.zoner.dev\/fin\/wp-json\/wp\/v2\/types\/product"}],"replies":[{"embeddable":true,"href":"https:\/\/www.delideli.zoner.dev\/fin\/wp-json\/wp\/v2\/comments?post=141668"}],"version-history":[{"count":0,"href":"https:\/\/www.delideli.zoner.dev\/fin\/wp-json\/wp\/v2\/product\/141668\/revisions"}],"wp:featuredmedia":[{"embeddable":true,"href":"https:\/\/www.delideli.zoner.dev\/fin\/wp-json\/wp\/v2\/media\/139997"}],"wp:attachment":[{"href":"https:\/\/www.delideli.zoner.dev\/fin\/wp-json\/wp\/v2\/media?parent=141668"}],"wp:term":[{"taxonomy":"product_brand","embeddable":true,"href":"https:\/\/www.delideli.zoner.dev\/fin\/wp-json\/wp\/v2\/product_brand?post=141668"},{"taxonomy":"product_cat","embeddable":true,"href":"https:\/\/www.delideli.zoner.dev\/fin\/wp-json\/wp\/v2\/product_cat?post=141668"},{"taxonomy":"product_tag","embeddable":true,"href":"https:\/\/www.delideli.zoner.dev\/fin\/wp-json\/wp\/v2\/product_tag?post=141668"}],"curies":[{"name":"wp","href":"https:\/\/api.w.org\/{rel}","templated":true}]}}