{"id":141669,"date":"2023-07-22T08:06:41","date_gmt":"2023-07-22T08:06:41","guid":{"rendered":"https:\/\/www.delideli.zoner.dev\/tuote\/italian-dressing-salaatinkastike-1-annos-12-ml\/"},"modified":"2026-05-04T16:13:51","modified_gmt":"2026-05-04T16:13:51","slug":"italian-dressing-salaatinkastike-1-annos-12-ml","status":"publish","type":"product","link":"https:\/\/www.delideli.zoner.dev\/fin\/tuote\/italian-dressing-salaatinkastike-1-annos-12-ml\/","title":{"rendered":"Italian dressing -salaatinkastike, Terre Francescane 12 ml"},"content":{"rendered":"<p>Terre Francescanen tarina juontaa juurensa jo 1600-luvulle. Vanhan oliivimyllyn kiveen tehdyn kaiverruksen mukaan Gradassin perhe aloitti oliivien viljelyn jo 1639, ja se on siirtynyt sukupolvien ajan aina sukupolvelta toiselle. Heid\u00e4n tavoitteenaan edelleen on valmistaa vain parhaimman laatuista oliivi\u00f6ljy\u00e4.<\/p>\n","protected":false},"excerpt":{"rendered":"<p>T\u00e4m\u00e4 yhden annoksen Italian dressing -salaatinkastike on t\u00e4ydellinen otettavaksi mukaan retkelle, piknikille tai ev\u00e4ssalaatin kanssa esimerkiksi ty\u00f6paikalle. Se sis\u00e4lt\u00e4\u00e4 70 % laadukasta extra virgin -oliivi\u00f6ljy\u00e4 sek\u00e4 30 % aitoa Modenan balsamicoa.<\/p>\n","protected":false},"featured_media":139999,"comment_status":"open","ping_status":"open","template":"","meta":{"_acf_changed":false},"product_brand":[655],"product_cat":[691,678],"product_tag":[],"class_list":{"0":"post-141669","1":"product","2":"type-product","3":"status-publish","4":"has-post-thumbnail","6":"product_brand-terre-francescane","7":"product_cat-oliivioljyt","8":"product_cat-oljyt-etikat","9":"pa_alkuperamaa-italia","11":"first","12":"instock","13":"taxable","14":"shipping-taxable","15":"purchasable","16":"product-type-simple","swatches":"rey-swatches","show_selected":""},"acf":[],"_links":{"self":[{"href":"https:\/\/www.delideli.zoner.dev\/fin\/wp-json\/wp\/v2\/product\/141669","targetHints":{"allow":["GET"]}}],"collection":[{"href":"https:\/\/www.delideli.zoner.dev\/fin\/wp-json\/wp\/v2\/product"}],"about":[{"href":"https:\/\/www.delideli.zoner.dev\/fin\/wp-json\/wp\/v2\/types\/product"}],"replies":[{"embeddable":true,"href":"https:\/\/www.delideli.zoner.dev\/fin\/wp-json\/wp\/v2\/comments?post=141669"}],"version-history":[{"count":0,"href":"https:\/\/www.delideli.zoner.dev\/fin\/wp-json\/wp\/v2\/product\/141669\/revisions"}],"wp:featuredmedia":[{"embeddable":true,"href":"https:\/\/www.delideli.zoner.dev\/fin\/wp-json\/wp\/v2\/media\/139999"}],"wp:attachment":[{"href":"https:\/\/www.delideli.zoner.dev\/fin\/wp-json\/wp\/v2\/media?parent=141669"}],"wp:term":[{"taxonomy":"product_brand","embeddable":true,"href":"https:\/\/www.delideli.zoner.dev\/fin\/wp-json\/wp\/v2\/product_brand?post=141669"},{"taxonomy":"product_cat","embeddable":true,"href":"https:\/\/www.delideli.zoner.dev\/fin\/wp-json\/wp\/v2\/product_cat?post=141669"},{"taxonomy":"product_tag","embeddable":true,"href":"https:\/\/www.delideli.zoner.dev\/fin\/wp-json\/wp\/v2\/product_tag?post=141669"}],"curies":[{"name":"wp","href":"https:\/\/api.w.org\/{rel}","templated":true}]}}