{"id":141690,"date":"2023-10-02T13:40:35","date_gmt":"2023-10-02T13:40:35","guid":{"rendered":"https:\/\/www.delideli.zoner.dev\/tuote\/suklaaosterit-105g\/"},"modified":"2026-05-04T16:14:10","modified_gmt":"2026-05-04T16:14:10","slug":"suklaaosterit-105g","status":"publish","type":"product","link":"https:\/\/www.delideli.zoner.dev\/fin\/tuote\/suklaaosterit-105g\/","title":{"rendered":"Suklaaosterit puukorissa 105 g"},"content":{"rendered":"<p>Chevalier d&#8217;Argouges on k\u00e4sintehtyjen laatusuklaiden valmistaja Normandian syd\u00e4nalueilta. Valmistajan suklaamestarit ovat todellisia k\u00e4sity\u00f6l\u00e4isi\u00e4, jotka ovat perineet ammattitaitonsa aiemmilta mestareilta.<br \/>\nChevalier d&#8217;Argouges\u2019in suklaat valmistetaan vain aidosta kaakaovoista ilman lis\u00e4ttyj\u00e4 kasvirasvoja. Suklaissa ei my\u00f6sk\u00e4\u00e4n k\u00e4ytet\u00e4 geenimanipuloituja (GMO) ainesosia tai palmu\u00f6ljy\u00e4. Valmistaja pyrkii k\u00e4ytt\u00e4m\u00e4\u00e4n vain ensiluokkaisia ja paikallisia raaka-aineita.<br \/>\nKaikki suklaatuotteet valmistetaan k\u00e4sin perinteisi\u00e4 reseptej\u00e4 ja valmistustapoja k\u00e4ytt\u00e4en. Tuloksena onkin unohtumattomia makuel\u00e4myksi\u00e4, joiden valmistus on my\u00f6s noudattanut eettisi\u00e4 periaatteita.<\/p>\n","protected":false},"excerpt":{"rendered":"<p>Ranskalaiset suklaaosterit saavat nimens\u00e4 ulkomuodostaan, joka muistuttaa aivan osteria. Chevalier d&#8217;Argouges\u2019in Reilun kaupan luomusuklaaostereiden sis\u00e4lt\u00e4 l\u00f6ytyy herkullinen hasselp\u00e4hkin\u00e4t\u00e4yte, ja ulkokuori on rapsahtavaa maitosuklaata. Suklaa sis\u00e4lt\u00e4\u00e4 33 % kaakaota. Osterit valmistetaan k\u00e4sity\u00f6n\u00e4 vain parhaista raaka-aineista.<\/p>\n","protected":false},"featured_media":141691,"comment_status":"open","ping_status":"open","template":"","meta":{"_acf_changed":false},"product_brand":[622],"product_cat":[680,708],"product_tag":[],"class_list":{"0":"post-141690","1":"product","2":"type-product","3":"status-publish","4":"has-post-thumbnail","6":"product_brand-chevalier-dargouges","7":"product_cat-makeat","8":"product_cat-suklaarasiat","9":"pa_alkuperamaa-ranska","11":"first","12":"instock","13":"featured","14":"taxable","15":"shipping-taxable","16":"purchasable","17":"product-type-simple","swatches":"rey-swatches","show_selected":""},"acf":[],"_links":{"self":[{"href":"https:\/\/www.delideli.zoner.dev\/fin\/wp-json\/wp\/v2\/product\/141690","targetHints":{"allow":["GET"]}}],"collection":[{"href":"https:\/\/www.delideli.zoner.dev\/fin\/wp-json\/wp\/v2\/product"}],"about":[{"href":"https:\/\/www.delideli.zoner.dev\/fin\/wp-json\/wp\/v2\/types\/product"}],"replies":[{"embeddable":true,"href":"https:\/\/www.delideli.zoner.dev\/fin\/wp-json\/wp\/v2\/comments?post=141690"}],"version-history":[{"count":0,"href":"https:\/\/www.delideli.zoner.dev\/fin\/wp-json\/wp\/v2\/product\/141690\/revisions"}],"wp:featuredmedia":[{"embeddable":true,"href":"https:\/\/www.delideli.zoner.dev\/fin\/wp-json\/wp\/v2\/media\/141691"}],"wp:attachment":[{"href":"https:\/\/www.delideli.zoner.dev\/fin\/wp-json\/wp\/v2\/media?parent=141690"}],"wp:term":[{"taxonomy":"product_brand","embeddable":true,"href":"https:\/\/www.delideli.zoner.dev\/fin\/wp-json\/wp\/v2\/product_brand?post=141690"},{"taxonomy":"product_cat","embeddable":true,"href":"https:\/\/www.delideli.zoner.dev\/fin\/wp-json\/wp\/v2\/product_cat?post=141690"},{"taxonomy":"product_tag","embeddable":true,"href":"https:\/\/www.delideli.zoner.dev\/fin\/wp-json\/wp\/v2\/product_tag?post=141690"}],"curies":[{"name":"wp","href":"https:\/\/api.w.org\/{rel}","templated":true}]}}