{"id":141693,"date":"2023-10-02T13:42:54","date_gmt":"2023-10-02T13:42:54","guid":{"rendered":"https:\/\/www.delideli.zoner.dev\/tuote\/pebeyre-kokonainen-tryffeli-1er-choix-12g\/"},"modified":"2026-05-04T16:14:12","modified_gmt":"2026-05-04T16:14:12","slug":"pebeyre-kokonainen-tryffeli-1er-choix-12g","status":"publish","type":"product","link":"https:\/\/www.delideli.zoner.dev\/fin\/tuote\/pebeyre-kokonainen-tryffeli-1er-choix-12g\/","title":{"rendered":"Kokonainen tryffeli, bross\u00e9es 1er choix, P\u00e9beyre 12,5 g"},"content":{"rendered":"<p>La Maison P\u00e9beyre on perheomisteinen, tryffeleihin erikoistunut valmistajatalo. Tryffeleihin liittynyt tietotaito on siirtynyt uusille sukupolville jo usean vuosikymmenen ajan, ja nykyisin P\u00e9beyre tunnetaan useista erilaisista, innovatiivisista ja perinteisist\u00e4 tryffelituotteistaan.<\/p>\n<p>Kokonaisten tryffeleiden yhteydess\u00e4 k\u00e4ytetty m\u00e4\u00e4ritelm\u00e4 \u201dbross\u00e9es 1er choix\u201d viittaa muodoltaan hieman ep\u00e4tasaisiin tryffeleihin. Tryffelit jaetaan aina joko tasaisen py\u00f6reisiin yksil\u00f6ihin tai hieman ep\u00e4tasaisiin. Kyseess\u00e4 on kuitenkin laadultaan ykk\u00f6slaatuinen tryffeli.<\/p>\n","protected":false},"excerpt":{"rendered":"<p>Ranskalaisen P\u00e9beyren kokonainen tryffeli on ns. tryffelimehuun (jus de truffes) ja suolaan s\u00e4il\u00f6tty talvitryffeli. Ruoanlaitossa tryffeli\u00e4 suositellaan k\u00e4ytett\u00e4v\u00e4ksi 10 g per henkil\u00f6, jolloin tryffelin maku p\u00e4\u00e4see esiin optimaalisimmalla tavalla.<\/p>\n","protected":false},"featured_media":140015,"comment_status":"open","ping_status":"open","template":"","meta":{"_acf_changed":false},"product_brand":[643],"product_cat":[676,714],"product_tag":[],"class_list":{"0":"post-141693","1":"product","2":"type-product","3":"status-publish","4":"has-post-thumbnail","6":"product_brand-maison-pebeyre","7":"product_cat-suolaiset","8":"product_cat-tryffeli","9":"product_shipping_class-shipping-discount","10":"pa_alkuperamaa-ranska","12":"first","13":"outofstock","14":"taxable","15":"shipping-taxable","16":"purchasable","17":"product-type-simple","swatches":"rey-swatches","show_selected":""},"acf":[],"_links":{"self":[{"href":"https:\/\/www.delideli.zoner.dev\/fin\/wp-json\/wp\/v2\/product\/141693","targetHints":{"allow":["GET"]}}],"collection":[{"href":"https:\/\/www.delideli.zoner.dev\/fin\/wp-json\/wp\/v2\/product"}],"about":[{"href":"https:\/\/www.delideli.zoner.dev\/fin\/wp-json\/wp\/v2\/types\/product"}],"replies":[{"embeddable":true,"href":"https:\/\/www.delideli.zoner.dev\/fin\/wp-json\/wp\/v2\/comments?post=141693"}],"version-history":[{"count":0,"href":"https:\/\/www.delideli.zoner.dev\/fin\/wp-json\/wp\/v2\/product\/141693\/revisions"}],"wp:featuredmedia":[{"embeddable":true,"href":"https:\/\/www.delideli.zoner.dev\/fin\/wp-json\/wp\/v2\/media\/140015"}],"wp:attachment":[{"href":"https:\/\/www.delideli.zoner.dev\/fin\/wp-json\/wp\/v2\/media?parent=141693"}],"wp:term":[{"taxonomy":"product_brand","embeddable":true,"href":"https:\/\/www.delideli.zoner.dev\/fin\/wp-json\/wp\/v2\/product_brand?post=141693"},{"taxonomy":"product_cat","embeddable":true,"href":"https:\/\/www.delideli.zoner.dev\/fin\/wp-json\/wp\/v2\/product_cat?post=141693"},{"taxonomy":"product_tag","embeddable":true,"href":"https:\/\/www.delideli.zoner.dev\/fin\/wp-json\/wp\/v2\/product_tag?post=141693"}],"curies":[{"name":"wp","href":"https:\/\/api.w.org\/{rel}","templated":true}]}}