{"id":141695,"date":"2023-10-03T14:42:29","date_gmt":"2023-10-03T14:42:29","guid":{"rendered":"https:\/\/www.delideli.zoner.dev\/tuote\/tryffelin-mehulla-maustettu-maalaisterriinni-90-g\/"},"modified":"2026-05-04T16:14:12","modified_gmt":"2026-05-04T16:14:12","slug":"tryffelin-mehulla-maustettu-maalaisterriinni-90-g","status":"publish","type":"product","link":"https:\/\/www.delideli.zoner.dev\/fin\/tuote\/tryffelin-mehulla-maustettu-maalaisterriinni-90-g\/","title":{"rendered":"Tryffelimehulla maustettu  maalaisterriini 90 g"},"content":{"rendered":"<p>T\u00e4m\u00e4 mustatryffelimehulla maustettu maalaisterriini on maukas ja miellytt\u00e4v\u00e4 tuttavuus suolaisiin suupaloihin ja sellaisenaan nautittavaksi. Aidoista raaka-aineista ja ilman turhia lis\u00e4- ja s\u00e4il\u00f6nt\u00e4aineita valmistettu terriini vain paranee ajan my\u00f6t\u00e4 makujen tiivistyess\u00e4 ja kehittyess\u00e4. T\u00e4ss\u00e4 onkin t\u00e4ydellinen tuttavuus todellisille herkkusuille!<\/p>\n","protected":false},"excerpt":{"rendered":"<p>La Maison Godardin aidolla \u201dtryffelimehulla\u201d maustettu maalaisteriini on t\u00e4ynn\u00e4 rustiikkisia, ranskalaisia makuja. Porsaanlihasta ja -maksasta valmistettu terriini on maustettu aidolla mustatryffelimehulla, joka valmistetaan tuoreita tryffeleit\u00e4 keitt\u00e4m\u00e4ll\u00e4.<\/p>\n","protected":false},"featured_media":140017,"comment_status":"open","ping_status":"open","template":"","meta":{"_acf_changed":false},"product_brand":[635],"product_cat":[729,676],"product_tag":[181],"class_list":{"0":"post-141695","1":"product","2":"type-product","3":"status-publish","4":"has-post-thumbnail","6":"product_brand-godard","7":"product_cat-lihatuotteet","8":"product_cat-suolaiset","9":"product_tag-godard","10":"product_shipping_class-shipping-discount","11":"pa_alkuperamaa-ranska","13":"first","14":"instock","15":"taxable","16":"shipping-taxable","17":"purchasable","18":"product-type-simple","swatches":"rey-swatches","show_selected":""},"acf":[],"_links":{"self":[{"href":"https:\/\/www.delideli.zoner.dev\/fin\/wp-json\/wp\/v2\/product\/141695","targetHints":{"allow":["GET"]}}],"collection":[{"href":"https:\/\/www.delideli.zoner.dev\/fin\/wp-json\/wp\/v2\/product"}],"about":[{"href":"https:\/\/www.delideli.zoner.dev\/fin\/wp-json\/wp\/v2\/types\/product"}],"replies":[{"embeddable":true,"href":"https:\/\/www.delideli.zoner.dev\/fin\/wp-json\/wp\/v2\/comments?post=141695"}],"version-history":[{"count":0,"href":"https:\/\/www.delideli.zoner.dev\/fin\/wp-json\/wp\/v2\/product\/141695\/revisions"}],"wp:featuredmedia":[{"embeddable":true,"href":"https:\/\/www.delideli.zoner.dev\/fin\/wp-json\/wp\/v2\/media\/140017"}],"wp:attachment":[{"href":"https:\/\/www.delideli.zoner.dev\/fin\/wp-json\/wp\/v2\/media?parent=141695"}],"wp:term":[{"taxonomy":"product_brand","embeddable":true,"href":"https:\/\/www.delideli.zoner.dev\/fin\/wp-json\/wp\/v2\/product_brand?post=141695"},{"taxonomy":"product_cat","embeddable":true,"href":"https:\/\/www.delideli.zoner.dev\/fin\/wp-json\/wp\/v2\/product_cat?post=141695"},{"taxonomy":"product_tag","embeddable":true,"href":"https:\/\/www.delideli.zoner.dev\/fin\/wp-json\/wp\/v2\/product_tag?post=141695"}],"curies":[{"name":"wp","href":"https:\/\/api.w.org\/{rel}","templated":true}]}}