{"id":141702,"date":"2023-11-04T16:39:36","date_gmt":"2023-11-04T16:39:36","guid":{"rendered":"https:\/\/www.delideli.zoner.dev\/tuote\/herkkukori-hot-and-spicy\/"},"modified":"2026-05-04T16:14:17","modified_gmt":"2026-05-04T16:14:17","slug":"herkkukori-hot-and-spicy","status":"publish","type":"product","link":"https:\/\/www.delideli.zoner.dev\/fin\/tuote\/herkkukori-hot-and-spicy\/","title":{"rendered":"Herkkukori Hot and Spicy"},"content":{"rendered":"<p>Hot and Spicy Korissa on nimens\u00e4 mukaisesti tulisuutta ja mausteisuutta chilin yst\u00e4ville.<br \/>\nKorin sis\u00e4lt\u00f6 ei kuitenkaan ole maailman tulisin, joten saajalla ei tarvitse olla rautaista suuta vaan kun pit\u00e4\u00e4 pikanteista aromeista ja pienest\u00e4 tulisuudesta, on t\u00e4m\u00e4 kori mainio lahja.<br \/>\n1461 &#8211; Luomu Piment d&#8217;Espelette AOC chilijauhe 30g<br \/>\n1537 &#8211; FOX Perunalastut sweet chili 120g<br \/>\n1615 &#8211; KORI Musta puinen neli\u00f6 kori + kangas pieni 22x22x9cm<br \/>\n1977 &#8211; Galantino chilioliivi\u00f6ljy 100ml<br \/>\n2229 &#8211; Chilipasta 250g -Linguine<br \/>\n4870 &#8211; Karhunlaukkapesto 100g<br \/>\n5388 &#8211; Savustettu valkosipuli 40 g<br \/>\n5390 &#8211; Savustettu hot sauce 100 ml<br \/>\n5391 &#8211; Chimichurri kastike 110g<br \/>\n5401 &#8211; Savustettu paprikajauhe, HOT 70 g, DOP Piment\u00f3n de la Vera<br \/>\n84400 &#8211; Harissa -Tunisialainen tulinen tahna tuubissa 70g<\/p>\n<p>*Mik\u00e4li joku tuote on loppunut varastosta, voimme vaihtaa sen toiseen vastavaan.<\/p>\n","protected":false},"excerpt":{"rendered":"<p>Hot and Spicy Korissa on nimens\u00e4 mukaisesti tulisuutta ja mausteisuutta chilin yst\u00e4ville.<br \/>\nKorin sis\u00e4lt\u00f6 ei kuitenkaan ole maailman tulisin, joten saajalla ei tarvitse olla rautaista suuta vaan kun pit\u00e4\u00e4 pikanteista aromeista ja pienest\u00e4 tulisuudesta, on t\u00e4m\u00e4 kori mainio lahja.<br \/>\n1615 &#8211; KORI Musta puinen neli\u00f6 kori + kangas pieni 22x22x9cm<br \/>\n1461 &#8211; Luomu Piment d&#8217;Espelette AOC chilijauhe 30g<br \/>\n1537 &#8211; FOX Perunalastut sweet chili 120g<br \/>\n1977 &#8211; Galantino chilioliivi\u00f6ljy 100ml<br \/>\n2229 &#8211; Chilipasta 250g -Linguine<br \/>\n4870 &#8211; Karhunlaukkapesto 100g<br \/>\n5388 &#8211; Savustettu valkosipuli 40 g<br \/>\n5390 &#8211; Savustettu hot sauce 100 ml<br \/>\n5391 &#8211; Chimichurri kastike 110g<br \/>\n5401 &#8211; Savustettu paprikajauhe, HOT 70 g, DOP Piment\u00f3n de la Vera<br \/>\n84400 &#8211; Harissa -Tunisialainen tulinen tahna tuubissa 70g<\/p>\n<p>*Mik\u00e4li joku tuote on loppunut varastosta, voimme vaihtaa sen toiseen vastavaan.<\/p>\n","protected":false},"featured_media":140019,"comment_status":"open","ping_status":"open","template":"","meta":{"_acf_changed":false},"product_brand":[625],"product_cat":[684,727],"product_tag":[],"class_list":{"0":"post-141702","1":"product","2":"type-product","3":"status-publish","4":"has-post-thumbnail","6":"product_brand-delideli","7":"product_cat-herkkukorit","8":"product_cat-lahjaksi","9":"product_shipping_class-shipping-discount","10":"pa_alkuperamaa-ranska","12":"first","13":"instock","14":"taxable","15":"shipping-taxable","16":"purchasable","17":"product-type-simple","swatches":"rey-swatches","show_selected":""},"acf":[],"_links":{"self":[{"href":"https:\/\/www.delideli.zoner.dev\/fin\/wp-json\/wp\/v2\/product\/141702","targetHints":{"allow":["GET"]}}],"collection":[{"href":"https:\/\/www.delideli.zoner.dev\/fin\/wp-json\/wp\/v2\/product"}],"about":[{"href":"https:\/\/www.delideli.zoner.dev\/fin\/wp-json\/wp\/v2\/types\/product"}],"replies":[{"embeddable":true,"href":"https:\/\/www.delideli.zoner.dev\/fin\/wp-json\/wp\/v2\/comments?post=141702"}],"version-history":[{"count":0,"href":"https:\/\/www.delideli.zoner.dev\/fin\/wp-json\/wp\/v2\/product\/141702\/revisions"}],"wp:featuredmedia":[{"embeddable":true,"href":"https:\/\/www.delideli.zoner.dev\/fin\/wp-json\/wp\/v2\/media\/140019"}],"wp:attachment":[{"href":"https:\/\/www.delideli.zoner.dev\/fin\/wp-json\/wp\/v2\/media?parent=141702"}],"wp:term":[{"taxonomy":"product_brand","embeddable":true,"href":"https:\/\/www.delideli.zoner.dev\/fin\/wp-json\/wp\/v2\/product_brand?post=141702"},{"taxonomy":"product_cat","embeddable":true,"href":"https:\/\/www.delideli.zoner.dev\/fin\/wp-json\/wp\/v2\/product_cat?post=141702"},{"taxonomy":"product_tag","embeddable":true,"href":"https:\/\/www.delideli.zoner.dev\/fin\/wp-json\/wp\/v2\/product_tag?post=141702"}],"curies":[{"name":"wp","href":"https:\/\/api.w.org\/{rel}","templated":true}]}}