{"id":141706,"date":"2023-11-11T10:16:26","date_gmt":"2023-11-11T10:16:26","guid":{"rendered":"https:\/\/www.delideli.zoner.dev\/tuote\/minimarenki-kirsikka-80g\/"},"modified":"2026-05-04T16:14:22","modified_gmt":"2026-05-04T16:14:22","slug":"minimarenki-kirsikka-80g","status":"publish","type":"product","link":"https:\/\/www.delideli.zoner.dev\/fin\/tuote\/minimarenki-kirsikka-80g\/","title":{"rendered":"Minimarenki kirsikka pussi 80g"},"content":{"rendered":"<p>Biscuiterie du Quercyn perinteiset marengit valmistetaan k\u00e4sity\u00f6perinteiden mukaan laadukkaista raaka-aineista ilman turhia lis\u00e4- tai s\u00e4il\u00f6nt\u00e4aineita. Niiden herkullisuuden salaisuus l\u00f6ytyy pehme\u00e4st\u00e4 sisuksesta ja rapeasta ulkokuoresta.<\/p>\n<p>Nauti sellaisenaan tai k\u00e4yt\u00e4 j\u00e4lkiruoissa, esimerkiksi j\u00e4\u00e4tel\u00f6n kanssa tai kakkujen koristeena. Hyv\u00e4n s\u00e4ilyvyyden varmistamiseksi s\u00e4ilyt\u00e4 kirsikkamarengit valolta suojattuina.<\/p>\n","protected":false},"excerpt":{"rendered":"<p>Ranskalaiset kirsikanmakuiset minimarengit ovat saaneet makunsa aidosta kirsikasta, jota l\u00f6ytyy marengista jopa 10 %. Marengissa on k\u00e4ytetty ainoastaan luonnollisia aromeja. Minimarengit ovat juuri sopivan kokoisia suupaloja kahvip\u00f6yt\u00e4\u00e4n sellaisenaan herkutteluun tai osaksi j\u00e4lkiruokia.<\/p>\n","protected":false},"featured_media":140021,"comment_status":"open","ping_status":"open","template":"","meta":{"_acf_changed":false},"product_brand":[618],"product_cat":[680,707],"product_tag":[],"class_list":{"0":"post-141706","1":"product","2":"type-product","3":"status-publish","4":"has-post-thumbnail","6":"product_brand-biscuiterie-en-quercy","7":"product_cat-makeat","8":"product_cat-marengit","9":"product_shipping_class-shipping-discount","10":"pa_alkuperamaa-ranska","12":"first","13":"instock","14":"taxable","15":"shipping-taxable","16":"purchasable","17":"product-type-simple","swatches":"rey-swatches","show_selected":""},"acf":[],"_links":{"self":[{"href":"https:\/\/www.delideli.zoner.dev\/fin\/wp-json\/wp\/v2\/product\/141706","targetHints":{"allow":["GET"]}}],"collection":[{"href":"https:\/\/www.delideli.zoner.dev\/fin\/wp-json\/wp\/v2\/product"}],"about":[{"href":"https:\/\/www.delideli.zoner.dev\/fin\/wp-json\/wp\/v2\/types\/product"}],"replies":[{"embeddable":true,"href":"https:\/\/www.delideli.zoner.dev\/fin\/wp-json\/wp\/v2\/comments?post=141706"}],"version-history":[{"count":0,"href":"https:\/\/www.delideli.zoner.dev\/fin\/wp-json\/wp\/v2\/product\/141706\/revisions"}],"wp:featuredmedia":[{"embeddable":true,"href":"https:\/\/www.delideli.zoner.dev\/fin\/wp-json\/wp\/v2\/media\/140021"}],"wp:attachment":[{"href":"https:\/\/www.delideli.zoner.dev\/fin\/wp-json\/wp\/v2\/media?parent=141706"}],"wp:term":[{"taxonomy":"product_brand","embeddable":true,"href":"https:\/\/www.delideli.zoner.dev\/fin\/wp-json\/wp\/v2\/product_brand?post=141706"},{"taxonomy":"product_cat","embeddable":true,"href":"https:\/\/www.delideli.zoner.dev\/fin\/wp-json\/wp\/v2\/product_cat?post=141706"},{"taxonomy":"product_tag","embeddable":true,"href":"https:\/\/www.delideli.zoner.dev\/fin\/wp-json\/wp\/v2\/product_tag?post=141706"}],"curies":[{"name":"wp","href":"https:\/\/api.w.org\/{rel}","templated":true}]}}