{"id":141714,"date":"2023-11-22T18:52:11","date_gmt":"2023-11-22T18:52:11","guid":{"rendered":"https:\/\/www.delideli.zoner.dev\/tuote\/hanhenmaksa-bloc-130-g\/"},"modified":"2026-05-04T16:14:28","modified_gmt":"2026-05-04T16:14:28","slug":"hanhenmaksa-bloc-130-g","status":"publish","type":"product","link":"https:\/\/www.delideli.zoner.dev\/fin\/tuote\/hanhenmaksa-bloc-130-g\/","title":{"rendered":"Hanhenmaksa-bloc 130 g"},"content":{"rendered":"<p>Ranskalaisen La Maison Godardin hanhenmaksa-bloc on takuuvarma juhlien ja aterioiden tarjoilup\u00f6ytien kruunukivi. Sen voi tarjoilla ohueksi viipaloituna tai sellaisenaan. Kumppanina hanhenmaksan kanssa sopii erityisen hyvin kuohuviini sek\u00e4 hedelm\u00e4t, kuten viikuna, p\u00e4\u00e4ryn\u00e4 tai viiniryp\u00e4leet. Hemmottele omia tai l\u00e4heistesi makuhermoja ja valitse tarjoilujen keskipisteeksi hanhenmaksa-bloc!<\/p>\n<p>Vinkki: Laita kokonainen hanhenmaksa-bloc pakkauksessaan j\u00e4\u00e4kaappiin muutamaa tuntia ennen tarjoilua. Ota se ulos noin 15 minuuttia ennen tarjoilua ja viipaloi se foie gras -viipaloijalla tai hienoter\u00e4isell\u00e4 veitsell\u00e4, jonka ter\u00e4 on kastettu kuumaan veteen. Tarjoile viipaleet kevyesti paahdettujen maalaisleip\u00e4viipaleiden kanssa.<\/p>\n<p>Avaamisen j\u00e4lkeen hanhenmaksa-bloc tulee s\u00e4ilytt\u00e4\u00e4 j\u00e4\u00e4kaapissa ja k\u00e4ytt\u00e4\u00e4 48 tunnin kuluessa.<\/p>\n","protected":false},"excerpt":{"rendered":"<p>La Maison Godardin hanhenmaksa-bloc on valmistettu aidosta P\u00e9rigord-hanhen maksasta ja mausteista. Sen koostumus on sile\u00e4\u00e4 ja pehme\u00e4\u00e4. Hanhenmaksa-bloc on valmistettu tiilenmalliseen muotoon, johon tuotteen alkuper\u00e4inen ranskankielinen nimi \u201dbloc\u201d viittaa. Blocissa ei ole k\u00e4ytetty lis\u00e4aineita, ja se on aito alkuper\u00e4inen Lounais-Ranskasta tuleva foie gras.<\/p>\n","protected":false},"featured_media":140037,"comment_status":"open","ping_status":"open","template":"","meta":{"_acf_changed":false},"product_brand":[635],"product_cat":[697,676],"product_tag":[180,181],"class_list":{"0":"post-141714","1":"product","2":"type-product","3":"status-publish","4":"has-post-thumbnail","6":"product_brand-godard","7":"product_cat-foie-gras","8":"product_cat-suolaiset","9":"product_tag-foie-gras","10":"product_tag-godard","11":"product_shipping_class-shipping-discount","12":"pa_alkuperamaa-ranska","14":"first","15":"instock","16":"taxable","17":"shipping-taxable","18":"purchasable","19":"product-type-simple","swatches":"rey-swatches","show_selected":""},"acf":[],"_links":{"self":[{"href":"https:\/\/www.delideli.zoner.dev\/fin\/wp-json\/wp\/v2\/product\/141714","targetHints":{"allow":["GET"]}}],"collection":[{"href":"https:\/\/www.delideli.zoner.dev\/fin\/wp-json\/wp\/v2\/product"}],"about":[{"href":"https:\/\/www.delideli.zoner.dev\/fin\/wp-json\/wp\/v2\/types\/product"}],"replies":[{"embeddable":true,"href":"https:\/\/www.delideli.zoner.dev\/fin\/wp-json\/wp\/v2\/comments?post=141714"}],"version-history":[{"count":0,"href":"https:\/\/www.delideli.zoner.dev\/fin\/wp-json\/wp\/v2\/product\/141714\/revisions"}],"wp:featuredmedia":[{"embeddable":true,"href":"https:\/\/www.delideli.zoner.dev\/fin\/wp-json\/wp\/v2\/media\/140037"}],"wp:attachment":[{"href":"https:\/\/www.delideli.zoner.dev\/fin\/wp-json\/wp\/v2\/media?parent=141714"}],"wp:term":[{"taxonomy":"product_brand","embeddable":true,"href":"https:\/\/www.delideli.zoner.dev\/fin\/wp-json\/wp\/v2\/product_brand?post=141714"},{"taxonomy":"product_cat","embeddable":true,"href":"https:\/\/www.delideli.zoner.dev\/fin\/wp-json\/wp\/v2\/product_cat?post=141714"},{"taxonomy":"product_tag","embeddable":true,"href":"https:\/\/www.delideli.zoner.dev\/fin\/wp-json\/wp\/v2\/product_tag?post=141714"}],"curies":[{"name":"wp","href":"https:\/\/api.w.org\/{rel}","templated":true}]}}