{"id":141716,"date":"2023-11-25T18:59:22","date_gmt":"2023-11-25T18:59:22","guid":{"rendered":"https:\/\/www.delideli.zoner.dev\/tuote\/aprikoosihillo-50g\/"},"modified":"2026-05-04T16:14:29","modified_gmt":"2026-05-04T16:14:29","slug":"aprikoosihillo-50g","status":"publish","type":"product","link":"https:\/\/www.delideli.zoner.dev\/fin\/tuote\/aprikoosihillo-50g\/","title":{"rendered":"Aprikoosihillo 50g"},"content":{"rendered":"<p>Aprikoosihillo valmistetaan tuoreista, auringon alla kypsyneist\u00e4 ranskalaisista aprikooseista, eik\u00e4 siin\u00e4 ole k\u00e4ytetty lainkaan keinotekoisia maku-,  v\u00e4ri- tai s\u00e4il\u00f6nt\u00e4aineita. Hillon hyytel\u00f6imiseen on k\u00e4ytetty ainoastaan marjojen ja hedelmien omaa pektiini\u00e4.<\/p>\n<p>Hillo on koostumukseltaan sile\u00e4\u00e4, ja se sopii erityisen hyvin kermaisen brien seuraksi juustolautaselle.<\/p>\n","protected":false},"excerpt":{"rendered":"<p>DeliDelin oma aprikoosihillo on hedelm\u00e4inen herkku esimerkiksi juustoille, krepeille, pannukakulle, jukurtille tai leivonnassa k\u00e4ytett\u00e4v\u00e4ksi. Sen herkullinen maku tulee aidosta hedelm\u00e4st\u00e4 eik\u00e4 keinotekoisista aineista.<\/p>\n","protected":false},"featured_media":140039,"comment_status":"open","ping_status":"open","template":"","meta":{"_acf_changed":false},"product_brand":[626],"product_cat":[677,763,710,681],"product_tag":[],"class_list":{"0":"post-141716","1":"product","2":"type-product","3":"status-publish","4":"has-post-thumbnail","6":"product_brand-delideli-herkkukauppa","7":"product_cat-ajankohtaisia","8":"product_cat-delidelin-tuotemerkki","9":"product_cat-hillot","10":"product_cat-marjat-hedelmat","11":"product_shipping_class-shipping-discount","12":"pa_alkuperamaa-ranska","14":"first","15":"instock","16":"taxable","17":"shipping-taxable","18":"purchasable","19":"product-type-simple","swatches":"rey-swatches","show_selected":""},"acf":[],"_links":{"self":[{"href":"https:\/\/www.delideli.zoner.dev\/fin\/wp-json\/wp\/v2\/product\/141716","targetHints":{"allow":["GET"]}}],"collection":[{"href":"https:\/\/www.delideli.zoner.dev\/fin\/wp-json\/wp\/v2\/product"}],"about":[{"href":"https:\/\/www.delideli.zoner.dev\/fin\/wp-json\/wp\/v2\/types\/product"}],"replies":[{"embeddable":true,"href":"https:\/\/www.delideli.zoner.dev\/fin\/wp-json\/wp\/v2\/comments?post=141716"}],"version-history":[{"count":0,"href":"https:\/\/www.delideli.zoner.dev\/fin\/wp-json\/wp\/v2\/product\/141716\/revisions"}],"wp:featuredmedia":[{"embeddable":true,"href":"https:\/\/www.delideli.zoner.dev\/fin\/wp-json\/wp\/v2\/media\/140039"}],"wp:attachment":[{"href":"https:\/\/www.delideli.zoner.dev\/fin\/wp-json\/wp\/v2\/media?parent=141716"}],"wp:term":[{"taxonomy":"product_brand","embeddable":true,"href":"https:\/\/www.delideli.zoner.dev\/fin\/wp-json\/wp\/v2\/product_brand?post=141716"},{"taxonomy":"product_cat","embeddable":true,"href":"https:\/\/www.delideli.zoner.dev\/fin\/wp-json\/wp\/v2\/product_cat?post=141716"},{"taxonomy":"product_tag","embeddable":true,"href":"https:\/\/www.delideli.zoner.dev\/fin\/wp-json\/wp\/v2\/product_tag?post=141716"}],"curies":[{"name":"wp","href":"https:\/\/api.w.org\/{rel}","templated":true}]}}