{"id":141719,"date":"2023-11-25T19:08:41","date_gmt":"2023-11-25T19:08:41","guid":{"rendered":"https:\/\/www.delideli.zoner.dev\/tuote\/musta-kirsikka-hillo-50g\/"},"modified":"2026-05-04T16:14:31","modified_gmt":"2026-05-04T16:14:31","slug":"musta-kirsikka-hillo-50g","status":"publish","type":"product","link":"https:\/\/www.delideli.zoner.dev\/fin\/tuote\/musta-kirsikka-hillo-50g\/","title":{"rendered":"Mustakirsikkahillo 50 g"},"content":{"rendered":"<p>Mustakirsikkahillo valmistetaan vain luonnollisista raaka-aineista ilman keinotekoisia v\u00e4ri-, maku- tai s\u00e4il\u00f6nt\u00e4aineita. Hyytel\u00f6imiseen on k\u00e4ytetty ainoastaan marjojen ja hedelmien omaa pektiini\u00e4.<\/p>\n<p>Mustakirsikkahillo on perinteinen kumppani baskilaisille juustoille, mutta se sopii loistavasti my\u00f6s monien muiden juustojen kera, kuten suolaisten, pidemp\u00e4\u00e4n kypsytettyjen juustojen kanssa.<\/p>\n","protected":false},"excerpt":{"rendered":"<p>DeliDelin ranskalainen kirsikkahillo mustista kirsikoista on t\u00e4ynn\u00e4 hedelm\u00e4\u00e4 ja aitoa kirsikan makua. Se on erityisen hyv\u00e4 pari baskilaiselle lampaanmaidosta tehdylle brebiou-juustolle, jonka kanssa se muodostaa maagisen makuparin. Kokeile my\u00f6s sellaisenaan paahtoleiv\u00e4ll\u00e4 tai j\u00e4lkiruoissa.<\/p>\n","protected":false},"featured_media":140043,"comment_status":"open","ping_status":"open","template":"","meta":{"_acf_changed":false},"product_brand":[626],"product_cat":[677,763,710,681],"product_tag":[],"class_list":{"0":"post-141719","1":"product","2":"type-product","3":"status-publish","4":"has-post-thumbnail","6":"product_brand-delideli-herkkukauppa","7":"product_cat-ajankohtaisia","8":"product_cat-delidelin-tuotemerkki","9":"product_cat-hillot","10":"product_cat-marjat-hedelmat","11":"product_shipping_class-shipping-discount","12":"pa_alkuperamaa-ranska","14":"first","15":"instock","16":"taxable","17":"shipping-taxable","18":"purchasable","19":"product-type-simple","swatches":"rey-swatches","show_selected":""},"acf":[],"_links":{"self":[{"href":"https:\/\/www.delideli.zoner.dev\/fin\/wp-json\/wp\/v2\/product\/141719","targetHints":{"allow":["GET"]}}],"collection":[{"href":"https:\/\/www.delideli.zoner.dev\/fin\/wp-json\/wp\/v2\/product"}],"about":[{"href":"https:\/\/www.delideli.zoner.dev\/fin\/wp-json\/wp\/v2\/types\/product"}],"replies":[{"embeddable":true,"href":"https:\/\/www.delideli.zoner.dev\/fin\/wp-json\/wp\/v2\/comments?post=141719"}],"version-history":[{"count":0,"href":"https:\/\/www.delideli.zoner.dev\/fin\/wp-json\/wp\/v2\/product\/141719\/revisions"}],"wp:featuredmedia":[{"embeddable":true,"href":"https:\/\/www.delideli.zoner.dev\/fin\/wp-json\/wp\/v2\/media\/140043"}],"wp:attachment":[{"href":"https:\/\/www.delideli.zoner.dev\/fin\/wp-json\/wp\/v2\/media?parent=141719"}],"wp:term":[{"taxonomy":"product_brand","embeddable":true,"href":"https:\/\/www.delideli.zoner.dev\/fin\/wp-json\/wp\/v2\/product_brand?post=141719"},{"taxonomy":"product_cat","embeddable":true,"href":"https:\/\/www.delideli.zoner.dev\/fin\/wp-json\/wp\/v2\/product_cat?post=141719"},{"taxonomy":"product_tag","embeddable":true,"href":"https:\/\/www.delideli.zoner.dev\/fin\/wp-json\/wp\/v2\/product_tag?post=141719"}],"curies":[{"name":"wp","href":"https:\/\/api.w.org\/{rel}","templated":true}]}}