{"id":141721,"date":"2023-12-06T17:05:02","date_gmt":"2023-12-06T17:05:02","guid":{"rendered":"https:\/\/www.delideli.zoner.dev\/tuote\/aprikoosit-siirapissa-320g\/"},"modified":"2026-05-04T16:14:32","modified_gmt":"2026-05-04T16:14:32","slug":"aprikoosit-siirapissa-320g","status":"publish","type":"product","link":"https:\/\/www.delideli.zoner.dev\/fin\/tuote\/aprikoosit-siirapissa-320g\/","title":{"rendered":"Aprikoosit siirapissa 320 g"},"content":{"rendered":"<p>Italialaisen Mariangela Prunotton viljelysalueet ja tuotantotilat sijaitsevat Langhen alueella Albassa, joka on tunnettu maanviljelyksest\u00e4 ja viinitiloistaan. Mariangela Prunottolla on otettu k\u00e4ytt\u00f6\u00f6n jo vuosia sitten kest\u00e4v\u00e4\u00e4n viljelyyn keskittyv\u00e4 viljelystapa, joka tuottaa laadukkaita ja ilman kemiallisia myrkkyj\u00e4 viljeltyj\u00e4 kasviksia.<\/p>\n<p>Lopulliset tuotteet valmistetaan tarkkaan valikoiduista kasviksista k\u00e4sity\u00f6n\u00e4 perinteisill\u00e4 resepteill\u00e4. Poimimisen j\u00e4lkeen kasvikset ja hedelm\u00e4t vied\u00e4\u00e4n nopeasti jatkojalostettavaksi, jotta niiden kaikki aromit ja koostumus s\u00e4ilyv\u00e4t valmiiseen tuotteeseen asti.<\/p>\n<p>Aprikoosit sokeriliemess\u00e4 eiv\u00e4t sis\u00e4ll\u00e4 mit\u00e4\u00e4n keinotekoisia aineita, pelk\u00e4st\u00e4\u00e4n aprikooseja, vett\u00e4 ja ruokosokeria.<\/p>\n","protected":false},"excerpt":{"rendered":"<p>N\u00e4iden italialaisten aprikoosien annetaan kypsy\u00e4 juuri oikean kypsyisiksi puissa eik\u00e4 kylm\u00e4ss\u00e4 varastossa. N\u00e4in ne ovat poimintahetkell\u00e4 mehukkaita ja t\u00e4ynn\u00e4 aromeja. Poimimisen j\u00e4lkeen ne vied\u00e4\u00e4n heti s\u00e4il\u00f6tt\u00e4viksi.<\/p>\n<p>N\u00e4m\u00e4 pienet, noin saksanp\u00e4hkin\u00e4n kokoiset aprikoosit keitet\u00e4\u00e4n hell\u00e4varaisesti ja s\u00e4il\u00f6t\u00e4\u00e4n ruokosokerista tehtyyn sokeriliemeen. Tuloksena on ihanan maukkaat ja hieman p\u00e4hkin\u00e4isen makuiset s\u00e4il\u00f6tyt aprikoosit, jotka maistuvat kuin suoraan puusta sy\u00f6tyn\u00e4.<\/p>\n<p>Kokeile niit\u00e4 my\u00f6s j\u00e4lkiruoissa, j\u00e4\u00e4tel\u00f6n kanssa tai osana juustolautasta. Aprikoosit sopivat hyvin my\u00f6s suolaisiin ruokalajeihin, kuten porsaankyljysten, ankanrinnan ja jopa paistetun kanan kanssa. \u00c4l\u00e4k\u00e4 unohda hy\u00f6dynt\u00e4\u00e4 hurmaava-aromista sokerilient\u00e4 esimerkiksi cocktaileissa!<\/p>\n","protected":false},"featured_media":140047,"comment_status":"open","ping_status":"open","template":"","meta":{"_acf_changed":false},"product_brand":[645],"product_cat":[677,702,699,680,681,759],"product_tag":[],"class_list":{"0":"post-141721","1":"product","2":"type-product","3":"status-publish","4":"has-post-thumbnail","6":"product_brand-mariangela-prunotto","7":"product_cat-ajankohtaisia","8":"product_cat-jalkiruuat","9":"product_cat-luomutuotteet","10":"product_cat-makeat","11":"product_cat-marjat-hedelmat","12":"product_cat-muut-marjat-hedelmat","13":"product_shipping_class-shipping-discount","14":"pa_alkuperamaa-italia","15":"pa_ruokavalio-vegaanituote","17":"first","18":"instock","19":"taxable","20":"shipping-taxable","21":"purchasable","22":"product-type-simple","swatches":"rey-swatches","show_selected":""},"acf":[],"_links":{"self":[{"href":"https:\/\/www.delideli.zoner.dev\/fin\/wp-json\/wp\/v2\/product\/141721","targetHints":{"allow":["GET"]}}],"collection":[{"href":"https:\/\/www.delideli.zoner.dev\/fin\/wp-json\/wp\/v2\/product"}],"about":[{"href":"https:\/\/www.delideli.zoner.dev\/fin\/wp-json\/wp\/v2\/types\/product"}],"replies":[{"embeddable":true,"href":"https:\/\/www.delideli.zoner.dev\/fin\/wp-json\/wp\/v2\/comments?post=141721"}],"version-history":[{"count":0,"href":"https:\/\/www.delideli.zoner.dev\/fin\/wp-json\/wp\/v2\/product\/141721\/revisions"}],"wp:featuredmedia":[{"embeddable":true,"href":"https:\/\/www.delideli.zoner.dev\/fin\/wp-json\/wp\/v2\/media\/140047"}],"wp:attachment":[{"href":"https:\/\/www.delideli.zoner.dev\/fin\/wp-json\/wp\/v2\/media?parent=141721"}],"wp:term":[{"taxonomy":"product_brand","embeddable":true,"href":"https:\/\/www.delideli.zoner.dev\/fin\/wp-json\/wp\/v2\/product_brand?post=141721"},{"taxonomy":"product_cat","embeddable":true,"href":"https:\/\/www.delideli.zoner.dev\/fin\/wp-json\/wp\/v2\/product_cat?post=141721"},{"taxonomy":"product_tag","embeddable":true,"href":"https:\/\/www.delideli.zoner.dev\/fin\/wp-json\/wp\/v2\/product_tag?post=141721"}],"curies":[{"name":"wp","href":"https:\/\/api.w.org\/{rel}","templated":true}]}}