{"id":141722,"date":"2023-12-06T17:09:59","date_gmt":"2023-12-06T17:09:59","guid":{"rendered":"https:\/\/www.delideli.zoner.dev\/tuote\/ruusunmarjahillo-110g\/"},"modified":"2026-05-04T16:14:32","modified_gmt":"2026-05-04T16:14:32","slug":"ruusunmarjahillo-110g","status":"publish","type":"product","link":"https:\/\/www.delideli.zoner.dev\/fin\/tuote\/ruusunmarjahillo-110g\/","title":{"rendered":"Ruusunmarjahillo 110g"},"content":{"rendered":"<p>Italialaisen Mariangela Prunotton viljelysalueet ja tuotantotilat sijaitsevat Langhen alueella Albassa, joka on tunnettu maanviljelyksest\u00e4 ja viinitiloistaan. Mariangela Prunottolla on otettu k\u00e4ytt\u00f6\u00f6n jo vuosia sitten kest\u00e4v\u00e4\u00e4n luomuviljelyyn keskittyv\u00e4 viljelystapa, joka tuottaa laadukkaita ja ilman kemiallisia myrkkyj\u00e4 viljeltyj\u00e4 kasviksia.<\/p>\n<p>Lopulliset tuotteet valmistetaan tarkkaan valikoiduista kasviksista k\u00e4sity\u00f6n\u00e4 perinteisill\u00e4 resepteill\u00e4. Poimimisen j\u00e4lkeen kasvikset ja hedelm\u00e4t vied\u00e4\u00e4n nopeasti jatkojalostettavaksi, jotta niiden kaikki aromit ja koostumus s\u00e4ilyv\u00e4t valmiiseen tuotteeseen asti.<\/p>\n","protected":false},"excerpt":{"rendered":"<p>Italialainen ruusunmarjahillo on t\u00e4ydellinen kumppani monelle eri juustolle. Se valmistetaan vain aidoista ruusunmarjoista ja ruokosokerista, jolloin saadaan t\u00e4ysin luonnonmukaisista raaka-aineista valmistettu hillo piemontelaiseen tapaan. Sataan grammaan hilloa tarvitaan 170 g ruusunmarjaa, jotka keitet\u00e4\u00e4n herkulliseksi hilloksi.<\/p>\n<p>Ruusunmarjahillo sopii erityisesti pecorinon, lehm\u00e4nmaitojuustojen, parmesaanin tai sinihomejuustojen kanssa. Kokeile my\u00f6s voidellun vaalean leiv\u00e4n p\u00e4\u00e4ll\u00e4!<\/p>\n","protected":false},"featured_media":140049,"comment_status":"open","ping_status":"open","template":"","meta":{"_acf_changed":false},"product_brand":[645],"product_cat":[677,702,699,680,681,759],"product_tag":[],"class_list":{"0":"post-141722","1":"product","2":"type-product","3":"status-publish","4":"has-post-thumbnail","6":"product_brand-mariangela-prunotto","7":"product_cat-ajankohtaisia","8":"product_cat-jalkiruuat","9":"product_cat-luomutuotteet","10":"product_cat-makeat","11":"product_cat-marjat-hedelmat","12":"product_cat-muut-marjat-hedelmat","13":"product_shipping_class-shipping-discount","14":"pa_alkuperamaa-italia","15":"pa_ruokavalio-vegaanituote","17":"first","18":"instock","19":"taxable","20":"shipping-taxable","21":"purchasable","22":"product-type-simple","swatches":"rey-swatches","show_selected":""},"acf":[],"_links":{"self":[{"href":"https:\/\/www.delideli.zoner.dev\/fin\/wp-json\/wp\/v2\/product\/141722","targetHints":{"allow":["GET"]}}],"collection":[{"href":"https:\/\/www.delideli.zoner.dev\/fin\/wp-json\/wp\/v2\/product"}],"about":[{"href":"https:\/\/www.delideli.zoner.dev\/fin\/wp-json\/wp\/v2\/types\/product"}],"replies":[{"embeddable":true,"href":"https:\/\/www.delideli.zoner.dev\/fin\/wp-json\/wp\/v2\/comments?post=141722"}],"version-history":[{"count":0,"href":"https:\/\/www.delideli.zoner.dev\/fin\/wp-json\/wp\/v2\/product\/141722\/revisions"}],"wp:featuredmedia":[{"embeddable":true,"href":"https:\/\/www.delideli.zoner.dev\/fin\/wp-json\/wp\/v2\/media\/140049"}],"wp:attachment":[{"href":"https:\/\/www.delideli.zoner.dev\/fin\/wp-json\/wp\/v2\/media?parent=141722"}],"wp:term":[{"taxonomy":"product_brand","embeddable":true,"href":"https:\/\/www.delideli.zoner.dev\/fin\/wp-json\/wp\/v2\/product_brand?post=141722"},{"taxonomy":"product_cat","embeddable":true,"href":"https:\/\/www.delideli.zoner.dev\/fin\/wp-json\/wp\/v2\/product_cat?post=141722"},{"taxonomy":"product_tag","embeddable":true,"href":"https:\/\/www.delideli.zoner.dev\/fin\/wp-json\/wp\/v2\/product_tag?post=141722"}],"curies":[{"name":"wp","href":"https:\/\/api.w.org\/{rel}","templated":true}]}}