{"id":141732,"date":"2024-03-01T15:37:24","date_gmt":"2024-03-01T15:37:24","guid":{"rendered":"https:\/\/www.delideli.zoner.dev\/tuote\/vadelmaviinietikka-sis-40-vadelmaa-la-maison-alziari-200-ml\/"},"modified":"2026-05-04T16:14:39","modified_gmt":"2026-05-04T16:14:39","slug":"vadelmaviinietikka-sis-40-vadelmaa-la-maison-alziari-200-ml","status":"publish","type":"product","link":"https:\/\/www.delideli.zoner.dev\/fin\/tuote\/vadelmaviinietikka-sis-40-vadelmaa-la-maison-alziari-200-ml\/","title":{"rendered":"Vadelmaviinietikka sis.40% vadelmaa, La Maison Alziari 200 ml"},"content":{"rendered":"<p>T\u00e4m\u00e4 laadukas vadelmaviinietikka on kypsytetty tammitynnyreiss\u00e4, ja sen ainutlaatuinen, runsas aromi saadaan hitaasti uuttamalla. La Maison Alziairin vadelmaviinietikka sis\u00e4lt\u00e4\u00e4 40% vadelmaa. Maku on hedelm\u00e4inen ja raikas, v\u00e4h\u00e4n kirpe\u00e4kin.<br \/>\nSopii erinomaisesti oliivi\u00f6ljyn kanssa salaateille tai sellaisenaan maustamaan hedelmi\u00e4 ja marjoja.<\/p>\n","protected":false},"excerpt":{"rendered":"<p>La Maison Alziarin vadelmaviinietikka sis\u00e4lt\u00e4\u00e4 40% vadelmaa. Maku on hedelm\u00e4inen ja raikas, v\u00e4h\u00e4n kirpe\u00e4kin.<br \/>\nSopii erinomaisesti oliivi\u00f6ljyn kanssa salaateille tai sellaisenaan maustamaan hedelmi\u00e4 ja marjoja.<\/p>\n","protected":false},"featured_media":140065,"comment_status":"open","ping_status":"open","template":"","meta":{"_acf_changed":false},"product_brand":[634],"product_cat":[687,678],"product_tag":[185],"class_list":{"0":"post-141732","1":"product","2":"type-product","3":"status-publish","4":"has-post-thumbnail","6":"product_brand-alziari","7":"product_cat-etikat","8":"product_cat-oljyt-etikat","9":"product_tag-alziari","10":"product_shipping_class-shipping-discount","11":"pa_alkuperamaa-ranska","13":"first","14":"outofstock","15":"taxable","16":"shipping-taxable","17":"purchasable","18":"product-type-simple","swatches":"rey-swatches","show_selected":""},"acf":[],"_links":{"self":[{"href":"https:\/\/www.delideli.zoner.dev\/fin\/wp-json\/wp\/v2\/product\/141732","targetHints":{"allow":["GET"]}}],"collection":[{"href":"https:\/\/www.delideli.zoner.dev\/fin\/wp-json\/wp\/v2\/product"}],"about":[{"href":"https:\/\/www.delideli.zoner.dev\/fin\/wp-json\/wp\/v2\/types\/product"}],"replies":[{"embeddable":true,"href":"https:\/\/www.delideli.zoner.dev\/fin\/wp-json\/wp\/v2\/comments?post=141732"}],"version-history":[{"count":0,"href":"https:\/\/www.delideli.zoner.dev\/fin\/wp-json\/wp\/v2\/product\/141732\/revisions"}],"wp:featuredmedia":[{"embeddable":true,"href":"https:\/\/www.delideli.zoner.dev\/fin\/wp-json\/wp\/v2\/media\/140065"}],"wp:attachment":[{"href":"https:\/\/www.delideli.zoner.dev\/fin\/wp-json\/wp\/v2\/media?parent=141732"}],"wp:term":[{"taxonomy":"product_brand","embeddable":true,"href":"https:\/\/www.delideli.zoner.dev\/fin\/wp-json\/wp\/v2\/product_brand?post=141732"},{"taxonomy":"product_cat","embeddable":true,"href":"https:\/\/www.delideli.zoner.dev\/fin\/wp-json\/wp\/v2\/product_cat?post=141732"},{"taxonomy":"product_tag","embeddable":true,"href":"https:\/\/www.delideli.zoner.dev\/fin\/wp-json\/wp\/v2\/product_tag?post=141732"}],"curies":[{"name":"wp","href":"https:\/\/api.w.org\/{rel}","templated":true}]}}