{"id":141734,"date":"2024-03-12T13:15:31","date_gmt":"2024-03-12T13:15:31","guid":{"rendered":"https:\/\/www.delideli.zoner.dev\/tuote\/fox-perunalastut-merisuola-120g\/"},"modified":"2026-05-04T16:14:43","modified_gmt":"2026-05-04T16:14:43","slug":"fox-perunalastut-merisuola-120g","status":"publish","type":"product","link":"https:\/\/www.delideli.zoner.dev\/fin\/tuote\/fox-perunalastut-merisuola-120g\/","title":{"rendered":"FOX Perunalastut merisuola 120g"},"content":{"rendered":"<p>Foxin perunalastut ovat t\u00e4ynn\u00e4 autenttista makua. Ne tehd\u00e4\u00e4n perinteisen\u00e4 k\u00e4sity\u00f6n\u00e4 vain parhaimmista perunoista ja tarkkaan valvottuna. K\u00e4sity\u00f6n\u00e4 auringonkukka\u00f6ljyss\u00e4 kypsennetyt perunalastut ovat paksumpia kuin ehk\u00e4 yleens\u00e4 niiden valmistustavan takia. K\u00e4sin valmistus antaa lastuille my\u00f6s niiden erityisen ja tunnistettavan maun.<br \/>\nFoxin peruna-, maissi- ja juureslastuissa k\u00e4ytet\u00e4\u00e4n ainoastaan luonnollisia ainesosia ilman keinotekoisia maku- tai v\u00e4riaineista. Tuotteet eiv\u00e4t my\u00f6sk\u00e4\u00e4n sis\u00e4ll\u00e4 lainkaan palmu\u00f6ljy\u00e4 tai natriumglutamaattia. Foxin perunalastut ovat gluteenittomia ja sopivat vegaaniseen ruokavalioon.<\/p>\n","protected":false},"excerpt":{"rendered":"<p>Kun haluat aitoja, artesaaniperunalastuja, italialaisen Foxin merisuolalla maustetut perunalastut ovat varmasti mieleesi! K\u00e4sity\u00f6n\u00e4 valmistettavat premium-perunalastut valmistetaan vain parhaista raaka-aineista ilman mit\u00e4\u00e4n keinotekoisia aineita. Lis\u00e4ksi perinteinen valmistustapa j\u00e4tt\u00e4\u00e4 ne herkullisen paksuiksi, jolloin lastuihin syntyy niiden t\u00e4ydellinen maku ja suutuntuma.<\/p>\n","protected":false},"featured_media":140069,"comment_status":"open","ping_status":"open","template":"","meta":{"_acf_changed":false},"product_brand":[629],"product_cat":[676,724],"product_tag":[200],"class_list":{"0":"post-141734","1":"product","2":"type-product","3":"status-publish","4":"has-post-thumbnail","6":"product_brand-fox-nut-snack","7":"product_cat-suolaiset","8":"product_cat-suolakeksit","9":"product_tag-vegaani","10":"product_shipping_class-shipping-discount","11":"pa_alkuperamaa-italia","12":"pa_ruokavalio-ei-gluteenia","14":"first","15":"outofstock","16":"taxable","17":"shipping-taxable","18":"purchasable","19":"product-type-simple","swatches":"rey-swatches","show_selected":""},"acf":[],"_links":{"self":[{"href":"https:\/\/www.delideli.zoner.dev\/fin\/wp-json\/wp\/v2\/product\/141734","targetHints":{"allow":["GET"]}}],"collection":[{"href":"https:\/\/www.delideli.zoner.dev\/fin\/wp-json\/wp\/v2\/product"}],"about":[{"href":"https:\/\/www.delideli.zoner.dev\/fin\/wp-json\/wp\/v2\/types\/product"}],"replies":[{"embeddable":true,"href":"https:\/\/www.delideli.zoner.dev\/fin\/wp-json\/wp\/v2\/comments?post=141734"}],"version-history":[{"count":0,"href":"https:\/\/www.delideli.zoner.dev\/fin\/wp-json\/wp\/v2\/product\/141734\/revisions"}],"wp:featuredmedia":[{"embeddable":true,"href":"https:\/\/www.delideli.zoner.dev\/fin\/wp-json\/wp\/v2\/media\/140069"}],"wp:attachment":[{"href":"https:\/\/www.delideli.zoner.dev\/fin\/wp-json\/wp\/v2\/media?parent=141734"}],"wp:term":[{"taxonomy":"product_brand","embeddable":true,"href":"https:\/\/www.delideli.zoner.dev\/fin\/wp-json\/wp\/v2\/product_brand?post=141734"},{"taxonomy":"product_cat","embeddable":true,"href":"https:\/\/www.delideli.zoner.dev\/fin\/wp-json\/wp\/v2\/product_cat?post=141734"},{"taxonomy":"product_tag","embeddable":true,"href":"https:\/\/www.delideli.zoner.dev\/fin\/wp-json\/wp\/v2\/product_tag?post=141734"}],"curies":[{"name":"wp","href":"https:\/\/api.w.org\/{rel}","templated":true}]}}