{"id":141736,"date":"2024-03-12T18:10:44","date_gmt":"2024-03-12T18:10:44","guid":{"rendered":"https:\/\/www.delideli.zoner.dev\/tuote\/aprikoosihillo-extra-350g\/"},"modified":"2026-05-04T16:14:44","modified_gmt":"2026-05-04T16:14:44","slug":"aprikoosihillo-extra-350g","status":"publish","type":"product","link":"https:\/\/www.delideli.zoner.dev\/fin\/tuote\/aprikoosihillo-extra-350g\/","title":{"rendered":"Aprikoosihillo, Roussillon 350 g"},"content":{"rendered":"<p>Ihanan hedelm\u00e4iset ja herkulliset Lucien Georgelinin hillot valmistetaan edelleen pitk\u00e4\u00e4n keitt\u00e4en suuressa keittopadassa, kuten on tehty vuosikymmenien ajan valmistajan \u00e4idin reseptien mukaan. Aprikoosihillossa k\u00e4ytetyt hedelm\u00e4t on valittu huolella ja k\u00e4sitelty k\u00e4sin parhaan lopputuloksen varmistamiseksi.<\/p>\n<p>Herkullisen reseptin salaisuutena on aito perinteinen valmistustapa, puhtaat raaka-aineet sek\u00e4 luonnollinen pektiini. Hillossa ei ole k\u00e4ytetty lainkaan lis\u00e4- tai s\u00e4il\u00f6nt\u00e4aineita, v\u00e4riaineita tai keinotekoisia aromeja.<\/p>\n<p>Avaamisen j\u00e4lkeen hillo on hyv\u00e4 k\u00e4ytt\u00e4\u00e4 10 p\u00e4iv\u00e4ss\u00e4.<\/p>\n","protected":false},"excerpt":{"rendered":"<p>Ranskalaisen Lucien Georgelinin aprikoosihillo on herkullisen hedelm\u00e4inen hillo, joka on valmistettu vain luonnollisista raaka-aineista. Se sis\u00e4lt\u00e4\u00e4 55 % auringon alla kasvaneita aprikooseja, jotka on keitetty ruokosokerin, pektiinin ja sitruunamehun kanssa herkulliseksi hilloksi. Kokeile niin juustojen, j\u00e4\u00e4tel\u00f6n, pannukakun, ohukaisten kuin croissantin kanssa.<\/p>\n","protected":false},"featured_media":140073,"comment_status":"open","ping_status":"open","template":"","meta":{"_acf_changed":false},"product_brand":[641],"product_cat":[735,710,681,734],"product_tag":[174],"class_list":{"0":"post-141736","1":"product","2":"type-product","3":"status-publish","4":"has-post-thumbnail","6":"product_brand-lucien-georgelin","7":"product_cat-ranskalainen-aamiainen","8":"product_cat-hillot","9":"product_cat-marjat-hedelmat","10":"product_cat-teemat","11":"product_tag-luomu","12":"product_shipping_class-shipping-discount","13":"pa_alkuperamaa-ranska","15":"first","16":"instock","17":"taxable","18":"shipping-taxable","19":"purchasable","20":"product-type-simple","swatches":"rey-swatches","show_selected":""},"acf":[],"_links":{"self":[{"href":"https:\/\/www.delideli.zoner.dev\/fin\/wp-json\/wp\/v2\/product\/141736","targetHints":{"allow":["GET"]}}],"collection":[{"href":"https:\/\/www.delideli.zoner.dev\/fin\/wp-json\/wp\/v2\/product"}],"about":[{"href":"https:\/\/www.delideli.zoner.dev\/fin\/wp-json\/wp\/v2\/types\/product"}],"replies":[{"embeddable":true,"href":"https:\/\/www.delideli.zoner.dev\/fin\/wp-json\/wp\/v2\/comments?post=141736"}],"version-history":[{"count":0,"href":"https:\/\/www.delideli.zoner.dev\/fin\/wp-json\/wp\/v2\/product\/141736\/revisions"}],"wp:featuredmedia":[{"embeddable":true,"href":"https:\/\/www.delideli.zoner.dev\/fin\/wp-json\/wp\/v2\/media\/140073"}],"wp:attachment":[{"href":"https:\/\/www.delideli.zoner.dev\/fin\/wp-json\/wp\/v2\/media?parent=141736"}],"wp:term":[{"taxonomy":"product_brand","embeddable":true,"href":"https:\/\/www.delideli.zoner.dev\/fin\/wp-json\/wp\/v2\/product_brand?post=141736"},{"taxonomy":"product_cat","embeddable":true,"href":"https:\/\/www.delideli.zoner.dev\/fin\/wp-json\/wp\/v2\/product_cat?post=141736"},{"taxonomy":"product_tag","embeddable":true,"href":"https:\/\/www.delideli.zoner.dev\/fin\/wp-json\/wp\/v2\/product_tag?post=141736"}],"curies":[{"name":"wp","href":"https:\/\/api.w.org\/{rel}","templated":true}]}}