{"id":141742,"date":"2024-04-10T03:43:21","date_gmt":"2024-04-10T03:43:21","guid":{"rendered":"https:\/\/www.delideli.zoner.dev\/tuote\/viinirypaleensiemenoljy-delideli-500ml\/"},"modified":"2026-05-04T16:14:49","modified_gmt":"2026-05-04T16:14:49","slug":"viinirypaleensiemenoljy-delideli-500ml","status":"publish","type":"product","link":"https:\/\/www.delideli.zoner.dev\/fin\/tuote\/viinirypaleensiemenoljy-delideli-500ml\/","title":{"rendered":"Viiniryp\u00e4leensiemen\u00f6ljy DeliDeli 500 ml"},"content":{"rendered":"<p>Maultaan neutraali viiniryp\u00e4leensiemen\u00f6ljy on perinteinen fondue\u00f6ljy. Se kest\u00e4\u00e4 hyvin korkeita l\u00e4mp\u00f6tiloja, joten se on mit\u00e4 parhain \u00f6ljy paistamiseen ja friteeraukseen. Sen miedot aromit antavat hedelm\u00e4isen ja hieman hapokkaan h\u00e4iv\u00e4hdyksen ruokiin. Kokeile my\u00f6s etenkin marinadeissa, kastikkeissa ja majoneeseissa!<\/p>\n","protected":false},"excerpt":{"rendered":"<p>Viiniryp\u00e4leensiemen\u00f6ljy kest\u00e4\u00e4 hyvin korkeita l\u00e4mp\u00f6tiloja, joten se on mit\u00e4 parhain \u00f6ljy paistamiseen. DeliDelin oma Italiassa valmistettu viiniryp\u00e4leensiemen\u00f6ljy sis\u00e4lt\u00e4\u00e4 paljon hyvi\u00e4 rasvahappoja ja E-vitamiinia, mik\u00e4 tekee siit\u00e4 luonnollisen osan terveellist\u00e4 ruokavaliota.<\/p>\n","protected":false},"featured_media":140081,"comment_status":"open","ping_status":"open","template":"","meta":{"_acf_changed":false},"product_brand":[626],"product_cat":[677,763,690,678],"product_tag":[],"class_list":{"0":"post-141742","1":"product","2":"type-product","3":"status-publish","4":"has-post-thumbnail","6":"product_brand-delideli-herkkukauppa","7":"product_cat-ajankohtaisia","8":"product_cat-delidelin-tuotemerkki","9":"product_cat-muut-oljyt","10":"product_cat-oljyt-etikat","11":"product_shipping_class-shipping-discount","12":"pa_alkuperamaa-italia","14":"first","15":"instock","16":"taxable","17":"shipping-taxable","18":"purchasable","19":"product-type-simple","swatches":"rey-swatches","show_selected":""},"acf":[],"_links":{"self":[{"href":"https:\/\/www.delideli.zoner.dev\/fin\/wp-json\/wp\/v2\/product\/141742","targetHints":{"allow":["GET"]}}],"collection":[{"href":"https:\/\/www.delideli.zoner.dev\/fin\/wp-json\/wp\/v2\/product"}],"about":[{"href":"https:\/\/www.delideli.zoner.dev\/fin\/wp-json\/wp\/v2\/types\/product"}],"replies":[{"embeddable":true,"href":"https:\/\/www.delideli.zoner.dev\/fin\/wp-json\/wp\/v2\/comments?post=141742"}],"version-history":[{"count":0,"href":"https:\/\/www.delideli.zoner.dev\/fin\/wp-json\/wp\/v2\/product\/141742\/revisions"}],"wp:featuredmedia":[{"embeddable":true,"href":"https:\/\/www.delideli.zoner.dev\/fin\/wp-json\/wp\/v2\/media\/140081"}],"wp:attachment":[{"href":"https:\/\/www.delideli.zoner.dev\/fin\/wp-json\/wp\/v2\/media?parent=141742"}],"wp:term":[{"taxonomy":"product_brand","embeddable":true,"href":"https:\/\/www.delideli.zoner.dev\/fin\/wp-json\/wp\/v2\/product_brand?post=141742"},{"taxonomy":"product_cat","embeddable":true,"href":"https:\/\/www.delideli.zoner.dev\/fin\/wp-json\/wp\/v2\/product_cat?post=141742"},{"taxonomy":"product_tag","embeddable":true,"href":"https:\/\/www.delideli.zoner.dev\/fin\/wp-json\/wp\/v2\/product_tag?post=141742"}],"curies":[{"name":"wp","href":"https:\/\/api.w.org\/{rel}","templated":true}]}}