{"id":141746,"date":"2024-05-20T10:14:04","date_gmt":"2024-05-20T10:14:04","guid":{"rendered":"https:\/\/www.delideli.zoner.dev\/tuote\/hojiblanca-extra-virgin-oliivioljy-early-harvest-luomu-oro-del-desierto-500-ml\/"},"modified":"2026-05-04T16:14:51","modified_gmt":"2026-05-04T16:14:51","slug":"hojiblanca-extra-virgin-oliivioljy-early-harvest-luomu-oro-del-desierto-500-ml","status":"publish","type":"product","link":"https:\/\/www.delideli.zoner.dev\/fin\/tuote\/hojiblanca-extra-virgin-oliivioljy-early-harvest-luomu-oro-del-desierto-500-ml\/","title":{"rendered":"HOJIBLANCA- extra virgin -oliivi\u00f6ljy, early harvest, luomu, Oro del Desierto 500 ml"},"content":{"rendered":"<p>Luomu ekstra-neitsytoliivi\u00f6ljy, jonka tuotanto on rajoitettu, tulee yksinomaan hojiblanca-oliiveista, jotka on korjattu varhaisessa veraisonissa yrityksen omistamalta &#8221;el Vicario&#8221; -tilalta.<br \/>\nKer\u00e4ys: Lokakuun lopusta marraskuun puoliv\u00e4liin.<br \/>\nLajikkeet: Hojiblanca<br \/>\nAlue: Finca el Vicario, Tabernas Desert (Almer\u00eda)<\/p>\n<p>Yhdistelm\u00e4: Suositellaan vihreisiin salaatteihin, paahtoleip\u00e4\u00e4, tuorejuustoa, lihakastikkeita, kylm\u00e4keittoja, salmorejoa, valkosipulia. Ja yleens\u00e4 k\u00e4ytett\u00e4v\u00e4ksi alhaisessa l\u00e4mp\u00f6tilassa tai kylm\u00e4ss\u00e4, se on \u00f6ljy, jolla on eritt\u00e4in korkea aistinvarainen arvo, lajikkeen keskivakaus, joka yhdess\u00e4 varhaisen sadonkorjuun kanssa antaa t\u00e4lle \u00f6ljylle tavallista pidemm\u00e4n k\u00e4ytt\u00f6i\u00e4n. Sen polyfenolipitoisuus vaihtelee v\u00e4lill\u00e4 450-700 mg\/kg er\u00e4st\u00e4 tai vuosikerrasta riippuen.<\/p>\n","protected":false},"excerpt":{"rendered":"<p>Espanjalaisen Oro del Desierton HOJIBLANCA-luomuoliivi\u00f6ljy on early harvest -\u00f6ljy, eli se valmistetaan sadon ensimm\u00e4isist\u00e4, lokakuussa poimittavista oliiveista. Kyseess\u00e4 on my\u00f6s ns. monovarietal-\u00f6ljy, jossa on k\u00e4ytetty ainoastaan yht\u00e4 oliivilajiketta samalta alueelta.<\/p>\n","protected":false},"featured_media":140089,"comment_status":"open","ping_status":"open","template":"","meta":{"_acf_changed":false},"product_brand":[658],"product_cat":[677,753,691,678],"product_tag":[174],"class_list":{"0":"post-141746","1":"product","2":"type-product","3":"status-publish","4":"has-post-thumbnail","6":"product_brand-oro-del-desierto","7":"product_cat-ajankohtaisia","8":"product_cat-my-healthy-oils","9":"product_cat-oliivioljyt","10":"product_cat-oljyt-etikat","11":"product_tag-luomu","12":"product_shipping_class-shipping-discount","13":"pa_alkuperamaa-espanja","14":"pa_oliivioljy-vahva","15":"pa_ruokavalio-luomu","17":"first","18":"instock","19":"taxable","20":"shipping-taxable","21":"purchasable","22":"product-type-simple","swatches":"rey-swatches","show_selected":""},"acf":[],"_links":{"self":[{"href":"https:\/\/www.delideli.zoner.dev\/fin\/wp-json\/wp\/v2\/product\/141746","targetHints":{"allow":["GET"]}}],"collection":[{"href":"https:\/\/www.delideli.zoner.dev\/fin\/wp-json\/wp\/v2\/product"}],"about":[{"href":"https:\/\/www.delideli.zoner.dev\/fin\/wp-json\/wp\/v2\/types\/product"}],"replies":[{"embeddable":true,"href":"https:\/\/www.delideli.zoner.dev\/fin\/wp-json\/wp\/v2\/comments?post=141746"}],"version-history":[{"count":0,"href":"https:\/\/www.delideli.zoner.dev\/fin\/wp-json\/wp\/v2\/product\/141746\/revisions"}],"wp:featuredmedia":[{"embeddable":true,"href":"https:\/\/www.delideli.zoner.dev\/fin\/wp-json\/wp\/v2\/media\/140089"}],"wp:attachment":[{"href":"https:\/\/www.delideli.zoner.dev\/fin\/wp-json\/wp\/v2\/media?parent=141746"}],"wp:term":[{"taxonomy":"product_brand","embeddable":true,"href":"https:\/\/www.delideli.zoner.dev\/fin\/wp-json\/wp\/v2\/product_brand?post=141746"},{"taxonomy":"product_cat","embeddable":true,"href":"https:\/\/www.delideli.zoner.dev\/fin\/wp-json\/wp\/v2\/product_cat?post=141746"},{"taxonomy":"product_tag","embeddable":true,"href":"https:\/\/www.delideli.zoner.dev\/fin\/wp-json\/wp\/v2\/product_tag?post=141746"}],"curies":[{"name":"wp","href":"https:\/\/api.w.org\/{rel}","templated":true}]}}