{"id":141747,"date":"2024-05-20T11:57:04","date_gmt":"2024-05-20T11:57:04","guid":{"rendered":"https:\/\/www.delideli.zoner.dev\/tuote\/kapris-oro-del-deserto-200-g\/"},"modified":"2026-05-04T16:14:51","modified_gmt":"2026-05-04T16:14:51","slug":"kapris-oro-del-deserto-200-g","status":"publish","type":"product","link":"https:\/\/www.delideli.zoner.dev\/fin\/tuote\/kapris-oro-del-deserto-200-g\/","title":{"rendered":"Kapris, Oro del Deserto 200 g"},"content":{"rendered":"<p>DeliDelin merisuolaan s\u00e4il\u00f6tyt italialaiset kaprikset s\u00e4ilytt\u00e4v\u00e4t oman erityisen makunsa ja arominsa paremmin kuin s\u00e4il\u00f6nt\u00e4liemeen s\u00e4il\u00f6tyt kaprikset. Kokeile niit\u00e4 lyhyen liotuksen j\u00e4lkeen sellaisenaan pastakastikkeessa, kalan p\u00e4\u00e4ll\u00e4 tai vaikka pizzassa!<\/p>\n","protected":false},"excerpt":{"rendered":"<p>DeliDelin kaprikset on s\u00e4il\u00f6tty merisuolaan eik\u00e4 s\u00e4il\u00f6nt\u00e4liemeen, mik\u00e4 s\u00e4ilytt\u00e4\u00e4 niiden ainutlaatuisen maun paremmin. Liota kapriksia ennen k\u00e4ytt\u00f6\u00e4 muutaman minuuttia, ja saat niiden herkulliset ja monipuoliset aromit esiin.<\/p>\n","protected":false},"featured_media":141748,"comment_status":"open","ping_status":"open","template":"","meta":{"_acf_changed":false},"product_brand":[658],"product_cat":[677,763,676,701],"product_tag":[],"class_list":{"0":"post-141747","1":"product","2":"type-product","3":"status-publish","4":"has-post-thumbnail","6":"product_brand-oro-del-desierto","7":"product_cat-ajankohtaisia","8":"product_cat-delidelin-tuotemerkki","9":"product_cat-suolaiset","10":"product_cat-vihannekset","11":"product_shipping_class-shipping-discount","12":"pa_alkuperamaa-espanja","13":"pa_alkuperamaa-italia","14":"pa_ruokavalio-luomu","16":"first","17":"instock","18":"taxable","19":"shipping-taxable","20":"purchasable","21":"product-type-simple","swatches":"rey-swatches","show_selected":""},"acf":[],"_links":{"self":[{"href":"https:\/\/www.delideli.zoner.dev\/fin\/wp-json\/wp\/v2\/product\/141747","targetHints":{"allow":["GET"]}}],"collection":[{"href":"https:\/\/www.delideli.zoner.dev\/fin\/wp-json\/wp\/v2\/product"}],"about":[{"href":"https:\/\/www.delideli.zoner.dev\/fin\/wp-json\/wp\/v2\/types\/product"}],"replies":[{"embeddable":true,"href":"https:\/\/www.delideli.zoner.dev\/fin\/wp-json\/wp\/v2\/comments?post=141747"}],"version-history":[{"count":0,"href":"https:\/\/www.delideli.zoner.dev\/fin\/wp-json\/wp\/v2\/product\/141747\/revisions"}],"wp:featuredmedia":[{"embeddable":true,"href":"https:\/\/www.delideli.zoner.dev\/fin\/wp-json\/wp\/v2\/media\/141748"}],"wp:attachment":[{"href":"https:\/\/www.delideli.zoner.dev\/fin\/wp-json\/wp\/v2\/media?parent=141747"}],"wp:term":[{"taxonomy":"product_brand","embeddable":true,"href":"https:\/\/www.delideli.zoner.dev\/fin\/wp-json\/wp\/v2\/product_brand?post=141747"},{"taxonomy":"product_cat","embeddable":true,"href":"https:\/\/www.delideli.zoner.dev\/fin\/wp-json\/wp\/v2\/product_cat?post=141747"},{"taxonomy":"product_tag","embeddable":true,"href":"https:\/\/www.delideli.zoner.dev\/fin\/wp-json\/wp\/v2\/product_tag?post=141747"}],"curies":[{"name":"wp","href":"https:\/\/api.w.org\/{rel}","templated":true}]}}