{"id":141750,"date":"2017-05-12T18:46:59","date_gmt":"2017-05-12T18:46:59","guid":{"rendered":"https:\/\/www.delideli.zoner.dev\/tuote\/aceto-balsamico-di-modena-i-g-p-invecchiato-sigillo-verde-va%c2%a4h-5v-100ml\/"},"modified":"2026-05-04T16:14:52","modified_gmt":"2026-05-04T16:14:52","slug":"aceto-balsamico-di-modena-i-g-p-invecchiato-sigillo-verde-va%c2%a4h-5v-100ml","status":"publish","type":"product","link":"https:\/\/www.delideli.zoner.dev\/fin\/tuote\/aceto-balsamico-di-modena-i-g-p-invecchiato-sigillo-verde-va%c2%a4h-5v-100ml\/","title":{"rendered":"Aceto Balsamico di Modena IGP, Invecchiato, Sigillo Verde 100 ml\n-v\u00e4h 5v"},"content":{"rendered":"<p>Vuosien hiljaisen odottelun j\u00e4lkeen La Bonissiman Aceto Balsamico di Modena IGP Sigillo Verde -balsamico on valmis p\u00e4\u00e4st\u00e4m\u00e4\u00e4n kaikki hedelm\u00e4iset arominsa valloilleen eri ruokalajeja maustamaan. Balsamico on gluteeniton, eik\u00e4 se sis\u00e4ll\u00e4 sulfiitteja, lis\u00e4aineita tai v\u00e4riaineita. La Bonissiman balsamicot valmistaa modenalainen De Pietrin perheyritys, joka aloitti toimintansa jo 1900-luvun alussa.<\/p>\n","protected":false},"excerpt":{"rendered":"<p>Modenalaisen balsamicovalmistajan, La Bonissiman, Sigillo Verde -balsamico on kypsynyt v\u00e4hint\u00e4\u00e4n viiden vuoden ajan tammitynnyreiss\u00e4 valmistajan kellareissa. Sille on kehittynyt intensiivisi\u00e4 hedelm\u00e4isi\u00e4 aromeja sek\u00e4 klassinen tumma v\u00e4ri. Kokeile Sigillo Verde -balsamicoa etenkin paistien ja lihapatojen maustajana tai eleganttina kastikkeella keitetyille vihanneksille.<\/p>\n","protected":false},"featured_media":138714,"comment_status":"open","ping_status":"open","template":"","meta":{"_acf_changed":false},"product_brand":[633],"product_cat":[730,678],"product_tag":[],"class_list":{"0":"post-141750","1":"product","2":"type-product","3":"status-publish","4":"has-post-thumbnail","6":"product_brand-la-bonissima","7":"product_cat-balsamicot","8":"product_cat-oljyt-etikat","9":"product_shipping_class-shipping-discount","10":"pa_alkuperamaa-italia","12":"first","13":"outofstock","14":"taxable","15":"shipping-taxable","16":"purchasable","17":"product-type-simple","swatches":"rey-swatches","show_selected":""},"acf":[],"_links":{"self":[{"href":"https:\/\/www.delideli.zoner.dev\/fin\/wp-json\/wp\/v2\/product\/141750","targetHints":{"allow":["GET"]}}],"collection":[{"href":"https:\/\/www.delideli.zoner.dev\/fin\/wp-json\/wp\/v2\/product"}],"about":[{"href":"https:\/\/www.delideli.zoner.dev\/fin\/wp-json\/wp\/v2\/types\/product"}],"replies":[{"embeddable":true,"href":"https:\/\/www.delideli.zoner.dev\/fin\/wp-json\/wp\/v2\/comments?post=141750"}],"version-history":[{"count":0,"href":"https:\/\/www.delideli.zoner.dev\/fin\/wp-json\/wp\/v2\/product\/141750\/revisions"}],"wp:featuredmedia":[{"embeddable":true,"href":"https:\/\/www.delideli.zoner.dev\/fin\/wp-json\/wp\/v2\/media\/138714"}],"wp:attachment":[{"href":"https:\/\/www.delideli.zoner.dev\/fin\/wp-json\/wp\/v2\/media?parent=141750"}],"wp:term":[{"taxonomy":"product_brand","embeddable":true,"href":"https:\/\/www.delideli.zoner.dev\/fin\/wp-json\/wp\/v2\/product_brand?post=141750"},{"taxonomy":"product_cat","embeddable":true,"href":"https:\/\/www.delideli.zoner.dev\/fin\/wp-json\/wp\/v2\/product_cat?post=141750"},{"taxonomy":"product_tag","embeddable":true,"href":"https:\/\/www.delideli.zoner.dev\/fin\/wp-json\/wp\/v2\/product_tag?post=141750"}],"curies":[{"name":"wp","href":"https:\/\/api.w.org\/{rel}","templated":true}]}}