{"id":141751,"date":"2024-07-22T17:20:46","date_gmt":"2024-07-22T17:20:46","guid":{"rendered":"https:\/\/www.delideli.zoner.dev\/tuote\/luomuoliivioljy-bio-italia-umbria-terre-francescane-075-l\/"},"modified":"2026-05-04T16:14:53","modified_gmt":"2026-05-04T16:14:53","slug":"luomuoliivioljy-bio-italia-umbria-terre-francescane-075-l","status":"publish","type":"product","link":"https:\/\/www.delideli.zoner.dev\/fin\/tuote\/luomuoliivioljy-bio-italia-umbria-terre-francescane-075-l\/","title":{"rendered":"Luomuoliivi\u00f6ljy BIO, Italia Umbria, Terre Francescane 0,75 l"},"content":{"rendered":"<p>Italialaisen Terre Francescanen luomuoliivi\u00f6ljy BIO on valmistettu Italian parhaimmista luomuoliiveista ja kylm\u00e4puristettu korkealaatuiseksi ekstraneitsytoliivi\u00f6ljyksi. \u00d6ljy\u00e4 on saatavilla ainoastaan rajoitettuja eri\u00e4. \u00d6ljyss\u00e4 k\u00e4ytetyt oliivilajikkeet ovat p\u00e4\u00e4asiassa Leccino, Frantoio sek\u00e4 Peranzana.<br \/>\nHedelm\u00e4isten, ruohomaisten ja artisokan aromien lis\u00e4ksi \u00f6ljyn j\u00e4lkimaussa on pient\u00e4 pippurisuutta. BIO-oliivi\u00f6ljy sopii erityisen hyvin viimeistelem\u00e4\u00e4n punaisen lihan annokset, grilliruoat, salaatit, pastat ja paahdetut vihannekset.<\/p>\n","protected":false},"excerpt":{"rendered":"<p>Terre Francescanen luomuoliivi\u00f6ljy BIO on 100-prosenttisesti italialaista ja 100 prosenttia luomua. \u00d6ljy on eri lajikkeista tehty sekoitus, johon on valittu Italian parhaimmat luomuviljellyt oliivit. Oliivi\u00f6ljyss\u00e4 on voimakas hedelm\u00e4inen aromi, jota t\u00e4ydent\u00e4v\u00e4t ruohomainen ja artisokkamainen aromi. Kokeile esimerkiksi carpacciossa, tomaatti-mozzarellasalaatissa tai vihanneskeiton p\u00e4\u00e4ll\u00e4!<\/p>\n","protected":false},"featured_media":140096,"comment_status":"open","ping_status":"open","template":"","meta":{"_acf_changed":false},"product_brand":[655],"product_cat":[677,699,753,691,678],"product_tag":[177],"class_list":{"0":"post-141751","1":"product","2":"type-product","3":"status-publish","4":"has-post-thumbnail","6":"product_brand-terre-francescane","7":"product_cat-ajankohtaisia","8":"product_cat-luomutuotteet","9":"product_cat-my-healthy-oils","10":"product_cat-oliivioljyt","11":"product_cat-oljyt-etikat","12":"product_tag-oliivioljy","13":"product_shipping_class-shipping-discount","14":"pa_alkuperamaa-italia","15":"pa_oliivioljy-keskivahva","16":"pa_ruokavalio-luomu","18":"first","19":"instock","20":"taxable","21":"shipping-taxable","22":"purchasable","23":"product-type-simple","swatches":"rey-swatches","show_selected":""},"acf":[],"_links":{"self":[{"href":"https:\/\/www.delideli.zoner.dev\/fin\/wp-json\/wp\/v2\/product\/141751","targetHints":{"allow":["GET"]}}],"collection":[{"href":"https:\/\/www.delideli.zoner.dev\/fin\/wp-json\/wp\/v2\/product"}],"about":[{"href":"https:\/\/www.delideli.zoner.dev\/fin\/wp-json\/wp\/v2\/types\/product"}],"replies":[{"embeddable":true,"href":"https:\/\/www.delideli.zoner.dev\/fin\/wp-json\/wp\/v2\/comments?post=141751"}],"version-history":[{"count":0,"href":"https:\/\/www.delideli.zoner.dev\/fin\/wp-json\/wp\/v2\/product\/141751\/revisions"}],"wp:featuredmedia":[{"embeddable":true,"href":"https:\/\/www.delideli.zoner.dev\/fin\/wp-json\/wp\/v2\/media\/140096"}],"wp:attachment":[{"href":"https:\/\/www.delideli.zoner.dev\/fin\/wp-json\/wp\/v2\/media?parent=141751"}],"wp:term":[{"taxonomy":"product_brand","embeddable":true,"href":"https:\/\/www.delideli.zoner.dev\/fin\/wp-json\/wp\/v2\/product_brand?post=141751"},{"taxonomy":"product_cat","embeddable":true,"href":"https:\/\/www.delideli.zoner.dev\/fin\/wp-json\/wp\/v2\/product_cat?post=141751"},{"taxonomy":"product_tag","embeddable":true,"href":"https:\/\/www.delideli.zoner.dev\/fin\/wp-json\/wp\/v2\/product_tag?post=141751"}],"curies":[{"name":"wp","href":"https:\/\/api.w.org\/{rel}","templated":true}]}}