{"id":141756,"date":"2023-12-06T09:46:36","date_gmt":"2023-12-06T09:46:36","guid":{"rendered":"https:\/\/www.delideli.zoner.dev\/tuote\/pink-guava-hillo-320g\/"},"modified":"2026-05-04T16:14:56","modified_gmt":"2026-05-04T16:14:56","slug":"pink-guava-hillo-320g","status":"publish","type":"product","link":"https:\/\/www.delideli.zoner.dev\/fin\/tuote\/pink-guava-hillo-320g\/","title":{"rendered":"Pink guava -hillo 320 g"},"content":{"rendered":"<p>DeliDelin herkullinen pink guava -hillo valmistetaan vain luonnollisista raaka-aineista Ranskassa, eik\u00e4 se sis\u00e4ll\u00e4 keinotekoisia aromeja, v\u00e4ri- tai s\u00e4il\u00f6nt\u00e4aineita. Se sis\u00e4lt\u00e4\u00e4 jopa 55 % guavaa sek\u00e4 lis\u00e4ksi vain ruokosokeria, luonnollisia hyytel\u00f6imisaineita ja sitruunamehua.<\/p>\n","protected":false},"excerpt":{"rendered":"<p>Etel\u00e4-Amerikassa l\u00e4hes symbolin kaltainen hedelm\u00e4 guava on jalostunut DeliDelin Pink guava -hillossa samettisen eksoottiseksi herkuksi. Kokeile sit\u00e4 sellaisenaan vaikka osana j\u00e4lkiruokaa panna cottan p\u00e4\u00e4ll\u00e4 tai mansikkapiiraassa. Se on my\u00f6s odottamattoman hyv\u00e4 kumppani juustolautaselle!<\/p>\n","protected":false},"featured_media":140106,"comment_status":"open","ping_status":"open","template":"","meta":{"_acf_changed":false},"product_brand":[626],"product_cat":[677,763,710,681],"product_tag":[],"class_list":{"0":"post-141756","1":"product","2":"type-product","3":"status-publish","4":"has-post-thumbnail","6":"product_brand-delideli-herkkukauppa","7":"product_cat-ajankohtaisia","8":"product_cat-delidelin-tuotemerkki","9":"product_cat-hillot","10":"product_cat-marjat-hedelmat","11":"pa_alkuperamaa-ranska","13":"first","14":"instock","15":"taxable","16":"shipping-taxable","17":"purchasable","18":"product-type-simple","swatches":"rey-swatches","show_selected":""},"acf":[],"_links":{"self":[{"href":"https:\/\/www.delideli.zoner.dev\/fin\/wp-json\/wp\/v2\/product\/141756","targetHints":{"allow":["GET"]}}],"collection":[{"href":"https:\/\/www.delideli.zoner.dev\/fin\/wp-json\/wp\/v2\/product"}],"about":[{"href":"https:\/\/www.delideli.zoner.dev\/fin\/wp-json\/wp\/v2\/types\/product"}],"replies":[{"embeddable":true,"href":"https:\/\/www.delideli.zoner.dev\/fin\/wp-json\/wp\/v2\/comments?post=141756"}],"version-history":[{"count":0,"href":"https:\/\/www.delideli.zoner.dev\/fin\/wp-json\/wp\/v2\/product\/141756\/revisions"}],"wp:featuredmedia":[{"embeddable":true,"href":"https:\/\/www.delideli.zoner.dev\/fin\/wp-json\/wp\/v2\/media\/140106"}],"wp:attachment":[{"href":"https:\/\/www.delideli.zoner.dev\/fin\/wp-json\/wp\/v2\/media?parent=141756"}],"wp:term":[{"taxonomy":"product_brand","embeddable":true,"href":"https:\/\/www.delideli.zoner.dev\/fin\/wp-json\/wp\/v2\/product_brand?post=141756"},{"taxonomy":"product_cat","embeddable":true,"href":"https:\/\/www.delideli.zoner.dev\/fin\/wp-json\/wp\/v2\/product_cat?post=141756"},{"taxonomy":"product_tag","embeddable":true,"href":"https:\/\/www.delideli.zoner.dev\/fin\/wp-json\/wp\/v2\/product_tag?post=141756"}],"curies":[{"name":"wp","href":"https:\/\/api.w.org\/{rel}","templated":true}]}}