{"id":141757,"date":"2023-12-06T09:46:36","date_gmt":"2023-12-06T09:46:36","guid":{"rendered":"https:\/\/www.delideli.zoner.dev\/tuote\/mango-ananas-hillo-320g\/"},"modified":"2026-05-04T16:14:57","modified_gmt":"2026-05-04T16:14:57","slug":"mango-ananas-hillo-320g","status":"publish","type":"product","link":"https:\/\/www.delideli.zoner.dev\/fin\/tuote\/mango-ananas-hillo-320g\/","title":{"rendered":"Mango-ananashillo 320 g"},"content":{"rendered":"<p>DeliDelin ihanan hedelm\u00e4inen mango-ananashillo valmistetaan vain luonnollisista raaka-aineista Ranskassa, eik\u00e4 se sis\u00e4ll\u00e4 lainkaan keinotekoisia aromeja, v\u00e4ri- tai s\u00e4il\u00f6nt\u00e4aineita. Se sis\u00e4lt\u00e4\u00e4 jopa 62 % hedelm\u00e4\u00e4 sek\u00e4 lis\u00e4ksi vain ruokosokeria, luonnollisia sakeuttamisaineita ja sitruunamehua.<\/p>\n","protected":false},"excerpt":{"rendered":"<p>DeliDelin oma mango-ananashillo on trooppisen makea ja maukas hedelm\u00e4hillo. Ananas tuo siihen kuitenkin hieman sopivaa hapokkuutta. Hillo sopii t\u00e4ydellisesti esimerkiksi panna cottan p\u00e4\u00e4lle, erilaisiin kookosj\u00e4lkiruokiin ja hedelm\u00e4mousseen.<\/p>\n","protected":false},"featured_media":140108,"comment_status":"open","ping_status":"open","template":"","meta":{"_acf_changed":false},"product_brand":[626],"product_cat":[677,763,710,681],"product_tag":[],"class_list":{"0":"post-141757","1":"product","2":"type-product","3":"status-publish","4":"has-post-thumbnail","6":"product_brand-delideli-herkkukauppa","7":"product_cat-ajankohtaisia","8":"product_cat-delidelin-tuotemerkki","9":"product_cat-hillot","10":"product_cat-marjat-hedelmat","11":"pa_alkuperamaa-ranska","13":"first","14":"instock","15":"taxable","16":"shipping-taxable","17":"purchasable","18":"product-type-simple","swatches":"rey-swatches","show_selected":""},"acf":[],"_links":{"self":[{"href":"https:\/\/www.delideli.zoner.dev\/fin\/wp-json\/wp\/v2\/product\/141757","targetHints":{"allow":["GET"]}}],"collection":[{"href":"https:\/\/www.delideli.zoner.dev\/fin\/wp-json\/wp\/v2\/product"}],"about":[{"href":"https:\/\/www.delideli.zoner.dev\/fin\/wp-json\/wp\/v2\/types\/product"}],"replies":[{"embeddable":true,"href":"https:\/\/www.delideli.zoner.dev\/fin\/wp-json\/wp\/v2\/comments?post=141757"}],"version-history":[{"count":0,"href":"https:\/\/www.delideli.zoner.dev\/fin\/wp-json\/wp\/v2\/product\/141757\/revisions"}],"wp:featuredmedia":[{"embeddable":true,"href":"https:\/\/www.delideli.zoner.dev\/fin\/wp-json\/wp\/v2\/media\/140108"}],"wp:attachment":[{"href":"https:\/\/www.delideli.zoner.dev\/fin\/wp-json\/wp\/v2\/media?parent=141757"}],"wp:term":[{"taxonomy":"product_brand","embeddable":true,"href":"https:\/\/www.delideli.zoner.dev\/fin\/wp-json\/wp\/v2\/product_brand?post=141757"},{"taxonomy":"product_cat","embeddable":true,"href":"https:\/\/www.delideli.zoner.dev\/fin\/wp-json\/wp\/v2\/product_cat?post=141757"},{"taxonomy":"product_tag","embeddable":true,"href":"https:\/\/www.delideli.zoner.dev\/fin\/wp-json\/wp\/v2\/product_tag?post=141757"}],"curies":[{"name":"wp","href":"https:\/\/api.w.org\/{rel}","templated":true}]}}