{"id":141759,"date":"2023-12-06T09:46:36","date_gmt":"2023-12-06T09:46:36","guid":{"rendered":"https:\/\/www.delideli.zoner.dev\/tuote\/mantelinen-rukolapesto-100g\/"},"modified":"2026-05-04T16:15:01","modified_gmt":"2026-05-04T16:15:01","slug":"mantelinen-rukolapesto-100g","status":"publish","type":"product","link":"https:\/\/www.delideli.zoner.dev\/fin\/tuote\/mantelinen-rukolapesto-100g\/","title":{"rendered":"Mantelinen rukolapesto 100g"},"content":{"rendered":"<p>DeliDelin maukas mantelinen rukolapesto valmistetaan vain luonnollisista raaka-aineista, eik\u00e4 se sis\u00e4ll\u00e4 lainkaan keinotekoisia aromeja, v\u00e4ri- tai s\u00e4il\u00f6nt\u00e4aineita. Se sis\u00e4lt\u00e4\u00e4 44 % rukolaa sek\u00e4 lis\u00e4ksi vain extra virgin -oliivi\u00f6ljy\u00e4, valkosipulia, manteleita, suolaa, sitruunamehua ja mausteita.<\/p>\n","protected":false},"excerpt":{"rendered":"<p>DeliDelin oma mantelinen rukolapesto on herkullinen versio tutusta vihre\u00e4st\u00e4 pestosta. Se on valmistettu Ranskassa vain laadukkaista ja luonnollisista raaka-aineista. Peston rakenne on sopivan rouheinen, ja se sopiikin pastan lis\u00e4ksi loistavasti my\u00f6s sellaisenaan esimerkiksi leiv\u00e4n p\u00e4\u00e4lle aperitiivina. Kokeile pestoa my\u00f6s kes\u00e4isess\u00e4 salaatissa tai kalan p\u00e4\u00e4ll\u00e4.<\/p>\n","protected":false},"featured_media":140112,"comment_status":"open","ping_status":"open","template":"","meta":{"_acf_changed":false},"product_brand":[626],"product_cat":[677,763,688,718,676],"product_tag":[],"class_list":{"0":"post-141759","1":"product","2":"type-product","3":"status-publish","4":"has-post-thumbnail","6":"product_brand-delideli-herkkukauppa","7":"product_cat-ajankohtaisia","8":"product_cat-delidelin-tuotemerkki","9":"product_cat-kastikkeet","10":"product_cat-levitteet","11":"product_cat-suolaiset","12":"pa_alkuperamaa-ranska","14":"first","15":"instock","16":"taxable","17":"shipping-taxable","18":"purchasable","19":"product-type-simple","swatches":"rey-swatches","show_selected":""},"acf":[],"_links":{"self":[{"href":"https:\/\/www.delideli.zoner.dev\/fin\/wp-json\/wp\/v2\/product\/141759","targetHints":{"allow":["GET"]}}],"collection":[{"href":"https:\/\/www.delideli.zoner.dev\/fin\/wp-json\/wp\/v2\/product"}],"about":[{"href":"https:\/\/www.delideli.zoner.dev\/fin\/wp-json\/wp\/v2\/types\/product"}],"replies":[{"embeddable":true,"href":"https:\/\/www.delideli.zoner.dev\/fin\/wp-json\/wp\/v2\/comments?post=141759"}],"version-history":[{"count":0,"href":"https:\/\/www.delideli.zoner.dev\/fin\/wp-json\/wp\/v2\/product\/141759\/revisions"}],"wp:featuredmedia":[{"embeddable":true,"href":"https:\/\/www.delideli.zoner.dev\/fin\/wp-json\/wp\/v2\/media\/140112"}],"wp:attachment":[{"href":"https:\/\/www.delideli.zoner.dev\/fin\/wp-json\/wp\/v2\/media?parent=141759"}],"wp:term":[{"taxonomy":"product_brand","embeddable":true,"href":"https:\/\/www.delideli.zoner.dev\/fin\/wp-json\/wp\/v2\/product_brand?post=141759"},{"taxonomy":"product_cat","embeddable":true,"href":"https:\/\/www.delideli.zoner.dev\/fin\/wp-json\/wp\/v2\/product_cat?post=141759"},{"taxonomy":"product_tag","embeddable":true,"href":"https:\/\/www.delideli.zoner.dev\/fin\/wp-json\/wp\/v2\/product_tag?post=141759"}],"curies":[{"name":"wp","href":"https:\/\/api.w.org\/{rel}","templated":true}]}}