{"id":141762,"date":"2023-12-06T09:46:36","date_gmt":"2023-12-06T09:46:36","guid":{"rendered":"https:\/\/www.delideli.zoner.dev\/tuote\/ranskalainen-saksanpahkinasinappi-200g\/"},"modified":"2026-05-04T16:15:02","modified_gmt":"2026-05-04T16:15:02","slug":"ranskalainen-saksanpahkinasinappi-200g","status":"publish","type":"product","link":"https:\/\/www.delideli.zoner.dev\/fin\/tuote\/ranskalainen-saksanpahkinasinappi-200g\/","title":{"rendered":"Ranskalainen saksanp\u00e4hkin\u00e4sinappi 200g"},"content":{"rendered":"<p>DeliDelin herkullinen saksanp\u00e4hkin\u00e4sinappi valmistetaan vain luonnollisista raaka-aineista, eik\u00e4 se sis\u00e4ll\u00e4 lainkaan keinotekoisia aromeja tai v\u00e4riaineita. Perinteinen ranskalainen sinappi on py\u00f6ristetty saksanp\u00e4hkin\u00e4tahnalla, joka sulautuu osaksi sinapin silkkist\u00e4 koostumusta.<\/p>\n","protected":false},"excerpt":{"rendered":"<p>DeliDelin ranskalainen saksanp\u00e4hkin\u00e4sinappi on lempe\u00e4n herkullinen sinappi. Saksanp\u00e4hkin\u00e4 py\u00f6rist\u00e4\u00e4 sinapin kirpeytt\u00e4 t\u00e4ydellisesti. Kokeile saksanp\u00e4hkin\u00e4sinappia salaatinkastikkeissa, suolaisen piiraan pohjalla, siipikarjan kanssa tai vaaleilla lihoilla.<\/p>\n","protected":false},"featured_media":140118,"comment_status":"open","ping_status":"open","template":"","meta":{"_acf_changed":false},"product_brand":[626],"product_cat":[677,763,716,676],"product_tag":[],"class_list":{"0":"post-141762","1":"product","2":"type-product","3":"status-publish","4":"has-post-thumbnail","6":"product_brand-delideli-herkkukauppa","7":"product_cat-ajankohtaisia","8":"product_cat-delidelin-tuotemerkki","9":"product_cat-sinapit","10":"product_cat-suolaiset","11":"pa_alkuperamaa-ranska","13":"first","14":"instock","15":"taxable","16":"shipping-taxable","17":"purchasable","18":"product-type-simple","swatches":"rey-swatches","show_selected":""},"acf":[],"_links":{"self":[{"href":"https:\/\/www.delideli.zoner.dev\/fin\/wp-json\/wp\/v2\/product\/141762","targetHints":{"allow":["GET"]}}],"collection":[{"href":"https:\/\/www.delideli.zoner.dev\/fin\/wp-json\/wp\/v2\/product"}],"about":[{"href":"https:\/\/www.delideli.zoner.dev\/fin\/wp-json\/wp\/v2\/types\/product"}],"replies":[{"embeddable":true,"href":"https:\/\/www.delideli.zoner.dev\/fin\/wp-json\/wp\/v2\/comments?post=141762"}],"version-history":[{"count":0,"href":"https:\/\/www.delideli.zoner.dev\/fin\/wp-json\/wp\/v2\/product\/141762\/revisions"}],"wp:featuredmedia":[{"embeddable":true,"href":"https:\/\/www.delideli.zoner.dev\/fin\/wp-json\/wp\/v2\/media\/140118"}],"wp:attachment":[{"href":"https:\/\/www.delideli.zoner.dev\/fin\/wp-json\/wp\/v2\/media?parent=141762"}],"wp:term":[{"taxonomy":"product_brand","embeddable":true,"href":"https:\/\/www.delideli.zoner.dev\/fin\/wp-json\/wp\/v2\/product_brand?post=141762"},{"taxonomy":"product_cat","embeddable":true,"href":"https:\/\/www.delideli.zoner.dev\/fin\/wp-json\/wp\/v2\/product_cat?post=141762"},{"taxonomy":"product_tag","embeddable":true,"href":"https:\/\/www.delideli.zoner.dev\/fin\/wp-json\/wp\/v2\/product_tag?post=141762"}],"curies":[{"name":"wp","href":"https:\/\/api.w.org\/{rel}","templated":true}]}}