{"id":141763,"date":"2024-10-04T13:07:51","date_gmt":"2024-10-04T13:07:51","guid":{"rendered":"https:\/\/www.delideli.zoner.dev\/tuote\/kori-kartonkisalkku-ikkunalla-345x26x115cm\/"},"modified":"2026-05-04T16:15:02","modified_gmt":"2026-05-04T16:15:02","slug":"kori-kartonkisalkku-ikkunalla-345x26x115cm","status":"publish","type":"product","link":"https:\/\/www.delideli.zoner.dev\/fin\/tuote\/kori-kartonkisalkku-ikkunalla-345x26x115cm\/","title":{"rendered":"KORI kartonkisalkku ikkunalla 34,5x26x11,5cm"},"content":{"rendered":"<p>T\u00e4m\u00e4 suorakaiteen muotoinen kartonkilaukku, jossa on ruskea sis\u00e4puoli, on kooltaan 34,5x26x11,5 cm. Se on k\u00e4yt\u00e4nn\u00f6llinen ja tyylik\u00e4s tapa esitell\u00e4 ja kuljettaa tuotteita. L\u00e4pin\u00e4kyv\u00e4 ikkuna tuo tuotteet hyvin esille, ja kest\u00e4v\u00e4t kartonkikahvat sek\u00e4 helppo avaaminen tekev\u00e4t laukusta helppok\u00e4ytt\u00f6isen. Laukku on valmistettu kierr\u00e4tyskartongista, joten se on sek\u00e4 ymp\u00e4rist\u00f6yst\u00e4v\u00e4llinen ett\u00e4 kest\u00e4v\u00e4. Se on hyv\u00e4 valinta niille, jotka haluavat yhdist\u00e4\u00e4 tyylin ja ymp\u00e4rist\u00f6vastuun.<\/p>\n","protected":false},"excerpt":{"rendered":"<p>T\u00e4m\u00e4 suorakaiteen muotoinen kartonkilaukku, jossa on ruskea sis\u00e4puoli, on kooltaan 34,5x26x11,5 cm. Se on k\u00e4yt\u00e4nn\u00f6llinen ja tyylik\u00e4s tapa esitell\u00e4 ja kuljettaa tuotteita. L\u00e4pin\u00e4kyv\u00e4 ikkuna tuo tuotteet hyvin esille, ja kest\u00e4v\u00e4t kartonkikahvat sek\u00e4 helppo avaaminen tekev\u00e4t laukusta helppok\u00e4ytt\u00f6isen. Laukku on valmistettu kierr\u00e4tyskartongista, joten se on sek\u00e4 ymp\u00e4rist\u00f6yst\u00e4v\u00e4llinen ett\u00e4 kest\u00e4v\u00e4. Se on hyv\u00e4 valinta niille, jotka haluavat yhdist\u00e4\u00e4 tyylin ja ymp\u00e4rist\u00f6vastuun.<\/p>\n","protected":false},"featured_media":140120,"comment_status":"open","ping_status":"open","template":"","meta":{"_acf_changed":false},"product_brand":[625],"product_cat":[727,749],"product_tag":[],"class_list":{"0":"post-141763","1":"product","2":"type-product","3":"status-publish","4":"has-post-thumbnail","6":"product_brand-delideli","7":"product_cat-lahjaksi","8":"product_cat-lahjapakkaustarvikkeet","9":"product_shipping_class-shipping-discount","10":"pa_alkuperamaa-ranska","12":"first","13":"instock","14":"taxable","15":"shipping-taxable","16":"purchasable","17":"product-type-simple","swatches":"rey-swatches","show_selected":""},"acf":[],"_links":{"self":[{"href":"https:\/\/www.delideli.zoner.dev\/fin\/wp-json\/wp\/v2\/product\/141763","targetHints":{"allow":["GET"]}}],"collection":[{"href":"https:\/\/www.delideli.zoner.dev\/fin\/wp-json\/wp\/v2\/product"}],"about":[{"href":"https:\/\/www.delideli.zoner.dev\/fin\/wp-json\/wp\/v2\/types\/product"}],"replies":[{"embeddable":true,"href":"https:\/\/www.delideli.zoner.dev\/fin\/wp-json\/wp\/v2\/comments?post=141763"}],"version-history":[{"count":0,"href":"https:\/\/www.delideli.zoner.dev\/fin\/wp-json\/wp\/v2\/product\/141763\/revisions"}],"wp:featuredmedia":[{"embeddable":true,"href":"https:\/\/www.delideli.zoner.dev\/fin\/wp-json\/wp\/v2\/media\/140120"}],"wp:attachment":[{"href":"https:\/\/www.delideli.zoner.dev\/fin\/wp-json\/wp\/v2\/media?parent=141763"}],"wp:term":[{"taxonomy":"product_brand","embeddable":true,"href":"https:\/\/www.delideli.zoner.dev\/fin\/wp-json\/wp\/v2\/product_brand?post=141763"},{"taxonomy":"product_cat","embeddable":true,"href":"https:\/\/www.delideli.zoner.dev\/fin\/wp-json\/wp\/v2\/product_cat?post=141763"},{"taxonomy":"product_tag","embeddable":true,"href":"https:\/\/www.delideli.zoner.dev\/fin\/wp-json\/wp\/v2\/product_tag?post=141763"}],"curies":[{"name":"wp","href":"https:\/\/api.w.org\/{rel}","templated":true}]}}