{"id":141766,"date":"2024-10-04T14:32:56","date_gmt":"2024-10-04T14:32:56","guid":{"rendered":"https:\/\/www.delideli.zoner.dev\/tuote\/kori-kartonkisalkku-345x22x12cm\/"},"modified":"2026-05-04T16:15:03","modified_gmt":"2026-05-04T16:15:03","slug":"kori-kartonkisalkku-345x22x12cm","status":"publish","type":"product","link":"https:\/\/www.delideli.zoner.dev\/fin\/tuote\/kori-kartonkisalkku-345x22x12cm\/","title":{"rendered":"KORI kartonkisalkku 34,5x22x12cm"},"content":{"rendered":"<p>T\u00e4m\u00e4 suorakaiteen muotoinen, kooltaan 34,5x22x12 cm kraft-kartonkilaukku yhdist\u00e4\u00e4 k\u00e4yt\u00e4nn\u00f6llisyyden ja tyylikkyyden. Se on erinomainen valinta kauppoihin, yrityslahjoihin, lahjapakkauksiin ja paljon muuhun. Toimitetaan litte\u00e4n\u00e4, mik\u00e4 s\u00e4\u00e4st\u00e4\u00e4 tilaa ja helpottaa pakkaamista. Ranskassa kraft-kartongista valmistettu laukku antaa esittelyihisi luonnollisen ja aidon ilmeen. Neutraalin v\u00e4rins\u00e4 ansiosta sit\u00e4 on helppo koristella nauhoilla, etiketeill\u00e4 tai muilla koristeilla, mik\u00e4 tekee esityksest\u00e4 ainutlaatuisen.<\/p>\n","protected":false},"excerpt":{"rendered":"<p>T\u00e4m\u00e4 suorakaiteen muotoinen, kooltaan 34,5x22x12 cm kraft-kartonkilaukku yhdist\u00e4\u00e4 k\u00e4yt\u00e4nn\u00f6llisyyden ja tyylikkyyden. Se on erinomainen valinta kauppoihin, yrityslahjoihin, lahjapakkauksiin ja paljon muuhun. Toimitetaan litte\u00e4n\u00e4, mik\u00e4 s\u00e4\u00e4st\u00e4\u00e4 tilaa ja helpottaa pakkaamista. Ranskassa kraft-kartongista valmistettu laukku antaa esittelyihisi luonnollisen ja aidon ilmeen. Neutraalin v\u00e4rins\u00e4 ansiosta sit\u00e4 on helppo koristella nauhoilla, etiketeill\u00e4 tai muilla koristeilla, mik\u00e4 tekee esityksest\u00e4 ainutlaatuisen.<\/p>\n","protected":false},"featured_media":140122,"comment_status":"open","ping_status":"open","template":"","meta":{"_acf_changed":false},"product_brand":[625],"product_cat":[727,749],"product_tag":[],"class_list":{"0":"post-141766","1":"product","2":"type-product","3":"status-publish","4":"has-post-thumbnail","6":"product_brand-delideli","7":"product_cat-lahjaksi","8":"product_cat-lahjapakkaustarvikkeet","9":"product_shipping_class-shipping-discount","10":"pa_alkuperamaa-ranska","12":"first","13":"instock","14":"taxable","15":"shipping-taxable","16":"purchasable","17":"product-type-simple","swatches":"rey-swatches","show_selected":""},"acf":[],"_links":{"self":[{"href":"https:\/\/www.delideli.zoner.dev\/fin\/wp-json\/wp\/v2\/product\/141766","targetHints":{"allow":["GET"]}}],"collection":[{"href":"https:\/\/www.delideli.zoner.dev\/fin\/wp-json\/wp\/v2\/product"}],"about":[{"href":"https:\/\/www.delideli.zoner.dev\/fin\/wp-json\/wp\/v2\/types\/product"}],"replies":[{"embeddable":true,"href":"https:\/\/www.delideli.zoner.dev\/fin\/wp-json\/wp\/v2\/comments?post=141766"}],"version-history":[{"count":0,"href":"https:\/\/www.delideli.zoner.dev\/fin\/wp-json\/wp\/v2\/product\/141766\/revisions"}],"wp:featuredmedia":[{"embeddable":true,"href":"https:\/\/www.delideli.zoner.dev\/fin\/wp-json\/wp\/v2\/media\/140122"}],"wp:attachment":[{"href":"https:\/\/www.delideli.zoner.dev\/fin\/wp-json\/wp\/v2\/media?parent=141766"}],"wp:term":[{"taxonomy":"product_brand","embeddable":true,"href":"https:\/\/www.delideli.zoner.dev\/fin\/wp-json\/wp\/v2\/product_brand?post=141766"},{"taxonomy":"product_cat","embeddable":true,"href":"https:\/\/www.delideli.zoner.dev\/fin\/wp-json\/wp\/v2\/product_cat?post=141766"},{"taxonomy":"product_tag","embeddable":true,"href":"https:\/\/www.delideli.zoner.dev\/fin\/wp-json\/wp\/v2\/product_tag?post=141766"}],"curies":[{"name":"wp","href":"https:\/\/api.w.org\/{rel}","templated":true}]}}