{"id":141769,"date":"2024-10-11T12:03:59","date_gmt":"2024-10-11T12:03:59","guid":{"rendered":"https:\/\/www.delideli.zoner.dev\/tuote\/herkkubox-delideli\/"},"modified":"2026-05-04T16:15:11","modified_gmt":"2026-05-04T16:15:11","slug":"herkkubox-delideli","status":"publish","type":"product","link":"https:\/\/www.delideli.zoner.dev\/fin\/tuote\/herkkubox-delideli\/","title":{"rendered":"Herkkubox DeliDeli"},"content":{"rendered":"<p>T\u00e4m\u00e4 k\u00e4tev\u00e4 salkku on t\u00e4ynn\u00e4 parhaita DeliDelin makuja ja sopii erinomaisesti mm asiakaslahjaksi.<br \/>\nPerinteeksi jo muodostuneet ankankoivet on helppo valmistaa purkista l\u00f6ytyv\u00e4n ohjeen mukaan, oli saaja sitten kotikokki tai gourmet kokki. Varmasti onnistuu.<br \/>\n1618 &#8211; KORI kartonkisalkku 34,5x22x12cm<br \/>\n256 &#8211; Ankankoivet 4-5 koipea<br \/>\n9951 &#8211; Viiniryp\u00e4leensiemen\u00f6ljy DeliDeli 500 ml<br \/>\n4481 &#8211; Modenan Balsamico 250ml<br \/>\n4868 &#8211; Ranskalainen saksanp\u00e4hkin\u00e4sinappi 200g<br \/>\n4995 &#8211; Mansikka ja Samppanja hillo 125g<br \/>\n4885 &#8211; Siideri-omena-calvadoshyytel\u00f6 Camembert-Pont-l&#8217;Eveque juustolle 125g<br \/>\n*Mik\u00e4li joku tuote on loppunut varastosta, voimme vaihtaa sen toiseen vastaavaan.<\/p>\n","protected":false},"excerpt":{"rendered":"<p>T\u00e4m\u00e4 k\u00e4tev\u00e4 salkku on t\u00e4ynn\u00e4 parhaita DeliDelin makuja ja sopii erinomaisesti mm asiakaslahjaksi.<br \/>\nPerinteeksi jo muodostuneet ankankoivet on helppo valmistaa purkista l\u00f6ytyv\u00e4n ohjeen mukaan, oli saaja sitten kotikokki tai gourmet kokki. Varmasti onnistuu.<br \/>\n1618 &#8211; KORI kartonkisalkku 34,5x22x12cm<br \/>\n256 &#8211; Ankankoivet 4-5 koipea<br \/>\n9951 &#8211; Viiniryp\u00e4leensiemen\u00f6ljy DeliDeli 500 ml<br \/>\n4481 &#8211; Modenan Balsamico 250ml<br \/>\n4868 &#8211; Ranskalainen saksanp\u00e4hkin\u00e4sinappi 200g<br \/>\n4995 &#8211; Mansikka ja Samppanja hillo 125g<br \/>\n4885 &#8211; Siideri-omena-calvadoshyytel\u00f6 Camembert-Pont-l&#8217;Eveque juustolle 125g<\/p>\n<p>*Mik\u00e4li joku tuote on loppunut varastosta, voimme vaihtaa sen toiseen vastaavaan.<\/p>\n","protected":false},"featured_media":140124,"comment_status":"open","ping_status":"open","template":"","meta":{"_acf_changed":false},"product_brand":[625],"product_cat":[685,727],"product_tag":[],"class_list":{"0":"post-141769","1":"product","2":"type-product","3":"status-publish","4":"has-post-thumbnail","6":"product_brand-delideli","7":"product_cat-herkkupakkaukset","8":"product_cat-lahjaksi","9":"pa_alkuperamaa-italia","10":"pa_alkuperamaa-ranska","12":"first","13":"instock","14":"taxable","15":"shipping-taxable","16":"purchasable","17":"product-type-simple","swatches":"rey-swatches","show_selected":""},"acf":[],"_links":{"self":[{"href":"https:\/\/www.delideli.zoner.dev\/fin\/wp-json\/wp\/v2\/product\/141769","targetHints":{"allow":["GET"]}}],"collection":[{"href":"https:\/\/www.delideli.zoner.dev\/fin\/wp-json\/wp\/v2\/product"}],"about":[{"href":"https:\/\/www.delideli.zoner.dev\/fin\/wp-json\/wp\/v2\/types\/product"}],"replies":[{"embeddable":true,"href":"https:\/\/www.delideli.zoner.dev\/fin\/wp-json\/wp\/v2\/comments?post=141769"}],"version-history":[{"count":0,"href":"https:\/\/www.delideli.zoner.dev\/fin\/wp-json\/wp\/v2\/product\/141769\/revisions"}],"wp:featuredmedia":[{"embeddable":true,"href":"https:\/\/www.delideli.zoner.dev\/fin\/wp-json\/wp\/v2\/media\/140124"}],"wp:attachment":[{"href":"https:\/\/www.delideli.zoner.dev\/fin\/wp-json\/wp\/v2\/media?parent=141769"}],"wp:term":[{"taxonomy":"product_brand","embeddable":true,"href":"https:\/\/www.delideli.zoner.dev\/fin\/wp-json\/wp\/v2\/product_brand?post=141769"},{"taxonomy":"product_cat","embeddable":true,"href":"https:\/\/www.delideli.zoner.dev\/fin\/wp-json\/wp\/v2\/product_cat?post=141769"},{"taxonomy":"product_tag","embeddable":true,"href":"https:\/\/www.delideli.zoner.dev\/fin\/wp-json\/wp\/v2\/product_tag?post=141769"}],"curies":[{"name":"wp","href":"https:\/\/api.w.org\/{rel}","templated":true}]}}