{"id":141784,"date":"2024-10-19T09:12:21","date_gmt":"2024-10-19T09:12:21","guid":{"rendered":"https:\/\/www.delideli.zoner.dev\/tuote\/herkkukori-aperitif\/"},"modified":"2026-05-04T16:15:37","modified_gmt":"2026-05-04T16:15:37","slug":"herkkukori-aperitif","status":"publish","type":"product","link":"https:\/\/www.delideli.zoner.dev\/fin\/tuote\/herkkukori-aperitif\/","title":{"rendered":"Herkkukori Aperitif"},"content":{"rendered":"<p>Aperitif korissa on nimens\u00e4 mukaisesti t\u00e4ydellinen sis\u00e4lt\u00f6 vaikka illanistujaisten tarjottavaksi. Oliivit, pateet, levitteet, kalat ja pienet suolaiset naposteltavat; Tarallit on helppo vain laittaa esiin ja nauttia yst\u00e4vien ja perheen kanssa. Tuotteiden koot ovat my\u00f6s sellaisia, ett\u00e4 sopii yhden hengen talouteen herkutteluhetkiin. Lahja yst\u00e4ville, asiakkaille, naapurille, sukulaiselle\u2026 ja j\u00e4\u00e4 odottamaan kutsua kyl\u00e4\u00e4n!<\/p>\n<p>1626S &#8211; KORI kartonkitarjotin ruskea lehtikuvio 27x20x5cm<br \/>\n5179 &#8211; Ranskalainen pat\u00e9 maustettu Fine Champagne konjakilla 220g<br \/>\n9946 &#8211; Bertha Portugalilainen sardiini oliivi\u00f6ljyss\u00e4 125g<br \/>\n9948 &#8211; Bertha tonnikalafile oliivi\u00f6ljyss\u00e4 120g<br \/>\n2821 &#8211; Oliivit &#8211; Provencen sekoitus 150g<br \/>\n1319 &#8211; Aurinkokuivatut tomaatit \u00f6ljyss\u00e4 290g<br \/>\n279 &#8211; Vihre\u00e4 tapenadi 120 g<br \/>\n4878 &#8211; Provencen viikuna hillo 50g<br \/>\n1540 &#8211; FOX Taralli classic 80g<br \/>\n1526 &#8211; FOX Taralli tomaatti ja oregano 80g<br \/>\n5229 &#8211; Luomu hummus 100g<\/p>\n<p>*Mik\u00e4li joku tuote on loppunut varastosta, voimme vaihtaa sen toiseen vastavaan.<\/p>\n","protected":false},"excerpt":{"rendered":"<p>Aperitif korissa on nimens\u00e4 mukaisesti t\u00e4ydellinen sis\u00e4lt\u00f6 vaikka illanistujaisten tarjottavaksi. Oliivit, pateet, levitteet, kalat ja pienet suolaiset naposteltavat; Tarallit on helppo vain laittaa esiin ja nauttia yst\u00e4vien ja perheen kanssa. Tuotteiden koot ovat my\u00f6s sellaisia, ett\u00e4 sopii yhden hengen talouteen herkutteluhetkiin. Lahja yst\u00e4ville, asiakkaille, naapurille, sukulaiselle\u2026 ja j\u00e4\u00e4 odottamaan kutsua kyl\u00e4\u00e4n!<\/p>\n<p>1626S &#8211; KORI kartonkitarjotin ruskea lehtikuvio 27x20x5cm<br \/>\n5179 &#8211; Ranskalainen pat\u00e9 maustettu Fine Champagne konjakilla 220g<br \/>\n9946 &#8211; Bertha Portugalilainen sardiini oliivi\u00f6ljyss\u00e4 125g<br \/>\n9948 &#8211; Bertha tonnikalafile oliivi\u00f6ljyss\u00e4 120g<br \/>\n2821 &#8211; Oliivit &#8211; Provencen sekoitus 150g<br \/>\n1319 &#8211; Aurinkokuivatut tomaatit \u00f6ljyss\u00e4 290g<br \/>\n279 &#8211; Vihre\u00e4 tapenadi 120 g<br \/>\n4878 &#8211; Provencen viikuna hillo 50g<br \/>\n1540 &#8211; FOX Taralli classic 80g<br \/>\n1526 &#8211; FOX Taralli tomaatti ja oregano 80g<br \/>\n5229 &#8211; Luomu hummus 100g<\/p>\n<p>*Mik\u00e4li joku tuote on loppunut varastosta, voimme vaihtaa sen toiseen vastavaan.<\/p>\n","protected":false},"featured_media":140148,"comment_status":"open","ping_status":"open","template":"","meta":{"_acf_changed":false},"product_brand":[625],"product_cat":[684,727],"product_tag":[192,182,193],"class_list":{"0":"post-141784","1":"product","2":"type-product","3":"status-publish","4":"has-post-thumbnail","6":"product_brand-delideli","7":"product_cat-herkkukorit","8":"product_cat-lahjaksi","9":"product_tag-herkkukori","10":"product_tag-lahja","11":"product_tag-lahjaidea","12":"product_shipping_class-shipping-discount","13":"pa_alkuperamaa-espanja","14":"pa_alkuperamaa-italia","15":"pa_alkuperamaa-ranska","17":"first","18":"outofstock","19":"taxable","20":"shipping-taxable","21":"purchasable","22":"product-type-simple","swatches":"rey-swatches","show_selected":""},"acf":[],"_links":{"self":[{"href":"https:\/\/www.delideli.zoner.dev\/fin\/wp-json\/wp\/v2\/product\/141784","targetHints":{"allow":["GET"]}}],"collection":[{"href":"https:\/\/www.delideli.zoner.dev\/fin\/wp-json\/wp\/v2\/product"}],"about":[{"href":"https:\/\/www.delideli.zoner.dev\/fin\/wp-json\/wp\/v2\/types\/product"}],"replies":[{"embeddable":true,"href":"https:\/\/www.delideli.zoner.dev\/fin\/wp-json\/wp\/v2\/comments?post=141784"}],"version-history":[{"count":0,"href":"https:\/\/www.delideli.zoner.dev\/fin\/wp-json\/wp\/v2\/product\/141784\/revisions"}],"wp:featuredmedia":[{"embeddable":true,"href":"https:\/\/www.delideli.zoner.dev\/fin\/wp-json\/wp\/v2\/media\/140148"}],"wp:attachment":[{"href":"https:\/\/www.delideli.zoner.dev\/fin\/wp-json\/wp\/v2\/media?parent=141784"}],"wp:term":[{"taxonomy":"product_brand","embeddable":true,"href":"https:\/\/www.delideli.zoner.dev\/fin\/wp-json\/wp\/v2\/product_brand?post=141784"},{"taxonomy":"product_cat","embeddable":true,"href":"https:\/\/www.delideli.zoner.dev\/fin\/wp-json\/wp\/v2\/product_cat?post=141784"},{"taxonomy":"product_tag","embeddable":true,"href":"https:\/\/www.delideli.zoner.dev\/fin\/wp-json\/wp\/v2\/product_tag?post=141784"}],"curies":[{"name":"wp","href":"https:\/\/api.w.org\/{rel}","templated":true}]}}