{"id":141785,"date":"2024-10-19T09:23:32","date_gmt":"2024-10-19T09:23:32","guid":{"rendered":"https:\/\/www.delideli.zoner.dev\/tuote\/herkkukori-delideli-selection\/"},"modified":"2026-05-04T16:15:41","modified_gmt":"2026-05-04T16:15:41","slug":"herkkukori-delideli-selection","status":"publish","type":"product","link":"https:\/\/www.delideli.zoner.dev\/fin\/tuote\/herkkukori-delideli-selection\/","title":{"rendered":"Herkkukori DeliDeli Selection"},"content":{"rendered":"<p>T\u00e4h\u00e4n pieneen v\u00e4rikk\u00e4\u00e4seen koriin on valittu niit\u00e4 parhaita makuja ranskalaisesta keitti\u00f6st\u00e4. Saaja p\u00e4\u00e4see herkuttelemaan ankanmaksalla, hummerikeitolla, salaattiin laitettavalla vadelmaa t\u00e4ynn\u00e4 olevalla etikalla, aprikoosilla ja kirsikalla. V\u00e4ri\u00e4 ja makua lahjaksi!<\/p>\n<p>1599 &#8211; KORI kartonkikori soikea 23x19x8cm<br \/>\n1339 &#8211; Ankanmaksa -bloc, Lounais-Ranska 70g<br \/>\n267 &#8211; Hummeriliemi 400g<br \/>\n1158 &#8211; Alziari Vadelmaetikka sis 40% vadelmaa 200 ml<br \/>\n4877 &#8211; Aprikoosihillo 50g<br \/>\n1202 &#8211; Minimarenki kirsikka 80g<\/p>\n","protected":false},"excerpt":{"rendered":"<p>T\u00e4h\u00e4n pieneen v\u00e4rikk\u00e4\u00e4seen koriin on valittu niit\u00e4 parhaita makuja ranskalaisesta keitti\u00f6st\u00e4. Saaja p\u00e4\u00e4see herkuttelemaan ankanmaksalla, hummerikeitolla, salaattiin laitettavalla vadelmaa t\u00e4ynn\u00e4 olevalla etikalla, aprikoosilla ja kirsikalla. V\u00e4ri\u00e4 ja makua lahjaksi!<\/p>\n<p>1599 &#8211; KORI kartonkikori soikea 23x19x8cm<br \/>\n1339 &#8211; Ankanmaksa -bloc, Lounais-Ranska 70g<br \/>\n267 &#8211; Hummeriliemi 400g<br \/>\n1158 &#8211; Alziari Vadelmaetikka sis 40% vadelmaa 200 ml<br \/>\n4877 &#8211; Aprikoosihillo 50g<br \/>\n1202 &#8211; Minimarenki kirsikka 80g<\/p>\n","protected":false},"featured_media":140150,"comment_status":"open","ping_status":"open","template":"","meta":{"_acf_changed":false},"product_brand":[625],"product_cat":[684,727],"product_tag":[192,182,191],"class_list":{"0":"post-141785","1":"product","2":"type-product","3":"status-publish","4":"has-post-thumbnail","6":"product_brand-delideli","7":"product_cat-herkkukorit","8":"product_cat-lahjaksi","9":"product_tag-herkkukori","10":"product_tag-lahja","11":"product_tag-tryffeli","12":"product_shipping_class-shipping-discount","13":"pa_alkuperamaa-espanja","14":"pa_alkuperamaa-italia","15":"pa_alkuperamaa-ranska","17":"first","18":"outofstock","19":"taxable","20":"shipping-taxable","21":"purchasable","22":"product-type-simple","swatches":"rey-swatches","show_selected":""},"acf":[],"_links":{"self":[{"href":"https:\/\/www.delideli.zoner.dev\/fin\/wp-json\/wp\/v2\/product\/141785","targetHints":{"allow":["GET"]}}],"collection":[{"href":"https:\/\/www.delideli.zoner.dev\/fin\/wp-json\/wp\/v2\/product"}],"about":[{"href":"https:\/\/www.delideli.zoner.dev\/fin\/wp-json\/wp\/v2\/types\/product"}],"replies":[{"embeddable":true,"href":"https:\/\/www.delideli.zoner.dev\/fin\/wp-json\/wp\/v2\/comments?post=141785"}],"version-history":[{"count":0,"href":"https:\/\/www.delideli.zoner.dev\/fin\/wp-json\/wp\/v2\/product\/141785\/revisions"}],"wp:featuredmedia":[{"embeddable":true,"href":"https:\/\/www.delideli.zoner.dev\/fin\/wp-json\/wp\/v2\/media\/140150"}],"wp:attachment":[{"href":"https:\/\/www.delideli.zoner.dev\/fin\/wp-json\/wp\/v2\/media?parent=141785"}],"wp:term":[{"taxonomy":"product_brand","embeddable":true,"href":"https:\/\/www.delideli.zoner.dev\/fin\/wp-json\/wp\/v2\/product_brand?post=141785"},{"taxonomy":"product_cat","embeddable":true,"href":"https:\/\/www.delideli.zoner.dev\/fin\/wp-json\/wp\/v2\/product_cat?post=141785"},{"taxonomy":"product_tag","embeddable":true,"href":"https:\/\/www.delideli.zoner.dev\/fin\/wp-json\/wp\/v2\/product_tag?post=141785"}],"curies":[{"name":"wp","href":"https:\/\/api.w.org\/{rel}","templated":true}]}}