{"id":141792,"date":"2024-10-21T14:08:25","date_gmt":"2024-10-21T14:08:25","guid":{"rendered":"https:\/\/www.delideli.zoner.dev\/tuote\/aceto-balsamico-di-modena-igp-invecchiato-sigillo-platino-vah-15v-100ml\/"},"modified":"2026-05-04T16:15:49","modified_gmt":"2026-05-04T16:15:49","slug":"aceto-balsamico-di-modena-igp-invecchiato-sigillo-platino-vah-15v-100ml","status":"publish","type":"product","link":"https:\/\/www.delideli.zoner.dev\/fin\/tuote\/aceto-balsamico-di-modena-igp-invecchiato-sigillo-platino-vah-15v-100ml\/","title":{"rendered":"Aceto Balsamico di Modena IGP, Invecchiato, Sigillo Platino 100 ml\n-v\u00e4h 15v"},"content":{"rendered":"<p>Viisitoistavuotias lasketaan viel\u00e4 ihmisten i\u00e4ss\u00e4 nuorikoksi, mutta La Bonissiman viisitoista vuotta kypsytetyss\u00e4 tummassa Sigillo Platino -balsamicossa on useita hyvin kypsyneen balsamicon ominaisuuksia. Esimerkiksi sen tiivis koostumus voi olla tulosta vain k\u00e4rsiv\u00e4llisest\u00e4 kypsytyksest\u00e4. Kyseess\u00e4 on aito modenalainen balsamico, Aceto Balsamico di Modena IGP, jonka laatumerkint\u00e4 takaa aidon ja alueella varmasti tuotetun laatubalsamicon. La Bonissiman balsamicot valmistaa modenalainen perheyritys, De Pietri, joka aloitti toimintansa jo 1900-luvun alussa.<\/p>\n","protected":false},"excerpt":{"rendered":"<p>Modenalaisen La Bonissiman ylpeys on v\u00e4hint\u00e4\u00e4n 15 vuotta kypsytetty Sigillo Platino -balsamico. T\u00e4m\u00e4 arvokkaasti tammitynnyreiss\u00e4 ik\u00e4\u00e4ntynyt tumma balsamico on tiiviin aromaattinen moniulotteisilla mutta silti herkill\u00e4, makeilla aromeillaan. Kokeile erityisesti mansikoiden ja j\u00e4lkiruokien kanssa. T\u00e4st\u00e4 l\u00f6yd\u00e4t my\u00f6s erottamattoman kumppanin parmesaanijuustolle!<\/p>\n","protected":false},"featured_media":138720,"comment_status":"open","ping_status":"open","template":"","meta":{"_acf_changed":false},"product_brand":[633],"product_cat":[730,678],"product_tag":[],"class_list":{"0":"post-141792","1":"product","2":"type-product","3":"status-publish","4":"has-post-thumbnail","6":"product_brand-la-bonissima","7":"product_cat-balsamicot","8":"product_cat-oljyt-etikat","9":"product_shipping_class-shipping-discount","10":"pa_alkuperamaa-italia","12":"first","13":"instock","14":"taxable","15":"shipping-taxable","16":"purchasable","17":"product-type-simple","swatches":"rey-swatches","show_selected":""},"acf":[],"_links":{"self":[{"href":"https:\/\/www.delideli.zoner.dev\/fin\/wp-json\/wp\/v2\/product\/141792","targetHints":{"allow":["GET"]}}],"collection":[{"href":"https:\/\/www.delideli.zoner.dev\/fin\/wp-json\/wp\/v2\/product"}],"about":[{"href":"https:\/\/www.delideli.zoner.dev\/fin\/wp-json\/wp\/v2\/types\/product"}],"replies":[{"embeddable":true,"href":"https:\/\/www.delideli.zoner.dev\/fin\/wp-json\/wp\/v2\/comments?post=141792"}],"version-history":[{"count":0,"href":"https:\/\/www.delideli.zoner.dev\/fin\/wp-json\/wp\/v2\/product\/141792\/revisions"}],"wp:featuredmedia":[{"embeddable":true,"href":"https:\/\/www.delideli.zoner.dev\/fin\/wp-json\/wp\/v2\/media\/138720"}],"wp:attachment":[{"href":"https:\/\/www.delideli.zoner.dev\/fin\/wp-json\/wp\/v2\/media?parent=141792"}],"wp:term":[{"taxonomy":"product_brand","embeddable":true,"href":"https:\/\/www.delideli.zoner.dev\/fin\/wp-json\/wp\/v2\/product_brand?post=141792"},{"taxonomy":"product_cat","embeddable":true,"href":"https:\/\/www.delideli.zoner.dev\/fin\/wp-json\/wp\/v2\/product_cat?post=141792"},{"taxonomy":"product_tag","embeddable":true,"href":"https:\/\/www.delideli.zoner.dev\/fin\/wp-json\/wp\/v2\/product_tag?post=141792"}],"curies":[{"name":"wp","href":"https:\/\/api.w.org\/{rel}","templated":true}]}}