{"id":141809,"date":"2024-11-19T11:32:22","date_gmt":"2024-11-19T11:32:22","guid":{"rendered":"https:\/\/www.delideli.zoner.dev\/tuote\/ruostumattomasta-teraksesta-valmistettu-pateveitsi\/"},"modified":"2026-05-04T16:15:59","modified_gmt":"2026-05-04T16:15:59","slug":"ruostumattomasta-teraksesta-valmistettu-pateveitsi","status":"publish","type":"product","link":"https:\/\/www.delideli.zoner.dev\/fin\/tuote\/ruostumattomasta-teraksesta-valmistettu-pateveitsi\/","title":{"rendered":"Ruostumattomasta ter\u00e4ksest\u00e4 valmistettu pateveitsi"},"content":{"rendered":"<p>Ruostumattomasta ter\u00e4ksest\u00e4 valmistettu pat\u00e9 veitsi muoto on perinteist\u00e4 ranskalaista veist\u00e4 vastaava ja sopii hyvin esillepanoon sek\u00e4 pateille, ett\u00e4 levitteille, miksei joillekin pehmeille juustoillekin.<br \/>\nVeitsen pituus on 16cm ja varren v\u00e4ri on ruskea<\/p>\n","protected":false},"excerpt":{"rendered":"<p>Ruostumattomasta ter\u00e4ksest\u00e4 valmistettu pat\u00e9 veitsi muoto on perinteist\u00e4 ranskalaista veist\u00e4 vastaava ja sopii hyvin esillepanoon sek\u00e4 pateille, ett\u00e4 levitteille, miksei joillekin pehmeille juustoillekin.<br \/>\nVeitsen pituus on 16cm ja varren v\u00e4ri on ruskea<\/p>\n","protected":false},"featured_media":140183,"comment_status":"open","ping_status":"open","template":"","meta":{"_acf_changed":false},"product_brand":[625],"product_cat":[697,729,676],"product_tag":[],"class_list":{"0":"post-141809","1":"product","2":"type-product","3":"status-publish","4":"has-post-thumbnail","6":"product_brand-delideli","7":"product_cat-foie-gras","8":"product_cat-lihatuotteet","9":"product_cat-suolaiset","10":"pa_alkuperamaa-ranska","12":"first","13":"instock","14":"taxable","15":"shipping-taxable","16":"purchasable","17":"product-type-simple","swatches":"rey-swatches","show_selected":""},"acf":[],"_links":{"self":[{"href":"https:\/\/www.delideli.zoner.dev\/fin\/wp-json\/wp\/v2\/product\/141809","targetHints":{"allow":["GET"]}}],"collection":[{"href":"https:\/\/www.delideli.zoner.dev\/fin\/wp-json\/wp\/v2\/product"}],"about":[{"href":"https:\/\/www.delideli.zoner.dev\/fin\/wp-json\/wp\/v2\/types\/product"}],"replies":[{"embeddable":true,"href":"https:\/\/www.delideli.zoner.dev\/fin\/wp-json\/wp\/v2\/comments?post=141809"}],"version-history":[{"count":0,"href":"https:\/\/www.delideli.zoner.dev\/fin\/wp-json\/wp\/v2\/product\/141809\/revisions"}],"wp:featuredmedia":[{"embeddable":true,"href":"https:\/\/www.delideli.zoner.dev\/fin\/wp-json\/wp\/v2\/media\/140183"}],"wp:attachment":[{"href":"https:\/\/www.delideli.zoner.dev\/fin\/wp-json\/wp\/v2\/media?parent=141809"}],"wp:term":[{"taxonomy":"product_brand","embeddable":true,"href":"https:\/\/www.delideli.zoner.dev\/fin\/wp-json\/wp\/v2\/product_brand?post=141809"},{"taxonomy":"product_cat","embeddable":true,"href":"https:\/\/www.delideli.zoner.dev\/fin\/wp-json\/wp\/v2\/product_cat?post=141809"},{"taxonomy":"product_tag","embeddable":true,"href":"https:\/\/www.delideli.zoner.dev\/fin\/wp-json\/wp\/v2\/product_tag?post=141809"}],"curies":[{"name":"wp","href":"https:\/\/api.w.org\/{rel}","templated":true}]}}