{"id":141816,"date":"2024-11-27T16:28:18","date_gmt":"2024-11-27T16:28:18","guid":{"rendered":"https:\/\/www.delideli.zoner.dev\/tuote\/luomu-hummus-100g\/"},"modified":"2026-05-04T16:16:05","modified_gmt":"2026-05-04T16:16:05","slug":"luomu-hummus-100g","status":"publish","type":"product","link":"https:\/\/www.delideli.zoner.dev\/fin\/tuote\/luomu-hummus-100g\/","title":{"rendered":"Luomu hummus 100g"},"content":{"rendered":"<p>Luomu Hummus 100g on herkullinen ja terveellinen kasvispohjainen levitteemme, joka on valmistettu Ranskassa luomutuotetuista aineksista. Hummus on t\u00e4ynn\u00e4 proteiinia, kuitua ja muita ravintoaineita, joten se on t\u00e4ydellinen lis\u00e4 mihin tahansa ateriaan tai v\u00e4lipalaan.&lt;br&gt;&lt;br&gt;Hummus on valmistettu luomukikherneist\u00e4, tahinista, oliivi\u00f6ljyst\u00e4, sitruunamehusta ja valkosipulista. Se on t\u00e4ysin vegaaninen, gluteeniton ja p\u00e4hkin\u00e4t\u00f6n, joten se sopii useimmille ruokavalioille.&lt;br&gt;&lt;br&gt;Hummus on monipuolinen levitteemme, jota voidaan k\u00e4ytt\u00e4\u00e4 monin eri tavoin. Se on t\u00e4ydellinen dipattavaksi kasvisten, leiv\u00e4n tai pita-leiv\u00e4n kanssa. Sit\u00e4 voidaan k\u00e4ytt\u00e4\u00e4 my\u00f6s salaatinkastikkeena, voileipien t\u00e4ytteen\u00e4 tai jopa keittojen ja muhennosten maustamiseen.&lt;br&gt;&lt;br&gt;Luomu Hummus 100g on herkullinen ja terveellinen tapa lis\u00e4t\u00e4 proteiinia ja kuitua ruokavalioosi. Se on t\u00e4ydellinen lis\u00e4 mihin tahansa ateriaan tai v\u00e4lipalaan.<\/p>\n","protected":false},"excerpt":{"rendered":"<p>Luomu Hummus 100g on herkullinen ja terveellinen kasvispohjainen levitteemme, joka on valmistettu Ranskassa luomutuotetuista aineksista. Hummus on t\u00e4ynn\u00e4 proteiinia, kuitua ja muita ravintoaineita, joten se on t\u00e4ydellinen lis\u00e4 mihin tahansa ateriaan tai v\u00e4lipalaan.&lt;br&gt;&lt;br&gt;Hummus on valmistettu luomukikherneist\u00e4, tahinista, oliivi\u00f6ljyst\u00e4, sitruunamehusta ja valkosipulista. Se on t\u00e4ysin vegaaninen, gluteeniton ja p\u00e4hkin\u00e4t\u00f6n, joten se sopii useimmille ruokavalioille.&lt;br&gt;&lt;br&gt;Hummus on monipuolinen levitteemme, jota voidaan k\u00e4ytt\u00e4\u00e4 monin eri tavoin. Se on t\u00e4ydellinen dipattavaksi kasvisten, leiv\u00e4n tai pita-leiv\u00e4n kanssa. Sit\u00e4 voidaan k\u00e4ytt\u00e4\u00e4 my\u00f6s salaatinkastikkeena, voileipien t\u00e4ytteen\u00e4 tai jopa keittojen ja muhennosten maustamiseen.&lt;br&gt;&lt;br&gt;Luomu Hummus 100g on herkullinen ja terveellinen tapa lis\u00e4t\u00e4 proteiinia ja kuitua ruokavalioosi. Se on t\u00e4ydellinen lis\u00e4 mihin tahansa ateriaan tai v\u00e4lipalaan.<\/p>\n","protected":false},"featured_media":140189,"comment_status":"open","ping_status":"open","template":"","meta":{"_acf_changed":false},"product_brand":[641],"product_cat":[729,676],"product_tag":[],"class_list":{"0":"post-141816","1":"product","2":"type-product","3":"status-publish","4":"has-post-thumbnail","6":"product_brand-lucien-georgelin","7":"product_cat-lihatuotteet","8":"product_cat-suolaiset","9":"product_shipping_class-shipping-discount","10":"pa_alkuperamaa-ranska","11":"pa_ruokavalio-luomu","13":"first","14":"instock","15":"taxable","16":"shipping-taxable","17":"purchasable","18":"product-type-simple","swatches":"rey-swatches","show_selected":""},"acf":[],"_links":{"self":[{"href":"https:\/\/www.delideli.zoner.dev\/fin\/wp-json\/wp\/v2\/product\/141816","targetHints":{"allow":["GET"]}}],"collection":[{"href":"https:\/\/www.delideli.zoner.dev\/fin\/wp-json\/wp\/v2\/product"}],"about":[{"href":"https:\/\/www.delideli.zoner.dev\/fin\/wp-json\/wp\/v2\/types\/product"}],"replies":[{"embeddable":true,"href":"https:\/\/www.delideli.zoner.dev\/fin\/wp-json\/wp\/v2\/comments?post=141816"}],"version-history":[{"count":0,"href":"https:\/\/www.delideli.zoner.dev\/fin\/wp-json\/wp\/v2\/product\/141816\/revisions"}],"wp:featuredmedia":[{"embeddable":true,"href":"https:\/\/www.delideli.zoner.dev\/fin\/wp-json\/wp\/v2\/media\/140189"}],"wp:attachment":[{"href":"https:\/\/www.delideli.zoner.dev\/fin\/wp-json\/wp\/v2\/media?parent=141816"}],"wp:term":[{"taxonomy":"product_brand","embeddable":true,"href":"https:\/\/www.delideli.zoner.dev\/fin\/wp-json\/wp\/v2\/product_brand?post=141816"},{"taxonomy":"product_cat","embeddable":true,"href":"https:\/\/www.delideli.zoner.dev\/fin\/wp-json\/wp\/v2\/product_cat?post=141816"},{"taxonomy":"product_tag","embeddable":true,"href":"https:\/\/www.delideli.zoner.dev\/fin\/wp-json\/wp\/v2\/product_tag?post=141816"}],"curies":[{"name":"wp","href":"https:\/\/api.w.org\/{rel}","templated":true}]}}