{"id":141818,"date":"2025-01-24T11:08:13","date_gmt":"2025-01-24T11:08:13","guid":{"rendered":"https:\/\/www.delideli.zoner.dev\/tuote\/pili-pili-oliivioljy-pizzalle-la-maison-alziari-100-ml\/"},"modified":"2026-05-04T16:16:06","modified_gmt":"2026-05-04T16:16:06","slug":"pili-pili-oliivioljy-pizzalle-la-maison-alziari-100-ml","status":"publish","type":"product","link":"https:\/\/www.delideli.zoner.dev\/fin\/tuote\/pili-pili-oliivioljy-pizzalle-la-maison-alziari-100-ml\/","title":{"rendered":"Pili Pili -oliivi\u00f6ljy pizzalle, La Maison Alziari 100 ml"},"content":{"rendered":"<p>Ranskalaisen La Maison Alziarin Pili Pili -oliivi\u00f6ljy on mausteinen \u00f6ljy viimeistelem\u00e4\u00e4n erityisesti pizzat. Sen ainutlaatuinen maku syntyy yhdistelm\u00e4st\u00e4 timjamia, laakerinlehte\u00e4, rosmariinia, chili\u00e4, paprikaa ja merisuolaa lis\u00e4ttyn\u00e4 pulloon ekstraneitsytoliivi\u00f6ljyn kanssa.<br \/>\n\u00d6ljyn loputtua pullon voi t\u00e4ytt\u00e4\u00e4 viel\u00e4 kaksi kertaa uudella \u00f6ljyll\u00e4, sill\u00e4 yrtit ja mausteet antavat makuaan viel\u00e4 pitk\u00e4n aikaa.<\/p>\n","protected":false},"excerpt":{"rendered":"<p>Mit\u00e4 olisikaan pizza diavola, paholaisen pizza, ilman viimeistelev\u00e4\u00e4 chili\u00f6ljy\u00e4! La Maison Alziarin Pili Pili -oliivi\u00f6ljy on t\u00e4ydellinen sekoitus chili\u00e4 ja mausteita viimeistelem\u00e4\u00e4n pizzasi tai grilliruokasi.<\/p>\n","protected":false},"featured_media":140193,"comment_status":"open","ping_status":"open","template":"","meta":{"_acf_changed":false},"product_brand":[634],"product_cat":[689,678],"product_tag":[],"class_list":{"0":"post-141818","1":"product","2":"type-product","3":"status-publish","4":"has-post-thumbnail","6":"product_brand-alziari","7":"product_cat-maustetut-oljyt","8":"product_cat-oljyt-etikat","9":"pa_alkuperamaa-ranska","11":"first","12":"instock","13":"taxable","14":"shipping-taxable","15":"purchasable","16":"product-type-simple","swatches":"rey-swatches","show_selected":""},"acf":[],"_links":{"self":[{"href":"https:\/\/www.delideli.zoner.dev\/fin\/wp-json\/wp\/v2\/product\/141818","targetHints":{"allow":["GET"]}}],"collection":[{"href":"https:\/\/www.delideli.zoner.dev\/fin\/wp-json\/wp\/v2\/product"}],"about":[{"href":"https:\/\/www.delideli.zoner.dev\/fin\/wp-json\/wp\/v2\/types\/product"}],"replies":[{"embeddable":true,"href":"https:\/\/www.delideli.zoner.dev\/fin\/wp-json\/wp\/v2\/comments?post=141818"}],"version-history":[{"count":0,"href":"https:\/\/www.delideli.zoner.dev\/fin\/wp-json\/wp\/v2\/product\/141818\/revisions"}],"wp:featuredmedia":[{"embeddable":true,"href":"https:\/\/www.delideli.zoner.dev\/fin\/wp-json\/wp\/v2\/media\/140193"}],"wp:attachment":[{"href":"https:\/\/www.delideli.zoner.dev\/fin\/wp-json\/wp\/v2\/media?parent=141818"}],"wp:term":[{"taxonomy":"product_brand","embeddable":true,"href":"https:\/\/www.delideli.zoner.dev\/fin\/wp-json\/wp\/v2\/product_brand?post=141818"},{"taxonomy":"product_cat","embeddable":true,"href":"https:\/\/www.delideli.zoner.dev\/fin\/wp-json\/wp\/v2\/product_cat?post=141818"},{"taxonomy":"product_tag","embeddable":true,"href":"https:\/\/www.delideli.zoner.dev\/fin\/wp-json\/wp\/v2\/product_tag?post=141818"}],"curies":[{"name":"wp","href":"https:\/\/api.w.org\/{rel}","templated":true}]}}