{"id":141819,"date":"2025-01-28T10:43:30","date_gmt":"2025-01-28T10:43:30","guid":{"rendered":"https:\/\/www.delideli.zoner.dev\/tuote\/harissa-tunisialainen-tulinen-tahna-1-6-135-g\/"},"modified":"2026-05-04T16:16:06","modified_gmt":"2026-05-04T16:16:06","slug":"harissa-tunisialainen-tulinen-tahna-1-6-135-g","status":"publish","type":"product","link":"https:\/\/www.delideli.zoner.dev\/fin\/tuote\/harissa-tunisialainen-tulinen-tahna-1-6-135-g\/","title":{"rendered":"Harissa &#8211; tunisialainen tulinen tahna 1\/6 135 g"},"content":{"rendered":"<p>Le Phare du Cap Bonin harissa-tahna valmistetaan kuten iso\u00e4itikin sen aikoinaan. Harissa-tahnan pohjana on punainen chilipaprika, joka soseutetaan pyreeksi ja maustetaan valkosipulilla, kuminalla ja suolalla.<br \/>\nK\u00e4yt\u00e4 sellaisenaan maustamaan esimerkiksi lihat ja kalat tai lis\u00e4\u00e4 kastikkeeseen tuomaan potkua!<\/p>\n","protected":false},"excerpt":{"rendered":"<p>Pohjois-Afrikan keitti\u00f6ist\u00e4 alkujaan l\u00e4ht\u00f6isin oleva harissa on tulinen ja mausteinen tahna, joka tuo l\u00e4mp\u00f6\u00e4 moneen eri ruokaan. Le Phare du Cap Bonin harissa on valmistettu perinteisell\u00e4 reseptill\u00e4 aidoista raaka-aineista. Avattu tuubi tulisi s\u00e4ilytt\u00e4\u00e4 j\u00e4\u00e4kaapissa ja k\u00e4ytt\u00e4\u00e4 30 p\u00e4iv\u00e4n kuluessa.<\/p>\n","protected":false},"featured_media":140195,"comment_status":"open","ping_status":"open","template":"","meta":{"_acf_changed":false},"product_brand":[639],"product_cat":[688,682,715,676],"product_tag":[199],"class_list":{"0":"post-141819","1":"product","2":"type-product","3":"status-publish","4":"has-post-thumbnail","6":"product_brand-le-phare-du-cap-bon","7":"product_cat-kastikkeet","8":"product_cat-kuivatuotteet","9":"product_cat-mausteet-mausteet","10":"product_cat-suolaiset","11":"product_tag-chili","12":"product_shipping_class-shipping-discount","13":"pa_alkuperamaa-tunisia","15":"first","16":"outofstock","17":"taxable","18":"shipping-taxable","19":"purchasable","20":"product-type-simple","swatches":"rey-swatches","show_selected":""},"acf":[],"_links":{"self":[{"href":"https:\/\/www.delideli.zoner.dev\/fin\/wp-json\/wp\/v2\/product\/141819","targetHints":{"allow":["GET"]}}],"collection":[{"href":"https:\/\/www.delideli.zoner.dev\/fin\/wp-json\/wp\/v2\/product"}],"about":[{"href":"https:\/\/www.delideli.zoner.dev\/fin\/wp-json\/wp\/v2\/types\/product"}],"replies":[{"embeddable":true,"href":"https:\/\/www.delideli.zoner.dev\/fin\/wp-json\/wp\/v2\/comments?post=141819"}],"version-history":[{"count":0,"href":"https:\/\/www.delideli.zoner.dev\/fin\/wp-json\/wp\/v2\/product\/141819\/revisions"}],"wp:featuredmedia":[{"embeddable":true,"href":"https:\/\/www.delideli.zoner.dev\/fin\/wp-json\/wp\/v2\/media\/140195"}],"wp:attachment":[{"href":"https:\/\/www.delideli.zoner.dev\/fin\/wp-json\/wp\/v2\/media?parent=141819"}],"wp:term":[{"taxonomy":"product_brand","embeddable":true,"href":"https:\/\/www.delideli.zoner.dev\/fin\/wp-json\/wp\/v2\/product_brand?post=141819"},{"taxonomy":"product_cat","embeddable":true,"href":"https:\/\/www.delideli.zoner.dev\/fin\/wp-json\/wp\/v2\/product_cat?post=141819"},{"taxonomy":"product_tag","embeddable":true,"href":"https:\/\/www.delideli.zoner.dev\/fin\/wp-json\/wp\/v2\/product_tag?post=141819"}],"curies":[{"name":"wp","href":"https:\/\/api.w.org\/{rel}","templated":true}]}}