{"id":141820,"date":"2025-01-28T10:44:36","date_gmt":"2025-01-28T10:44:36","guid":{"rendered":"https:\/\/www.delideli.zoner.dev\/tuote\/tonnikala-a-la-harissa-160g\/"},"modified":"2026-05-04T16:16:07","modified_gmt":"2026-05-04T16:16:07","slug":"tonnikala-a-la-harissa-160g","status":"publish","type":"product","link":"https:\/\/www.delideli.zoner.dev\/fin\/tuote\/tonnikala-a-la-harissa-160g\/","title":{"rendered":"Tonnikala \u00e0 la Harissa 160g"},"content":{"rendered":"","protected":false},"excerpt":{"rendered":"<p>Harissalla maustettu tonnikalapaloja. Herkullinen lis\u00e4 salaatteihin, voileipiin tai pasta-annoksiin. Sopivan tulinen ja t\u00e4ytel\u00e4inen maku tekee t\u00e4st\u00e4 tonnikalasta erityisen maukkaan vaihtoehdon perinteiselle tonnikalalle.<\/p>\n","protected":false},"featured_media":140197,"comment_status":"open","ping_status":"open","template":"","meta":{"_acf_changed":false},"product_brand":[639],"product_cat":[728,676],"product_tag":[199],"class_list":{"0":"post-141820","1":"product","2":"type-product","3":"status-publish","4":"has-post-thumbnail","6":"product_brand-le-phare-du-cap-bon","7":"product_cat-kalatuotteet","8":"product_cat-suolaiset","9":"product_tag-chili","10":"product_shipping_class-shipping-discount","11":"pa_alkuperamaa-tunisia","13":"first","14":"instock","15":"taxable","16":"shipping-taxable","17":"purchasable","18":"product-type-simple","swatches":"rey-swatches","show_selected":""},"acf":[],"_links":{"self":[{"href":"https:\/\/www.delideli.zoner.dev\/fin\/wp-json\/wp\/v2\/product\/141820","targetHints":{"allow":["GET"]}}],"collection":[{"href":"https:\/\/www.delideli.zoner.dev\/fin\/wp-json\/wp\/v2\/product"}],"about":[{"href":"https:\/\/www.delideli.zoner.dev\/fin\/wp-json\/wp\/v2\/types\/product"}],"replies":[{"embeddable":true,"href":"https:\/\/www.delideli.zoner.dev\/fin\/wp-json\/wp\/v2\/comments?post=141820"}],"version-history":[{"count":0,"href":"https:\/\/www.delideli.zoner.dev\/fin\/wp-json\/wp\/v2\/product\/141820\/revisions"}],"wp:featuredmedia":[{"embeddable":true,"href":"https:\/\/www.delideli.zoner.dev\/fin\/wp-json\/wp\/v2\/media\/140197"}],"wp:attachment":[{"href":"https:\/\/www.delideli.zoner.dev\/fin\/wp-json\/wp\/v2\/media?parent=141820"}],"wp:term":[{"taxonomy":"product_brand","embeddable":true,"href":"https:\/\/www.delideli.zoner.dev\/fin\/wp-json\/wp\/v2\/product_brand?post=141820"},{"taxonomy":"product_cat","embeddable":true,"href":"https:\/\/www.delideli.zoner.dev\/fin\/wp-json\/wp\/v2\/product_cat?post=141820"},{"taxonomy":"product_tag","embeddable":true,"href":"https:\/\/www.delideli.zoner.dev\/fin\/wp-json\/wp\/v2\/product_tag?post=141820"}],"curies":[{"name":"wp","href":"https:\/\/api.w.org\/{rel}","templated":true}]}}