{"id":141822,"date":"2025-02-17T07:40:28","date_gmt":"2025-02-17T07:40:28","guid":{"rendered":"https:\/\/www.delideli.zoner.dev\/tuote\/pistaasi-tonnikala-pesto-180g\/"},"modified":"2026-05-04T16:16:07","modified_gmt":"2026-05-04T16:16:07","slug":"pistaasi-tonnikala-pesto-180g","status":"publish","type":"product","link":"https:\/\/www.delideli.zoner.dev\/fin\/tuote\/pistaasi-tonnikala-pesto-180g\/","title":{"rendered":"Pistaasi-tonnikala pesto 180g"},"content":{"rendered":"<p>Maukas pistaasi-tonnikalapesto yhdist\u00e4\u00e4 hienostuneesti rapeiden pistaasip\u00e4hkin\u00f6iden ja mehev\u00e4ksi haudutetun tonnikalan aromit. T\u00e4m\u00e4 monik\u00e4ytt\u00f6inen pesto on valmistettu ensiluokkaisista raaka-aineista ja sopii erinomaisesti pastan kastikkeeksi, leiv\u00e4n p\u00e4\u00e4lle, tai vaikkapa dippikastikkeeksi. Lis\u00e4\u00e4 annokseesi herkullista makua ja proteiinia k\u00e4tev\u00e4sti yhdell\u00e4 tuotteella. Pesto s\u00e4ilyy avaamattomana huoneenl\u00e4mm\u00f6ss\u00e4, mutta avattuna s\u00e4ilyt\u00e4 j\u00e4\u00e4kaapissa. Pakkauskoko 180g riitt\u00e4\u00e4 useampaan herkulliseen ateriaan.<\/p>\n","protected":false},"excerpt":{"rendered":"<p>Herkullinen pistaasi-tonnikalapesto sopii t\u00e4ydellisesti pastan kastikkeeksi tai levitteeksi. Valmistettu laadukkaista raaka-aineista.<\/p>\n","protected":false},"featured_media":140201,"comment_status":"open","ping_status":"open","template":"","meta":{"_acf_changed":false},"product_brand":[626],"product_cat":[677,763,688,733,676,734],"product_tag":[195,196],"class_list":{"0":"post-141822","1":"product","2":"type-product","3":"status-publish","4":"has-post-thumbnail","6":"product_brand-delideli-herkkukauppa","7":"product_cat-ajankohtaisia","8":"product_cat-delidelin-tuotemerkki","9":"product_cat-kastikkeet","10":"product_cat-pasta-italiana","11":"product_cat-suolaiset","12":"product_cat-teemat","13":"product_tag-jalkiruoka","14":"product_tag-pistaasi","15":"product_shipping_class-shipping-discount","16":"pa_alkuperamaa-italia","18":"first","19":"instock","20":"taxable","21":"shipping-taxable","22":"purchasable","23":"product-type-simple","swatches":"rey-swatches","show_selected":""},"acf":[],"_links":{"self":[{"href":"https:\/\/www.delideli.zoner.dev\/fin\/wp-json\/wp\/v2\/product\/141822","targetHints":{"allow":["GET"]}}],"collection":[{"href":"https:\/\/www.delideli.zoner.dev\/fin\/wp-json\/wp\/v2\/product"}],"about":[{"href":"https:\/\/www.delideli.zoner.dev\/fin\/wp-json\/wp\/v2\/types\/product"}],"replies":[{"embeddable":true,"href":"https:\/\/www.delideli.zoner.dev\/fin\/wp-json\/wp\/v2\/comments?post=141822"}],"version-history":[{"count":0,"href":"https:\/\/www.delideli.zoner.dev\/fin\/wp-json\/wp\/v2\/product\/141822\/revisions"}],"wp:featuredmedia":[{"embeddable":true,"href":"https:\/\/www.delideli.zoner.dev\/fin\/wp-json\/wp\/v2\/media\/140201"}],"wp:attachment":[{"href":"https:\/\/www.delideli.zoner.dev\/fin\/wp-json\/wp\/v2\/media?parent=141822"}],"wp:term":[{"taxonomy":"product_brand","embeddable":true,"href":"https:\/\/www.delideli.zoner.dev\/fin\/wp-json\/wp\/v2\/product_brand?post=141822"},{"taxonomy":"product_cat","embeddable":true,"href":"https:\/\/www.delideli.zoner.dev\/fin\/wp-json\/wp\/v2\/product_cat?post=141822"},{"taxonomy":"product_tag","embeddable":true,"href":"https:\/\/www.delideli.zoner.dev\/fin\/wp-json\/wp\/v2\/product_tag?post=141822"}],"curies":[{"name":"wp","href":"https:\/\/api.w.org\/{rel}","templated":true}]}}