{"id":141827,"date":"2025-02-20T15:44:42","date_gmt":"2025-02-20T15:44:42","guid":{"rendered":"https:\/\/www.delideli.zoner.dev\/tuote\/italialainen-kypsa-kikherne-290g\/"},"modified":"2026-05-04T16:16:09","modified_gmt":"2026-05-04T16:16:09","slug":"italialainen-kypsa-kikherne-290g","status":"publish","type":"product","link":"https:\/\/www.delideli.zoner.dev\/fin\/tuote\/italialainen-kypsa-kikherne-290g\/","title":{"rendered":"Italialainen kyps\u00e4 kikherne 290g"},"content":{"rendered":"<p>Laadukkaat kikherneet ovat valmiiksi kypsennetty t\u00e4ydelliseen pehmeyteen. Ne ovat monik\u00e4ytt\u00f6isi\u00e4: tee niist\u00e4 herkullista hummusta, lis\u00e4\u00e4 salaattiin tai currykastikkeeseen, tai paahda rapeiksi v\u00e4lipaloiksi. Kikherneet ovat t\u00e4ynn\u00e4 proteiinia ja kuitua, ja ne pit\u00e4v\u00e4t n\u00e4l\u00e4n loitolla pitk\u00e4\u00e4n. Mukava purtava rakenne ja mieto, p\u00e4hkin\u00e4inen maku.<\/p>\n","protected":false},"excerpt":{"rendered":"<p>Pehme\u00e4t ja maukkaat. Hyv\u00e4 lisuke tai hummusten raaka-aine.<\/p>\n","protected":false},"featured_media":140211,"comment_status":"open","ping_status":"open","template":"","meta":{"_acf_changed":false},"product_brand":[645],"product_cat":[682,722],"product_tag":[],"class_list":{"0":"post-141827","1":"product","2":"type-product","3":"status-publish","4":"has-post-thumbnail","6":"product_brand-mariangela-prunotto","7":"product_cat-kuivatuotteet","8":"product_cat-pavut-linssit","9":"pa_alkuperamaa-italia","11":"first","12":"instock","13":"taxable","14":"shipping-taxable","15":"purchasable","16":"product-type-simple","swatches":"rey-swatches","show_selected":""},"acf":[],"_links":{"self":[{"href":"https:\/\/www.delideli.zoner.dev\/fin\/wp-json\/wp\/v2\/product\/141827","targetHints":{"allow":["GET"]}}],"collection":[{"href":"https:\/\/www.delideli.zoner.dev\/fin\/wp-json\/wp\/v2\/product"}],"about":[{"href":"https:\/\/www.delideli.zoner.dev\/fin\/wp-json\/wp\/v2\/types\/product"}],"replies":[{"embeddable":true,"href":"https:\/\/www.delideli.zoner.dev\/fin\/wp-json\/wp\/v2\/comments?post=141827"}],"version-history":[{"count":0,"href":"https:\/\/www.delideli.zoner.dev\/fin\/wp-json\/wp\/v2\/product\/141827\/revisions"}],"wp:featuredmedia":[{"embeddable":true,"href":"https:\/\/www.delideli.zoner.dev\/fin\/wp-json\/wp\/v2\/media\/140211"}],"wp:attachment":[{"href":"https:\/\/www.delideli.zoner.dev\/fin\/wp-json\/wp\/v2\/media?parent=141827"}],"wp:term":[{"taxonomy":"product_brand","embeddable":true,"href":"https:\/\/www.delideli.zoner.dev\/fin\/wp-json\/wp\/v2\/product_brand?post=141827"},{"taxonomy":"product_cat","embeddable":true,"href":"https:\/\/www.delideli.zoner.dev\/fin\/wp-json\/wp\/v2\/product_cat?post=141827"},{"taxonomy":"product_tag","embeddable":true,"href":"https:\/\/www.delideli.zoner.dev\/fin\/wp-json\/wp\/v2\/product_tag?post=141827"}],"curies":[{"name":"wp","href":"https:\/\/api.w.org\/{rel}","templated":true}]}}