{"id":141828,"date":"2025-02-20T15:46:14","date_gmt":"2025-02-20T15:46:14","guid":{"rendered":"https:\/\/www.delideli.zoner.dev\/tuote\/italialainen-kypsa-linssi-310g\/"},"modified":"2026-05-04T16:16:09","modified_gmt":"2026-05-04T16:16:09","slug":"italialainen-kypsa-linssi-310g","status":"publish","type":"product","link":"https:\/\/www.delideli.zoner.dev\/fin\/tuote\/italialainen-kypsa-linssi-310g\/","title":{"rendered":"Italialainen kyps\u00e4 linssi 310g"},"content":{"rendered":"<p>N\u00e4m\u00e4 huolella valitut linssit ovat valmiiksi kypsennetty s\u00e4\u00e4st\u00e4\u00e4kseen aikaasi keitti\u00f6ss\u00e4. Ne ovat erinomainen proteiinin ja kuidun l\u00e4hde, ja niiden maku on pehme\u00e4n maanl\u00e4heinen. Voit k\u00e4ytt\u00e4\u00e4 niit\u00e4 suoraan salaateissa, keitoissa tai lisukkeena. Linssit ovat my\u00f6s edullinen ja ymp\u00e4rist\u00f6yst\u00e4v\u00e4llinen valinta. S\u00e4ilykepurkki tekee n\u00e4ist\u00e4 k\u00e4tevi\u00e4 pit\u00e4\u00e4 kaapissa aina valmiina.<\/p>\n","protected":false},"excerpt":{"rendered":"<p>Nopeita valmistaa, t\u00e4ynn\u00e4 proteiinia ja kuitua. T\u00e4ydellisi\u00e4 salaatteihin ja keittoihin.<\/p>\n","protected":false},"featured_media":140213,"comment_status":"open","ping_status":"open","template":"","meta":{"_acf_changed":false},"product_brand":[645],"product_cat":[682,722],"product_tag":[],"class_list":{"0":"post-141828","1":"product","2":"type-product","3":"status-publish","4":"has-post-thumbnail","6":"product_brand-mariangela-prunotto","7":"product_cat-kuivatuotteet","8":"product_cat-pavut-linssit","9":"pa_alkuperamaa-italia","11":"first","12":"instock","13":"taxable","14":"shipping-taxable","15":"purchasable","16":"product-type-simple","swatches":"rey-swatches","show_selected":""},"acf":[],"_links":{"self":[{"href":"https:\/\/www.delideli.zoner.dev\/fin\/wp-json\/wp\/v2\/product\/141828","targetHints":{"allow":["GET"]}}],"collection":[{"href":"https:\/\/www.delideli.zoner.dev\/fin\/wp-json\/wp\/v2\/product"}],"about":[{"href":"https:\/\/www.delideli.zoner.dev\/fin\/wp-json\/wp\/v2\/types\/product"}],"replies":[{"embeddable":true,"href":"https:\/\/www.delideli.zoner.dev\/fin\/wp-json\/wp\/v2\/comments?post=141828"}],"version-history":[{"count":0,"href":"https:\/\/www.delideli.zoner.dev\/fin\/wp-json\/wp\/v2\/product\/141828\/revisions"}],"wp:featuredmedia":[{"embeddable":true,"href":"https:\/\/www.delideli.zoner.dev\/fin\/wp-json\/wp\/v2\/media\/140213"}],"wp:attachment":[{"href":"https:\/\/www.delideli.zoner.dev\/fin\/wp-json\/wp\/v2\/media?parent=141828"}],"wp:term":[{"taxonomy":"product_brand","embeddable":true,"href":"https:\/\/www.delideli.zoner.dev\/fin\/wp-json\/wp\/v2\/product_brand?post=141828"},{"taxonomy":"product_cat","embeddable":true,"href":"https:\/\/www.delideli.zoner.dev\/fin\/wp-json\/wp\/v2\/product_cat?post=141828"},{"taxonomy":"product_tag","embeddable":true,"href":"https:\/\/www.delideli.zoner.dev\/fin\/wp-json\/wp\/v2\/product_tag?post=141828"}],"curies":[{"name":"wp","href":"https:\/\/api.w.org\/{rel}","templated":true}]}}