{"id":141830,"date":"2025-02-22T12:46:35","date_gmt":"2025-02-22T12:46:35","guid":{"rendered":"https:\/\/www.delideli.zoner.dev\/tuote\/bolivia-pure-origine-luomukahvipapu-500g\/"},"modified":"2026-05-04T16:16:09","modified_gmt":"2026-05-04T16:16:09","slug":"bolivia-pure-origine-luomukahvipapu-500g","status":"publish","type":"product","link":"https:\/\/www.delideli.zoner.dev\/fin\/tuote\/bolivia-pure-origine-luomukahvipapu-500g\/","title":{"rendered":"Bolivie-kahvipavut, luomu, pure origine 500 g"},"content":{"rendered":"<p>Ranskalaisen Lobodis-kahvipaahtimon bolivialaiset pure origine eli single origin -kahvipavut ovat puhdasta luomuviljely\u00e4 sek\u00e4 Reilun kaupan kriteereiden mukaisesti tuotettuja. Pavut kasvatetaan Andien rinteill\u00e4 1 000 \u2013 1 200 metrin korkeudessa, Yuangasin alueella Caranavin maakunnassa, jossa vuoria rajaavat Amazonin sademets\u00e4 sek\u00e4 vuoristoarot. Alueen kuuma ja kostea ilmasto hellii kahvipapujen kasvua. Luomuviljellyt pavut ker\u00e4t\u00e4\u00e4n k\u00e4sin, ja Lobodis\u2019n tumma paahtaminen saa niihin aikaan voimakkaan ja tasapainoisen aromin.<br \/>\nValmistus: espressokone, jauhatus k\u00e4sin tai koneellisesti.<br \/>\nAnnostelu: 7\u201310 g tai 1 ruokalusikallinen jauhettua kahvia per kuppi.<br \/>\nPakkauksen koko: 1 kg, 140 kuppia.<br \/>\nS\u00e4ilytys: mieluiten l\u00e4pin\u00e4kym\u00e4t\u00f6n ja ilmatiivis purkki valolta suojattuna.<br \/>\nLajittelu: k\u00e4ytetyt kahvipavut voi kierr\u00e4tt\u00e4\u00e4 bioj\u00e4tteen\u00e4. Pakkaus h\u00e4vitet\u00e4\u00e4n poltettavien j\u00e4tteiden mukana.<\/p>\n","protected":false},"excerpt":{"rendered":"<p>Voimakkuus: 6\/12<br \/>\nAromit: hasselp\u00e4hkin\u00e4 ja paahdettu manteli<br \/>\nT\u00e4m\u00e4 Bolivian puolella Andien rinteill\u00e4 kasvava, kuumasta ja kosteasta ilmastosta hy\u00f6tyv\u00e4 kahvi on pehme\u00e4 ja lempe\u00e4n aromikas. Kahvipavut ovat 100 % arabicaa sek\u00e4 pure origine- eli single origin -kahvia. Kahvi viljell\u00e4\u00e4n luomutuotantona sek\u00e4 vastuullisesti Reilun kaupan kriteerej\u00e4 noudattaen. Pehme\u00e4ss\u00e4 mutta tasapainoisessa ja voimakkaassa kahvissa on h\u00e4iv\u00e4hdys niin hasselp\u00e4hkin\u00e4st\u00e4 kuin paahdetuista manteleista.<\/p>\n","protected":false},"featured_media":140216,"comment_status":"open","ping_status":"open","template":"","meta":{"_acf_changed":false},"product_brand":[640],"product_cat":[677,679,694,699],"product_tag":[174,175],"class_list":{"0":"post-141830","1":"product","2":"type-product","3":"status-publish","4":"has-post-thumbnail","6":"product_brand-lobodis","7":"product_cat-ajankohtaisia","8":"product_cat-juomat","9":"product_cat-kahvit","10":"product_cat-luomutuotteet","11":"product_tag-luomu","12":"product_tag-reilun-kauppa","13":"product_shipping_class-shipping-discount","14":"pa_alkuperamaa-ranska","15":"pa_ruokavalio-luomu","17":"first","18":"outofstock","19":"taxable","20":"shipping-taxable","21":"purchasable","22":"product-type-simple","swatches":"rey-swatches","show_selected":""},"acf":[],"_links":{"self":[{"href":"https:\/\/www.delideli.zoner.dev\/fin\/wp-json\/wp\/v2\/product\/141830","targetHints":{"allow":["GET"]}}],"collection":[{"href":"https:\/\/www.delideli.zoner.dev\/fin\/wp-json\/wp\/v2\/product"}],"about":[{"href":"https:\/\/www.delideli.zoner.dev\/fin\/wp-json\/wp\/v2\/types\/product"}],"replies":[{"embeddable":true,"href":"https:\/\/www.delideli.zoner.dev\/fin\/wp-json\/wp\/v2\/comments?post=141830"}],"version-history":[{"count":0,"href":"https:\/\/www.delideli.zoner.dev\/fin\/wp-json\/wp\/v2\/product\/141830\/revisions"}],"wp:featuredmedia":[{"embeddable":true,"href":"https:\/\/www.delideli.zoner.dev\/fin\/wp-json\/wp\/v2\/media\/140216"}],"wp:attachment":[{"href":"https:\/\/www.delideli.zoner.dev\/fin\/wp-json\/wp\/v2\/media?parent=141830"}],"wp:term":[{"taxonomy":"product_brand","embeddable":true,"href":"https:\/\/www.delideli.zoner.dev\/fin\/wp-json\/wp\/v2\/product_brand?post=141830"},{"taxonomy":"product_cat","embeddable":true,"href":"https:\/\/www.delideli.zoner.dev\/fin\/wp-json\/wp\/v2\/product_cat?post=141830"},{"taxonomy":"product_tag","embeddable":true,"href":"https:\/\/www.delideli.zoner.dev\/fin\/wp-json\/wp\/v2\/product_tag?post=141830"}],"curies":[{"name":"wp","href":"https:\/\/api.w.org\/{rel}","templated":true}]}}