{"id":141831,"date":"2025-02-22T12:49:32","date_gmt":"2025-02-22T12:49:32","guid":{"rendered":"https:\/\/www.delideli.zoner.dev\/tuote\/guatemala-kahvipavut-pure-origine-500-g\/"},"modified":"2026-05-04T16:16:10","modified_gmt":"2026-05-04T16:16:10","slug":"guatemala-kahvipavut-pure-origine-500-g","status":"publish","type":"product","link":"https:\/\/www.delideli.zoner.dev\/fin\/tuote\/guatemala-kahvipavut-pure-origine-500-g\/","title":{"rendered":"Guatemala-kahvipavut, pure origine 500 g"},"content":{"rendered":"<p>T\u00e4m\u00e4 keskit\u00e4ytel\u00e4inen sek\u00e4 hunajan ja suklaan aromeja sis\u00e4lt\u00e4v\u00e4 Reilun kaupan kahvi kasvatetaan Lounais-Guatemalassa, Chimaltenangon alueella. Kahvipensaat kasvavat 1 500 \u2013 2 000 metrin korkeudessa tuliper\u00e4isill\u00e4 yl\u00e4ng\u00f6ill\u00e4, jotka ovat suurilta osin luonnonvaraisessa tilassa. Hedelm\u00e4llinen maaper\u00e4 ja runsaat sateet luovat otolliset kasvuolosuhteet kahvipensaille. Kahvin viljelij\u00f6it\u00e4 ovat suurimmalta osin muinaisten mayojen j\u00e4lkel\u00e4isi\u00e4, joille vaikea maasto ei tuota ongelmia. Arabica-kahvipavut poimitaan k\u00e4sin ja tarkkaan valikoiden.<br \/>\nValmistus: espressokone, jauhatus k\u00e4sin tai koneellisesti.<br \/>\nAnnostelu: 7\u201310 g tai 1 ruokalusikallinen jauhettua kahvia per kuppi.<br \/>\nPakkauksen koko: 1 kg, 140 kuppia.<br \/>\nS\u00e4ilytys: mieluiten l\u00e4pin\u00e4kym\u00e4t\u00f6n ja ilmatiivis purkki valolta suojattuna.<br \/>\nLajittelu: k\u00e4ytetyt kahvipavut voi kierr\u00e4tt\u00e4\u00e4 bioj\u00e4tteen\u00e4. Pakkaus h\u00e4vitet\u00e4\u00e4n poltettavien j\u00e4tteiden mukana.<\/p>\n","protected":false},"excerpt":{"rendered":"<p>Voimakkuus: 7\/12<br \/>\nAromit: hunaja ja suklaa<br \/>\nLobodis\u2019n Guatemalasta per\u00e4isin oleva pure origine eli single origin -kahvi kasvaa tuliper\u00e4isess\u00e4 maastossa vuoren rinteill\u00e4 keskell\u00e4 villi\u00e4 luontoa. Kahvinviljelij\u00f6ist\u00e4 suurin osa on mayojen j\u00e4lkel\u00e4isi\u00e4, jotka pystyv\u00e4t kulkemaan ja ty\u00f6skentelem\u00e4\u00e4n hankalassa maastossa. Reilun kaupan periaatteiden mukaisesti viljellyt kahvipavut ovat 100 % arabicaa. Keskit\u00e4ytel\u00e4isess\u00e4 paahdetussa kahvissa voi havaita niin hunajaisia kuin suklaisia aromeja.<\/p>\n","protected":false},"featured_media":140218,"comment_status":"open","ping_status":"open","template":"","meta":{"_acf_changed":false},"product_brand":[640],"product_cat":[679,694],"product_tag":[175],"class_list":{"0":"post-141831","1":"product","2":"type-product","3":"status-publish","4":"has-post-thumbnail","6":"product_brand-lobodis","7":"product_cat-juomat","8":"product_cat-kahvit","9":"product_tag-reilun-kauppa","10":"product_shipping_class-shipping-discount","11":"pa_alkuperamaa-ranska","13":"first","14":"outofstock","15":"taxable","16":"shipping-taxable","17":"purchasable","18":"product-type-simple","swatches":"rey-swatches","show_selected":""},"acf":[],"_links":{"self":[{"href":"https:\/\/www.delideli.zoner.dev\/fin\/wp-json\/wp\/v2\/product\/141831","targetHints":{"allow":["GET"]}}],"collection":[{"href":"https:\/\/www.delideli.zoner.dev\/fin\/wp-json\/wp\/v2\/product"}],"about":[{"href":"https:\/\/www.delideli.zoner.dev\/fin\/wp-json\/wp\/v2\/types\/product"}],"replies":[{"embeddable":true,"href":"https:\/\/www.delideli.zoner.dev\/fin\/wp-json\/wp\/v2\/comments?post=141831"}],"version-history":[{"count":0,"href":"https:\/\/www.delideli.zoner.dev\/fin\/wp-json\/wp\/v2\/product\/141831\/revisions"}],"wp:featuredmedia":[{"embeddable":true,"href":"https:\/\/www.delideli.zoner.dev\/fin\/wp-json\/wp\/v2\/media\/140218"}],"wp:attachment":[{"href":"https:\/\/www.delideli.zoner.dev\/fin\/wp-json\/wp\/v2\/media?parent=141831"}],"wp:term":[{"taxonomy":"product_brand","embeddable":true,"href":"https:\/\/www.delideli.zoner.dev\/fin\/wp-json\/wp\/v2\/product_brand?post=141831"},{"taxonomy":"product_cat","embeddable":true,"href":"https:\/\/www.delideli.zoner.dev\/fin\/wp-json\/wp\/v2\/product_cat?post=141831"},{"taxonomy":"product_tag","embeddable":true,"href":"https:\/\/www.delideli.zoner.dev\/fin\/wp-json\/wp\/v2\/product_tag?post=141831"}],"curies":[{"name":"wp","href":"https:\/\/api.w.org\/{rel}","templated":true}]}}