{"id":141833,"date":"2025-02-22T13:06:06","date_gmt":"2025-02-22T13:06:06","guid":{"rendered":"https:\/\/www.delideli.zoner.dev\/tuote\/pure-origin-kolumbia-jauhettu-kahvi-250g\/"},"modified":"2026-05-04T16:16:14","modified_gmt":"2026-05-04T16:16:14","slug":"pure-origin-kolumbia-jauhettu-kahvi-250g","status":"publish","type":"product","link":"https:\/\/www.delideli.zoner.dev\/fin\/tuote\/pure-origin-kolumbia-jauhettu-kahvi-250g\/","title":{"rendered":"Pure Origin Kolumbia, jauhettu kahvi 250g"},"content":{"rendered":"<p>Kolumbialainen arabica-kahvi tunnetaan sen korkealaatuisuudesta ja tasapainoisesta mausta. T\u00e4ss\u00e4 kahvissa yhdistyv\u00e4t hedelm\u00e4iset ja kukkaiset aromit raikkaaseen hapokkuuteen. Keskipaahtoinen kahvi tarjoaa vivahteikkaan makuel\u00e4myksen, jossa on h\u00e4iv\u00e4hdys karamellia ja sitrushedelm\u00e4\u00e4. Kahvi on valmiiksi jauhettu sopivaksi suodatink\u00e4ytt\u00f6\u00f6n. Se sopii nautittavaksi mihin tahansa vuorokauden aikaan ja on erinomainen valinta niin aamiaiselle kuin j\u00e4lkiruokakahviksi. T\u00e4m\u00e4 kahvi ilahduttaa erityisesti niit\u00e4, jotka arvostavat kirkasta ja eloisaa kahvimakua.<\/p>\n","protected":false},"excerpt":{"rendered":"<p>Voimakkuus: 7\/12<br \/>\nAromaattinen kolumbialainen laatukahvi. Hedelm\u00e4inen ja raikas maku, tasapainoinen hapokkuus. Sopii nautittavaksi milloin vain.<\/p>\n","protected":false},"featured_media":140222,"comment_status":"open","ping_status":"open","template":"","meta":{"_acf_changed":false},"product_brand":[640],"product_cat":[679,694],"product_tag":[],"class_list":{"0":"post-141833","1":"product","2":"type-product","3":"status-publish","4":"has-post-thumbnail","6":"product_brand-lobodis","7":"product_cat-juomat","8":"product_cat-kahvit","9":"product_shipping_class-shipping-discount","10":"pa_alkuperamaa-ranska","12":"first","13":"instock","14":"taxable","15":"shipping-taxable","16":"purchasable","17":"product-type-simple","swatches":"rey-swatches","show_selected":""},"acf":[],"_links":{"self":[{"href":"https:\/\/www.delideli.zoner.dev\/fin\/wp-json\/wp\/v2\/product\/141833","targetHints":{"allow":["GET"]}}],"collection":[{"href":"https:\/\/www.delideli.zoner.dev\/fin\/wp-json\/wp\/v2\/product"}],"about":[{"href":"https:\/\/www.delideli.zoner.dev\/fin\/wp-json\/wp\/v2\/types\/product"}],"replies":[{"embeddable":true,"href":"https:\/\/www.delideli.zoner.dev\/fin\/wp-json\/wp\/v2\/comments?post=141833"}],"version-history":[{"count":0,"href":"https:\/\/www.delideli.zoner.dev\/fin\/wp-json\/wp\/v2\/product\/141833\/revisions"}],"wp:featuredmedia":[{"embeddable":true,"href":"https:\/\/www.delideli.zoner.dev\/fin\/wp-json\/wp\/v2\/media\/140222"}],"wp:attachment":[{"href":"https:\/\/www.delideli.zoner.dev\/fin\/wp-json\/wp\/v2\/media?parent=141833"}],"wp:term":[{"taxonomy":"product_brand","embeddable":true,"href":"https:\/\/www.delideli.zoner.dev\/fin\/wp-json\/wp\/v2\/product_brand?post=141833"},{"taxonomy":"product_cat","embeddable":true,"href":"https:\/\/www.delideli.zoner.dev\/fin\/wp-json\/wp\/v2\/product_cat?post=141833"},{"taxonomy":"product_tag","embeddable":true,"href":"https:\/\/www.delideli.zoner.dev\/fin\/wp-json\/wp\/v2\/product_tag?post=141833"}],"curies":[{"name":"wp","href":"https:\/\/api.w.org\/{rel}","templated":true}]}}