{"id":141834,"date":"2025-02-22T13:08:16","date_gmt":"2025-02-22T13:08:16","guid":{"rendered":"https:\/\/www.delideli.zoner.dev\/tuote\/pure-origin-brasilia-jauhettu-kahvi-250g\/"},"modified":"2026-05-04T16:16:14","modified_gmt":"2026-05-04T16:16:14","slug":"pure-origin-brasilia-jauhettu-kahvi-250g","status":"publish","type":"product","link":"https:\/\/www.delideli.zoner.dev\/fin\/tuote\/pure-origin-brasilia-jauhettu-kahvi-250g\/","title":{"rendered":"Pure Origin Brasilia, jauhettu kahvi 250g"},"content":{"rendered":"<p>T\u00e4m\u00e4 huolella valittu brasilialainen arabica-kahvi tulee maan parhaiden kahvinviljelij\u00f6iden tiloilta. Kahvin maussa on suklaan ja paahtuneiden p\u00e4hkin\u00f6iden vivahteita, ja kokonaisuus on pehme\u00e4n py\u00f6re\u00e4. Keskitumma paahto tuo esiin kahvin luontaisen makeuden mutta s\u00e4ilytt\u00e4\u00e4 sen hienostuneet aromit. Kahvi on erinomainen valinta aamuihin tai p\u00e4iv\u00e4kahville, ja se sopii erityisen hyvin suodatinkahvina nautittavaksi. Valmis jauhatus tekee kahvinvalmistuksesta vaivatonta.<\/p>\n","protected":false},"excerpt":{"rendered":"<p>Voimakkuus: 6\/12<br \/>\nPehme\u00e4 ja tasapainoinen brasilialainen kahvi. Makean suklainen aromi ja miellytt\u00e4v\u00e4 p\u00e4hkin\u00e4inen vivahde. Erinomainen aamukahvi.<\/p>\n","protected":false},"featured_media":140224,"comment_status":"open","ping_status":"open","template":"","meta":{"_acf_changed":false},"product_brand":[640],"product_cat":[679,694],"product_tag":[],"class_list":{"0":"post-141834","1":"product","2":"type-product","3":"status-publish","4":"has-post-thumbnail","6":"product_brand-lobodis","7":"product_cat-juomat","8":"product_cat-kahvit","9":"product_shipping_class-shipping-discount","10":"pa_alkuperamaa-ranska","12":"first","13":"instock","14":"taxable","15":"shipping-taxable","16":"purchasable","17":"product-type-simple","swatches":"rey-swatches","show_selected":""},"acf":[],"_links":{"self":[{"href":"https:\/\/www.delideli.zoner.dev\/fin\/wp-json\/wp\/v2\/product\/141834","targetHints":{"allow":["GET"]}}],"collection":[{"href":"https:\/\/www.delideli.zoner.dev\/fin\/wp-json\/wp\/v2\/product"}],"about":[{"href":"https:\/\/www.delideli.zoner.dev\/fin\/wp-json\/wp\/v2\/types\/product"}],"replies":[{"embeddable":true,"href":"https:\/\/www.delideli.zoner.dev\/fin\/wp-json\/wp\/v2\/comments?post=141834"}],"version-history":[{"count":0,"href":"https:\/\/www.delideli.zoner.dev\/fin\/wp-json\/wp\/v2\/product\/141834\/revisions"}],"wp:featuredmedia":[{"embeddable":true,"href":"https:\/\/www.delideli.zoner.dev\/fin\/wp-json\/wp\/v2\/media\/140224"}],"wp:attachment":[{"href":"https:\/\/www.delideli.zoner.dev\/fin\/wp-json\/wp\/v2\/media?parent=141834"}],"wp:term":[{"taxonomy":"product_brand","embeddable":true,"href":"https:\/\/www.delideli.zoner.dev\/fin\/wp-json\/wp\/v2\/product_brand?post=141834"},{"taxonomy":"product_cat","embeddable":true,"href":"https:\/\/www.delideli.zoner.dev\/fin\/wp-json\/wp\/v2\/product_cat?post=141834"},{"taxonomy":"product_tag","embeddable":true,"href":"https:\/\/www.delideli.zoner.dev\/fin\/wp-json\/wp\/v2\/product_tag?post=141834"}],"curies":[{"name":"wp","href":"https:\/\/api.w.org\/{rel}","templated":true}]}}