{"id":141838,"date":"2025-02-22T14:37:48","date_gmt":"2025-02-22T14:37:48","guid":{"rendered":"https:\/\/www.delideli.zoner.dev\/tuote\/luomu-yrttitee-uni-70g\/"},"modified":"2026-05-04T16:16:15","modified_gmt":"2026-05-04T16:16:15","slug":"luomu-yrttitee-uni-70g","status":"publish","type":"product","link":"https:\/\/www.delideli.zoner.dev\/fin\/tuote\/luomu-yrttitee-uni-70g\/","title":{"rendered":"Luomu yrttitee UNI 70g"},"content":{"rendered":"<p>Lempe\u00e4 yrttisekoitus, joka on suunniteltu edist\u00e4m\u00e4\u00e4n rauhallista unta ja rentoutumista. Kamomillan rauhoittavat ominaisuudet yhdistyv\u00e4t mintun viilent\u00e4v\u00e4\u00e4n vaikutukseen ja appelsiininlehtien aromaattiseen makuun. Irtotee on kofeiiniton ja luonnollinen valinta iltahetkiin. Miellytt\u00e4v\u00e4n pehme\u00e4 maku ja rauhoittava tuoksu auttavat siirtym\u00e4\u00e4n<\/p>\n","protected":false},"excerpt":{"rendered":"<p>Rauhoittava sekoitus kamomillaa, minttua ja appelsiininlehti\u00e4. T\u00e4ydellinen iltatee rentoutumiseen.<\/p>\n","protected":false},"featured_media":140228,"comment_status":"open","ping_status":"open","template":"","meta":{"_acf_changed":false},"product_brand":[640],"product_cat":[677,679,699,695],"product_tag":[174,175],"class_list":{"0":"post-141838","1":"product","2":"type-product","3":"status-publish","4":"has-post-thumbnail","6":"product_brand-lobodis","7":"product_cat-ajankohtaisia","8":"product_cat-juomat","9":"product_cat-luomutuotteet","10":"product_cat-teet","11":"product_tag-luomu","12":"product_tag-reilun-kauppa","13":"product_shipping_class-shipping-discount","14":"pa_alkuperamaa-ranska","15":"pa_ruokavalio-luomu","16":"pa_ruokavalio-reilu-kauppa","18":"first","19":"outofstock","20":"taxable","21":"shipping-taxable","22":"purchasable","23":"product-type-simple","swatches":"rey-swatches","show_selected":""},"acf":[],"_links":{"self":[{"href":"https:\/\/www.delideli.zoner.dev\/fin\/wp-json\/wp\/v2\/product\/141838","targetHints":{"allow":["GET"]}}],"collection":[{"href":"https:\/\/www.delideli.zoner.dev\/fin\/wp-json\/wp\/v2\/product"}],"about":[{"href":"https:\/\/www.delideli.zoner.dev\/fin\/wp-json\/wp\/v2\/types\/product"}],"replies":[{"embeddable":true,"href":"https:\/\/www.delideli.zoner.dev\/fin\/wp-json\/wp\/v2\/comments?post=141838"}],"version-history":[{"count":0,"href":"https:\/\/www.delideli.zoner.dev\/fin\/wp-json\/wp\/v2\/product\/141838\/revisions"}],"wp:featuredmedia":[{"embeddable":true,"href":"https:\/\/www.delideli.zoner.dev\/fin\/wp-json\/wp\/v2\/media\/140228"}],"wp:attachment":[{"href":"https:\/\/www.delideli.zoner.dev\/fin\/wp-json\/wp\/v2\/media?parent=141838"}],"wp:term":[{"taxonomy":"product_brand","embeddable":true,"href":"https:\/\/www.delideli.zoner.dev\/fin\/wp-json\/wp\/v2\/product_brand?post=141838"},{"taxonomy":"product_cat","embeddable":true,"href":"https:\/\/www.delideli.zoner.dev\/fin\/wp-json\/wp\/v2\/product_cat?post=141838"},{"taxonomy":"product_tag","embeddable":true,"href":"https:\/\/www.delideli.zoner.dev\/fin\/wp-json\/wp\/v2\/product_tag?post=141838"}],"curies":[{"name":"wp","href":"https:\/\/api.w.org\/{rel}","templated":true}]}}