{"id":141839,"date":"2025-02-22T14:39:25","date_gmt":"2025-02-22T14:39:25","guid":{"rendered":"https:\/\/www.delideli.zoner.dev\/tuote\/luomu-mate-tee-sitruuna-inkivaari-70g\/"},"modified":"2026-05-04T16:16:16","modified_gmt":"2026-05-04T16:16:16","slug":"luomu-mate-tee-sitruuna-inkivaari-70g","status":"publish","type":"product","link":"https:\/\/www.delideli.zoner.dev\/fin\/tuote\/luomu-mate-tee-sitruuna-inkivaari-70g\/","title":{"rendered":"Luomu mate tee sitruuna inkiv\u00e4\u00e4ri 70g"},"content":{"rendered":"<p>Energisoiva mate-tee saa lis\u00e4potkua inkiv\u00e4\u00e4rin ja sitruunan raikkaudesta. Mate tunnetaan luonnollisena energianl\u00e4hteen\u00e4, ja inkiv\u00e4\u00e4ri tuo juomaan l\u00e4mmitt\u00e4v\u00e4\u00e4 ter\u00e4vyytt\u00e4. Sitruunan kirpeys tasapainottaa kokonaisuuden raikkaaksi. T\u00e4m\u00e4 irtotee on erinomainen vaihtoehto kahville, kun kaipaat luonnollista piristyst\u00e4. Sopii erityisesti aamun aloitukseen tai iltap\u00e4iv\u00e4n energiatankkaukseen.<\/p>\n","protected":false},"excerpt":{"rendered":"<p>Energisoiva mate-tee inkiv\u00e4\u00e4rin ja sitruunan kanssa. Pirist\u00e4v\u00e4 ja maukas vaihtoehto kahville.<\/p>\n","protected":false},"featured_media":140230,"comment_status":"open","ping_status":"open","template":"","meta":{"_acf_changed":false},"product_brand":[640],"product_cat":[677,679,699,695],"product_tag":[174,175],"class_list":{"0":"post-141839","1":"product","2":"type-product","3":"status-publish","4":"has-post-thumbnail","6":"product_brand-lobodis","7":"product_cat-ajankohtaisia","8":"product_cat-juomat","9":"product_cat-luomutuotteet","10":"product_cat-teet","11":"product_tag-luomu","12":"product_tag-reilun-kauppa","13":"product_shipping_class-shipping-discount","14":"pa_alkuperamaa-ranska","15":"pa_ruokavalio-luomu","16":"pa_ruokavalio-reilu-kauppa","18":"first","19":"instock","20":"taxable","21":"shipping-taxable","22":"purchasable","23":"product-type-simple","swatches":"rey-swatches","show_selected":""},"acf":[],"_links":{"self":[{"href":"https:\/\/www.delideli.zoner.dev\/fin\/wp-json\/wp\/v2\/product\/141839","targetHints":{"allow":["GET"]}}],"collection":[{"href":"https:\/\/www.delideli.zoner.dev\/fin\/wp-json\/wp\/v2\/product"}],"about":[{"href":"https:\/\/www.delideli.zoner.dev\/fin\/wp-json\/wp\/v2\/types\/product"}],"replies":[{"embeddable":true,"href":"https:\/\/www.delideli.zoner.dev\/fin\/wp-json\/wp\/v2\/comments?post=141839"}],"version-history":[{"count":0,"href":"https:\/\/www.delideli.zoner.dev\/fin\/wp-json\/wp\/v2\/product\/141839\/revisions"}],"wp:featuredmedia":[{"embeddable":true,"href":"https:\/\/www.delideli.zoner.dev\/fin\/wp-json\/wp\/v2\/media\/140230"}],"wp:attachment":[{"href":"https:\/\/www.delideli.zoner.dev\/fin\/wp-json\/wp\/v2\/media?parent=141839"}],"wp:term":[{"taxonomy":"product_brand","embeddable":true,"href":"https:\/\/www.delideli.zoner.dev\/fin\/wp-json\/wp\/v2\/product_brand?post=141839"},{"taxonomy":"product_cat","embeddable":true,"href":"https:\/\/www.delideli.zoner.dev\/fin\/wp-json\/wp\/v2\/product_cat?post=141839"},{"taxonomy":"product_tag","embeddable":true,"href":"https:\/\/www.delideli.zoner.dev\/fin\/wp-json\/wp\/v2\/product_tag?post=141839"}],"curies":[{"name":"wp","href":"https:\/\/api.w.org\/{rel}","templated":true}]}}