{"id":141840,"date":"2025-02-22T14:41:58","date_gmt":"2025-02-22T14:41:58","guid":{"rendered":"https:\/\/www.delideli.zoner.dev\/tuote\/luomu-musta-tee-mango-ja-aprikoosi-80g\/"},"modified":"2026-05-04T16:16:16","modified_gmt":"2026-05-04T16:16:16","slug":"luomu-musta-tee-mango-ja-aprikoosi-80g","status":"publish","type":"product","link":"https:\/\/www.delideli.zoner.dev\/fin\/tuote\/luomu-musta-tee-mango-ja-aprikoosi-80g\/","title":{"rendered":"Luomu musta tee mango ja aprikoosi 80g"},"content":{"rendered":"<p>Herkullinen hedelm\u00e4inen musta tee, jossa aprikoosin makeus kohtaa mangon trooppisen aromikkuuden. Laadukas musta tee toimii t\u00e4ydellisen\u00e4 pohjana hedelm\u00e4isille vivahteille. Tee maistuu erinomaiselta sek\u00e4 kuumana ett\u00e4 j\u00e4\u00e4teen muodossa. Luonnolliset hedelm\u00e4iset aromit tekev\u00e4t teest\u00e4 erityisen houkuttelevan ja nautinnollisen. Sopii erinomaisesti iltap\u00e4iv\u00e4n teehetkiin tai j\u00e4lkiruokajuomaksi.<\/p>\n","protected":false},"excerpt":{"rendered":"<p>Hedelm\u00e4inen musta tee trooppisilla vivahteilla. Makean mehukas maku sopii nautittavaksi sek\u00e4 kuumana ett\u00e4 kylm\u00e4n\u00e4.<\/p>\n","protected":false},"featured_media":140232,"comment_status":"open","ping_status":"open","template":"","meta":{"_acf_changed":false},"product_brand":[640],"product_cat":[677,679,699,695],"product_tag":[174,175],"class_list":{"0":"post-141840","1":"product","2":"type-product","3":"status-publish","4":"has-post-thumbnail","6":"product_brand-lobodis","7":"product_cat-ajankohtaisia","8":"product_cat-juomat","9":"product_cat-luomutuotteet","10":"product_cat-teet","11":"product_tag-luomu","12":"product_tag-reilun-kauppa","13":"product_shipping_class-shipping-discount","14":"pa_alkuperamaa-ranska","15":"pa_ruokavalio-luomu","16":"pa_ruokavalio-reilu-kauppa","18":"first","19":"instock","20":"taxable","21":"shipping-taxable","22":"purchasable","23":"product-type-simple","swatches":"rey-swatches","show_selected":""},"acf":[],"_links":{"self":[{"href":"https:\/\/www.delideli.zoner.dev\/fin\/wp-json\/wp\/v2\/product\/141840","targetHints":{"allow":["GET"]}}],"collection":[{"href":"https:\/\/www.delideli.zoner.dev\/fin\/wp-json\/wp\/v2\/product"}],"about":[{"href":"https:\/\/www.delideli.zoner.dev\/fin\/wp-json\/wp\/v2\/types\/product"}],"replies":[{"embeddable":true,"href":"https:\/\/www.delideli.zoner.dev\/fin\/wp-json\/wp\/v2\/comments?post=141840"}],"version-history":[{"count":0,"href":"https:\/\/www.delideli.zoner.dev\/fin\/wp-json\/wp\/v2\/product\/141840\/revisions"}],"wp:featuredmedia":[{"embeddable":true,"href":"https:\/\/www.delideli.zoner.dev\/fin\/wp-json\/wp\/v2\/media\/140232"}],"wp:attachment":[{"href":"https:\/\/www.delideli.zoner.dev\/fin\/wp-json\/wp\/v2\/media?parent=141840"}],"wp:term":[{"taxonomy":"product_brand","embeddable":true,"href":"https:\/\/www.delideli.zoner.dev\/fin\/wp-json\/wp\/v2\/product_brand?post=141840"},{"taxonomy":"product_cat","embeddable":true,"href":"https:\/\/www.delideli.zoner.dev\/fin\/wp-json\/wp\/v2\/product_cat?post=141840"},{"taxonomy":"product_tag","embeddable":true,"href":"https:\/\/www.delideli.zoner.dev\/fin\/wp-json\/wp\/v2\/product_tag?post=141840"}],"curies":[{"name":"wp","href":"https:\/\/api.w.org\/{rel}","templated":true}]}}