{"id":141842,"date":"2025-02-22T14:44:57","date_gmt":"2025-02-22T14:44:57","guid":{"rendered":"https:\/\/www.delideli.zoner.dev\/tuote\/luomu-vihrea-tee-minttu-70g\/"},"modified":"2026-05-04T16:16:17","modified_gmt":"2026-05-04T16:16:17","slug":"luomu-vihrea-tee-minttu-70g","status":"publish","type":"product","link":"https:\/\/www.delideli.zoner.dev\/fin\/tuote\/luomu-vihrea-tee-minttu-70g\/","title":{"rendered":"Luomu vihre\u00e4 tee minttu 70g"},"content":{"rendered":"<p>Raikas ja kevyt vihre\u00e4n teen ja mintun yhdistelm\u00e4. Korkealaatuinen vihre\u00e4 tee tarjoaa hienostuneen pohjan, jota mintun viilent\u00e4v\u00e4 aromi t\u00e4ydent\u00e4\u00e4 t\u00e4ydellisesti. Irtotee on valmistettu huolella valituista raaka-aineista. Maussa yhdistyv\u00e4t vihre\u00e4n teen hennot kasviset vivahteet ja mintun raikas puhtaus. Sopii nautittavaksi mihin tahansa vuorokauden aikaan, ja on erityisen virkist\u00e4v\u00e4 kuumana kes\u00e4p\u00e4iv\u00e4n\u00e4 tai aterian j\u00e4lkeen.<\/p>\n","protected":false},"excerpt":{"rendered":"<p>Raikas vihre\u00e4 tee mintun kanssa. Virkist\u00e4v\u00e4 ja kevyt, sopii nautittavaksi pitkin p\u00e4iv\u00e4\u00e4.<\/p>\n","protected":false},"featured_media":140236,"comment_status":"open","ping_status":"open","template":"","meta":{"_acf_changed":false},"product_brand":[640],"product_cat":[677,679,699,695],"product_tag":[174,175],"class_list":{"0":"post-141842","1":"product","2":"type-product","3":"status-publish","4":"has-post-thumbnail","6":"product_brand-lobodis","7":"product_cat-ajankohtaisia","8":"product_cat-juomat","9":"product_cat-luomutuotteet","10":"product_cat-teet","11":"product_tag-luomu","12":"product_tag-reilun-kauppa","13":"product_shipping_class-shipping-discount","14":"pa_alkuperamaa-ranska","15":"pa_ruokavalio-luomu","16":"pa_ruokavalio-reilu-kauppa","18":"first","19":"instock","20":"taxable","21":"shipping-taxable","22":"purchasable","23":"product-type-simple","swatches":"rey-swatches","show_selected":""},"acf":[],"_links":{"self":[{"href":"https:\/\/www.delideli.zoner.dev\/fin\/wp-json\/wp\/v2\/product\/141842","targetHints":{"allow":["GET"]}}],"collection":[{"href":"https:\/\/www.delideli.zoner.dev\/fin\/wp-json\/wp\/v2\/product"}],"about":[{"href":"https:\/\/www.delideli.zoner.dev\/fin\/wp-json\/wp\/v2\/types\/product"}],"replies":[{"embeddable":true,"href":"https:\/\/www.delideli.zoner.dev\/fin\/wp-json\/wp\/v2\/comments?post=141842"}],"version-history":[{"count":0,"href":"https:\/\/www.delideli.zoner.dev\/fin\/wp-json\/wp\/v2\/product\/141842\/revisions"}],"wp:featuredmedia":[{"embeddable":true,"href":"https:\/\/www.delideli.zoner.dev\/fin\/wp-json\/wp\/v2\/media\/140236"}],"wp:attachment":[{"href":"https:\/\/www.delideli.zoner.dev\/fin\/wp-json\/wp\/v2\/media?parent=141842"}],"wp:term":[{"taxonomy":"product_brand","embeddable":true,"href":"https:\/\/www.delideli.zoner.dev\/fin\/wp-json\/wp\/v2\/product_brand?post=141842"},{"taxonomy":"product_cat","embeddable":true,"href":"https:\/\/www.delideli.zoner.dev\/fin\/wp-json\/wp\/v2\/product_cat?post=141842"},{"taxonomy":"product_tag","embeddable":true,"href":"https:\/\/www.delideli.zoner.dev\/fin\/wp-json\/wp\/v2\/product_tag?post=141842"}],"curies":[{"name":"wp","href":"https:\/\/api.w.org\/{rel}","templated":true}]}}