{"id":141843,"date":"2025-02-27T15:27:19","date_gmt":"2025-02-27T15:27:19","guid":{"rendered":"https:\/\/www.delideli.zoner.dev\/tuote\/ankanrasva-lasipurkki-320g\/"},"modified":"2026-05-04T16:16:17","modified_gmt":"2026-05-04T16:16:17","slug":"ankanrasva-lasipurkki-320g","status":"publish","type":"product","link":"https:\/\/www.delideli.zoner.dev\/fin\/tuote\/ankanrasva-lasipurkki-320g\/","title":{"rendered":"Ankanrasva lasipurkki 320g"},"content":{"rendered":"<p>Sama aito Godardin ankanrasva nyt k\u00e4tev\u00e4ss\u00e4 lasipurkissa. Ihanteellinen pommes sarladaiseen, confit-valmistukseen tai kasvisten paistamiseen perinteiseen ranskalaiseen tapaan.<\/p>\n","protected":false},"excerpt":{"rendered":"<p>Ankanrasva lasipurkissa \u2013 k\u00e4yt\u00e4nn\u00f6llinen ja uudelleenk\u00e4ytett\u00e4v\u00e4 pakkaus.<\/p>\n","protected":false},"featured_media":140238,"comment_status":"closed","ping_status":"open","template":"","meta":{"_acf_changed":false},"product_brand":[635],"product_cat":[729,676],"product_tag":[],"class_list":{"0":"post-141843","1":"product","2":"type-product","3":"status-publish","4":"has-post-thumbnail","6":"product_brand-godard","7":"product_cat-lihatuotteet","8":"product_cat-suolaiset","9":"pa_alkuperamaa-ranska","11":"first","12":"instock","13":"taxable","14":"shipping-taxable","15":"purchasable","16":"product-type-simple","swatches":"rey-swatches","show_selected":""},"acf":[],"_links":{"self":[{"href":"https:\/\/www.delideli.zoner.dev\/fin\/wp-json\/wp\/v2\/product\/141843","targetHints":{"allow":["GET"]}}],"collection":[{"href":"https:\/\/www.delideli.zoner.dev\/fin\/wp-json\/wp\/v2\/product"}],"about":[{"href":"https:\/\/www.delideli.zoner.dev\/fin\/wp-json\/wp\/v2\/types\/product"}],"replies":[{"embeddable":true,"href":"https:\/\/www.delideli.zoner.dev\/fin\/wp-json\/wp\/v2\/comments?post=141843"}],"version-history":[{"count":0,"href":"https:\/\/www.delideli.zoner.dev\/fin\/wp-json\/wp\/v2\/product\/141843\/revisions"}],"wp:featuredmedia":[{"embeddable":true,"href":"https:\/\/www.delideli.zoner.dev\/fin\/wp-json\/wp\/v2\/media\/140238"}],"wp:attachment":[{"href":"https:\/\/www.delideli.zoner.dev\/fin\/wp-json\/wp\/v2\/media?parent=141843"}],"wp:term":[{"taxonomy":"product_brand","embeddable":true,"href":"https:\/\/www.delideli.zoner.dev\/fin\/wp-json\/wp\/v2\/product_brand?post=141843"},{"taxonomy":"product_cat","embeddable":true,"href":"https:\/\/www.delideli.zoner.dev\/fin\/wp-json\/wp\/v2\/product_cat?post=141843"},{"taxonomy":"product_tag","embeddable":true,"href":"https:\/\/www.delideli.zoner.dev\/fin\/wp-json\/wp\/v2\/product_tag?post=141843"}],"curies":[{"name":"wp","href":"https:\/\/api.w.org\/{rel}","templated":true}]}}